{"id":3414,"date":"2025-03-12T14:09:52","date_gmt":"2025-03-12T19:09:52","guid":{"rendered":"https:\/\/see-ec.org\/wordpress\/?post_type=product&#038;p=3414"},"modified":"2025-03-12T14:11:17","modified_gmt":"2025-03-12T19:11:17","slug":"programa-experto-en-business-intelligence","status":"publish","type":"product","link":"https:\/\/see-ec.org\/wordpress\/producto\/programa-experto-en-business-intelligence\/","title":{"rendered":"Programa Experto en Business Intelligence"},"content":{"rendered":"<p>En el din\u00e1mico mundo empresarial actual, la capacidad de tomar decisiones informadas basadas en datos es crucial para el \u00e9xito. Los proyectos de inteligencia de negocios (BI) permiten a las empresas transformar datos en informaci\u00f3n \u00fatil, proporcionando insights valiosos para la toma de decisiones estrat\u00e9gicas. Sin embargo, implementar un proyecto de BI desde cero puede ser un desaf\u00edo complejo que requiere una comprensi\u00f3n integral de las diversas etapas y tecnolog\u00edas involucradas.<\/p>\n<p>Nuestro Programa Experto en Inteligencia de Negocios est\u00e1 dise\u00f1ado para equipar a los profesionales con las habilidades y conocimientos necesarios para llevar a cabo proyectos de BI exitosos. Desde entender la construcci\u00f3n de data warehouses hasta la creaci\u00f3n de dashboards interactivos enfocados en lo que la organizaci\u00f3n necesita, \u00a1este programa abarca todo el espectro del BI! Los participantes aprender\u00e1n sobre el gobierno de datos, el uso de herramientas de visualizaci\u00f3n como PowerBI y Apache Superset, y la importancia del storytelling con datos para comunicar insights de manera efectiva. Adem\u00e1s, conocemos que una barrera para la implmentaci\u00f3n de proyectos de BI suele ser el aspecto monetario, por lo que en el programa adem\u00e1s de PowerBI se aprender\u00e1 a usar Apache Superset que es hoy la herramienta gratuita m\u00e1s poderosa para BI.<\/p>\n<p>A QUI\u00c9N VA DIRIGIDO<\/p>\n<ul>\n<li>Jefes t\u00e9cnicos de departamentos de Inteligencia de negocios, Big Data, Ciencia de datos, Anal\u00edtica, Estad\u00edstica, Planificaci\u00f3n de Demanda, Riesgos o Finanzas.<\/li>\n<li>Especialistas de BI, Analistas de mercado, Analistas de datos, Cient\u00edficos(as) de datos, Analistas de datos financieros, de riesgos o abastecimiento entre otros.<\/li>\n<\/ul>\n<p>Objetivo<\/p>\n<ul>\n<li>Formar Expertos en implementar proyectos de BI<br \/>\nFormar expertos en inteligencia de negocios capaces de implementar proyectos de BI desde cero. Los participantes adquirir\u00e1n habilidades para entender y recomendar arquitecturas de datos, utilizar herramientas de visualizaci\u00f3n y adem\u00e1s desarrollar\u00e1n competencias en storytelling con datos para mejorar la comunicaci\u00f3n de insights dentro de sus organizaciones.<\/li>\n<li>Dominar un herramientas pagada (Microsoft PowerBI) y una gratuita (Apache Superset)<br \/>\nCapacitar a los participantes en el uso de una de las herramientas de BI m\u00e1s populares en el mundo: PowerBI. Esto complementado con la que es hoy la herramienta gratuita m\u00e1s poderosa para BI Apache Superset, de tal manera que el participante podr\u00e1 acomodarse a las necesidades de la organizaci\u00f3n en la que est\u00e9 implementando el proyecto.<\/li>\n<\/ul>\n<h3>Contenido:<\/h3>\n<ol>\n<li>Del c\u00f3mo las organizaciones explotan sus datos<\/li>\n<li>Fundamentos de Business Intelligence y An\u00e1lisis de datos<\/li>\n<li>Visualizaciones y generaci\u00f3n de insights usando Power BI<\/li>\n<li>Mastering Power BI: Desplegando un sistema de BI<\/li>\n<li>Data Storytelling<\/li>\n<li>Introducci\u00f3n a Bases de Datos<\/li>\n<li>Arquitecturas de datos y Data Warehousing: Introducci\u00f3n<\/li>\n<li>Entendiendo la infraestructura inform\u00e1tica de un proyecto de BI<\/li>\n<li>Visualizaciones y generaci\u00f3n de insights usando Apache Superset<\/li>\n<li>Mastering Apache Superset: Desplegando un sistema de BI<\/li>\n<li>Implementaci\u00f3n de proyectos de BI<\/li>\n<\/ol>\n","protected":false},"excerpt":{"rendered":"<p>En el din\u00e1mico mundo empresarial actual, la capacidad de tomar decisiones informadas basadas en datos es crucial para el \u00e9xito. Los proyectos de inteligencia de negocios (BI) permiten a las empresas transformar datos en informaci\u00f3n \u00fatil, proporcionando insights valiosos para la toma de decisiones estrat\u00e9gicas. Sin embargo, implementar un proyecto de BI desde cero puede ser un desaf\u00edo complejo que requiere una comprensi\u00f3n integral de las diversas etapas y tecnolog\u00edas involucradas. Nuestro Programa Experto en Inteligencia de Negocios est\u00e1 dise\u00f1ado para equipar a los profesionales con las habilidades y conocimientos necesarios para llevar a cabo proyectos de BI exitosos. Desde entender la construcci\u00f3n de data warehouses hasta la creaci\u00f3n de dashboards interactivos enfocados en lo que la organizaci\u00f3n necesita, \u00a1este programa abarca todo el espectro del BI! Los participantes aprender\u00e1n sobre el gobierno de datos, el uso de herramientas de visualizaci\u00f3n como PowerBI y Apache Superset, y la importancia del storytelling con datos para comunicar insights de manera efectiva. Adem\u00e1s, conocemos que una barrera para la implmentaci\u00f3n de proyectos de BI suele ser el aspecto monetario, por lo que en el programa adem\u00e1s de PowerBI se aprender\u00e1 a usar Apache Superset que es hoy la herramienta gratuita m\u00e1s poderosa para BI. A QUI\u00c9N VA DIRIGIDO Jefes t\u00e9cnicos de departamentos de Inteligencia de negocios, Big Data, Ciencia de datos, Anal\u00edtica, Estad\u00edstica, Planificaci\u00f3n de Demanda, Riesgos o Finanzas. Especialistas de BI, Analistas de mercado, Analistas de datos, Cient\u00edficos(as) de datos, Analistas de datos financieros, de riesgos o abastecimiento entre otros. Objetivo Formar Expertos en implementar proyectos de BI Formar expertos en inteligencia de negocios capaces de implementar proyectos de BI desde cero. Los participantes adquirir\u00e1n habilidades para entender y recomendar arquitecturas de datos, utilizar herramientas de visualizaci\u00f3n y adem\u00e1s desarrollar\u00e1n competencias en storytelling con datos para mejorar la comunicaci\u00f3n de insights dentro de sus organizaciones. Dominar un herramientas pagada (Microsoft PowerBI) y una gratuita (Apache Superset) Capacitar a los participantes en el uso de una de las herramientas de BI m\u00e1s populares en el mundo: PowerBI. Esto complementado con la que es hoy la herramienta gratuita m\u00e1s poderosa para BI Apache Superset, de tal manera que el participante podr\u00e1 acomodarse a las necesidades de la organizaci\u00f3n en la que est\u00e9 implementando el proyecto. Contenido: Del c\u00f3mo las organizaciones explotan sus datos Fundamentos de Business Intelligence y An\u00e1lisis de datos Visualizaciones y generaci\u00f3n de insights usando Power BI Mastering Power BI: Desplegando un sistema de BI Data Storytelling Introducci\u00f3n a Bases de Datos Arquitecturas de datos y Data Warehousing: Introducci\u00f3n Entendiendo la infraestructura inform\u00e1tica de un proyecto de BI Visualizaciones y generaci\u00f3n de insights usando Apache Superset Mastering Apache Superset: Desplegando un sistema de BI Implementaci\u00f3n de proyectos de BI<\/p>\n","protected":false},"featured_media":3416,"template":"","meta":{"nf_dc_page":"","content-type":"","om_disable_all_campaigns":false,"_uag_custom_page_level_css":"","_monsterinsights_skip_tracking":false,"_monsterinsights_sitenote_active":false,"_monsterinsights_sitenote_note":"","_monsterinsights_sitenote_category":0,"_uf_show_specific_survey":0,"_uf_disable_surveys":false},"product_brand":[],"product_cat":[34],"product_tag":[],"class_list":{"0":"post-3414","1":"product","2":"type-product","3":"status-publish","4":"has-post-thumbnail","6":"product_cat-bi-y-reporteria","8":"first","9":"outofstock","10":"shipping-taxable","11":"product-type-simple"},"aioseo_notices":[],"uagb_featured_image_src":{"full":["https:\/\/i0.wp.com\/see-ec.org\/wordpress\/wp-content\/uploads\/2025\/03\/PORTADA%404x.png?fit=4000%2C4000&ssl=1",4000,4000,false],"thumbnail":["https:\/\/i0.wp.com\/see-ec.org\/wordpress\/wp-content\/uploads\/2025\/03\/PORTADA%404x.png?resize=150%2C150&ssl=1",150,150,true],"medium":["https:\/\/i0.wp.com\/see-ec.org\/wordpress\/wp-content\/uploads\/2025\/03\/PORTADA%404x.png?fit=300%2C300&ssl=1",300,300,true],"medium_large":["https:\/\/i0.wp.com\/see-ec.org\/wordpress\/wp-content\/uploads\/2025\/03\/PORTADA%404x.png?fit=678%2C678&ssl=1",678,678,true],"large":["https:\/\/i0.wp.com\/see-ec.org\/wordpress\/wp-content\/uploads\/2025\/03\/PORTADA%404x.png?fit=678%2C678&ssl=1",678,678,true],"1536x1536":["https:\/\/i0.wp.com\/see-ec.org\/wordpress\/wp-content\/uploads\/2025\/03\/PORTADA%404x.png?fit=1536%2C1536&ssl=1",1536,1536,true],"2048x2048":["https:\/\/i0.wp.com\/see-ec.org\/wordpress\/wp-content\/uploads\/2025\/03\/PORTADA%404x.png?fit=2048%2C2048&ssl=1",2048,2048,true],"post-thumbnail":["https:\/\/i0.wp.com\/see-ec.org\/wordpress\/wp-content\/uploads\/2025\/03\/PORTADA%404x.png?resize=150%2C150&ssl=1",150,150,true],"gurukul-related":["https:\/\/i0.wp.com\/see-ec.org\/wordpress\/wp-content\/uploads\/2025\/03\/PORTADA%404x.png?resize=200%2C125&ssl=1",200,125,true],"woocommerce_thumbnail":["https:\/\/see-ec.org\/wordpress\/wp-content\/uploads\/2025\/03\/PORTADA@4x-300x300.png",300,300,true],"woocommerce_single":["https:\/\/see-ec.org\/wordpress\/wp-content\/uploads\/2025\/03\/PORTADA@4x.png",600,600,false],"woocommerce_gallery_thumbnail":["https:\/\/see-ec.org\/wordpress\/wp-content\/uploads\/2025\/03\/PORTADA@4x-100x100.png",100,100,true]},"uagb_author_info":{"display_name":"see.ecuador2","author_link":"https:\/\/see-ec.org\/wordpress\/author\/"},"uagb_comment_info":0,"uagb_excerpt":"En el din\u00e1mico mundo empresarial actual, la capacidad de tomar decisiones informadas basadas en datos es crucial para el \u00e9xito. Los proyectos de inteligencia de negocios (BI) permiten a las empresas transformar datos en informaci\u00f3n \u00fatil, proporcionando insights valiosos para la toma de decisiones estrat\u00e9gicas. Sin embargo, implementar un proyecto de BI desde cero puede&hellip;","jetpack_sharing_enabled":true,"_links":{"self":[{"href":"https:\/\/see-ec.org\/wordpress\/wp-json\/wp\/v2\/product\/3414","targetHints":{"allow":["GET"]}}],"collection":[{"href":"https:\/\/see-ec.org\/wordpress\/wp-json\/wp\/v2\/product"}],"about":[{"href":"https:\/\/see-ec.org\/wordpress\/wp-json\/wp\/v2\/types\/product"}],"wp:featuredmedia":[{"embeddable":true,"href":"https:\/\/see-ec.org\/wordpress\/wp-json\/wp\/v2\/media\/3416"}],"wp:attachment":[{"href":"https:\/\/see-ec.org\/wordpress\/wp-json\/wp\/v2\/media?parent=3414"}],"wp:term":[{"taxonomy":"product_brand","embeddable":true,"href":"https:\/\/see-ec.org\/wordpress\/wp-json\/wp\/v2\/product_brand?post=3414"},{"taxonomy":"product_cat","embeddable":true,"href":"https:\/\/see-ec.org\/wordpress\/wp-json\/wp\/v2\/product_cat?post=3414"},{"taxonomy":"product_tag","embeddable":true,"href":"https:\/\/see-ec.org\/wordpress\/wp-json\/wp\/v2\/product_tag?post=3414"}],"curies":[{"name":"wp","href":"https:\/\/api.w.org\/{rel}","templated":true}]}}