{"id":2276,"date":"2024-01-23T21:56:16","date_gmt":"2024-01-23T21:56:16","guid":{"rendered":"https:\/\/see-ec.org\/wordpress\/?post_type=product&#038;p=2276"},"modified":"2025-03-12T14:11:38","modified_gmt":"2025-03-12T19:11:38","slug":"manejo-datos-y-reporteria-con-r-de-cero-a-ninja","status":"publish","type":"product","link":"https:\/\/see-ec.org\/wordpress\/producto\/manejo-datos-y-reporteria-con-r-de-cero-a-ninja\/","title":{"rendered":"Manejo datos y reporter\u00eda con R de cero a ninja"},"content":{"rendered":"<p>La informaci\u00f3n es parte fundamental en la transformaci\u00f3n digital de la empresa, esta cultura de an\u00e1lisis y uso de la informaci\u00f3n para la toma de decisiones se ha expandido a todas las \u00e1reas de la organizaci\u00f3n y ahora ya no s\u00f3lo los departamentos de Data Science, Business Intelligence o Analytics sino que en todas las \u00e1reas los analistas deben conocer conceptos estad\u00edsticos y herramientas para an\u00e1lisis y automatizaci\u00f3n de reportes como R.<br \/>\nEste curso est\u00e1 dirigido a todos los que manejen informaci\u00f3n en cualquier \u00e1rea de la organizaci\u00f3n; al finalizar el curso el asistente podr\u00e1 desarrollar todo tipo de reportes planos desde R, de tal manera que pueda automatizar gran parte de su trabajo operativo y generar m\u00e1s valor a la instituci\u00f3n que pertenece; as\u00ed tambi\u00e9n tendr\u00e1 las herramientas necesarias para transformar y preparar los datos de la forma que requiera (esto es la primer parte de cualquier proyecto de Anal\u00edtica o Ciencia de Datos).<\/p>\n<h3>Contenido<\/h3>\n<ul>\n<li>Importar datos de diferentes fuentes (csv, excel, spss)<\/li>\n<li>Tipos de datos y operaciones b\u00e1sicas<\/li>\n<li>Data manipulation y Data wrangling: preparar y manejar datos para an\u00e1lisis y reportes con tidyverse (cadenas de caracteres, fechas, horas, factores, etc.)<\/li>\n<li>Construyendo funciones y modelos simples<\/li>\n<li>Bases de ggplot2 para creaci\u00f3n de gr\u00e1ficos est\u00e1ticos<\/li>\n<li>Visualizaci\u00f3n univariada de variables num\u00e9ricas, nominales, ordinales, series temporales, redes, etc.<\/li>\n<li>Explorar interacciones entre variables del mismo o diferente tipo de datos<\/li>\n<li>Gr\u00e1ficos din\u00e1micos con plotly<\/li>\n<li>Escribir documentos con formato en R usando RMarkdown<\/li>\n<li>Generar Reportes desde R a html, Word y power point<\/li>\n<li>Conectar RStudio y GitHub para controlar versiones de an\u00e1lisis y reportes<\/li>\n<\/ul>\n","protected":false},"excerpt":{"rendered":"<h3>Capacitador<\/h3>\n<h3>N\u00e9stor Monta\u00f1o, Mgtr.<\/h3>\n<p>Consultor privado con m\u00e1s de 10 a\u00f1os de experiencia en el sector privado desempe\u00f1ando cargos como Jefe de Planificaci\u00f3n de Demanda e Inteligencia de negocios y Planificaci\u00f3n de demanda, Data Scientist o especialista en el \u00e1rea matem\u00e1tico-estad\u00edstica o realizando consultor\u00edas en reconocidas empresas importadoras, mayoristas, de retail y consultoras.<br \/>\nEs Ingeniero y M\u00e1ster en estad\u00edstica (ambos realizados en ESPOL), miembro electo del directorio nacional de la Sociedad Ecuatoriana de Estad\u00edstica SEE y del R User Group Ecuador RUGE<br \/>\nAdem\u00e1s es capacitador de la Sociedad Ecuatoriana de Estad\u00edstica SEE y diversas instituciones en temas de estad\u00edstica, modelamiento estad\u00edsitco o mediante aprendizaje autom\u00e1tico, ciencia de datos e inteligencia artificial, esto mediante los lenguajes R o Python. Colabora constantemente con la academia a trav\u00e9s de participaciones en eventos<\/p>\n","protected":false},"featured_media":2278,"template":"","meta":{"nf_dc_page":"","content-type":"","om_disable_all_campaigns":false,"_uag_custom_page_level_css":"","_monsterinsights_skip_tracking":false,"_monsterinsights_sitenote_active":false,"_monsterinsights_sitenote_note":"","_monsterinsights_sitenote_category":0,"_uf_show_specific_survey":0,"_uf_disable_surveys":false},"product_brand":[],"product_cat":[34,43],"product_tag":[],"class_list":{"0":"post-2276","1":"product","2":"type-product","3":"status-publish","4":"has-post-thumbnail","6":"product_cat-bi-y-reporteria","7":"product_cat-r","9":"first","10":"outofstock","11":"shipping-taxable","12":"product-type-simple"},"aioseo_notices":[],"uagb_featured_image_src":{"full":["https:\/\/i0.wp.com\/see-ec.org\/wordpress\/wp-content\/uploads\/2024\/01\/MANEJO-DATOS-Y-REPORTERIA-CON-R-DE-CERO-A-NINJA.png?fit=1000%2C1000&ssl=1",1000,1000,false],"thumbnail":["https:\/\/i0.wp.com\/see-ec.org\/wordpress\/wp-content\/uploads\/2024\/01\/MANEJO-DATOS-Y-REPORTERIA-CON-R-DE-CERO-A-NINJA.png?resize=150%2C150&ssl=1",150,150,true],"medium":["https:\/\/i0.wp.com\/see-ec.org\/wordpress\/wp-content\/uploads\/2024\/01\/MANEJO-DATOS-Y-REPORTERIA-CON-R-DE-CERO-A-NINJA.png?fit=300%2C300&ssl=1",300,300,true],"medium_large":["https:\/\/i0.wp.com\/see-ec.org\/wordpress\/wp-content\/uploads\/2024\/01\/MANEJO-DATOS-Y-REPORTERIA-CON-R-DE-CERO-A-NINJA.png?fit=678%2C678&ssl=1",678,678,true],"large":["https:\/\/i0.wp.com\/see-ec.org\/wordpress\/wp-content\/uploads\/2024\/01\/MANEJO-DATOS-Y-REPORTERIA-CON-R-DE-CERO-A-NINJA.png?fit=678%2C678&ssl=1",678,678,true],"1536x1536":["https:\/\/i0.wp.com\/see-ec.org\/wordpress\/wp-content\/uploads\/2024\/01\/MANEJO-DATOS-Y-REPORTERIA-CON-R-DE-CERO-A-NINJA.png?fit=1000%2C1000&ssl=1",1000,1000,true],"2048x2048":["https:\/\/i0.wp.com\/see-ec.org\/wordpress\/wp-content\/uploads\/2024\/01\/MANEJO-DATOS-Y-REPORTERIA-CON-R-DE-CERO-A-NINJA.png?fit=1000%2C1000&ssl=1",1000,1000,true],"post-thumbnail":["https:\/\/i0.wp.com\/see-ec.org\/wordpress\/wp-content\/uploads\/2024\/01\/MANEJO-DATOS-Y-REPORTERIA-CON-R-DE-CERO-A-NINJA.png?resize=150%2C150&ssl=1",150,150,true],"gurukul-related":["https:\/\/i0.wp.com\/see-ec.org\/wordpress\/wp-content\/uploads\/2024\/01\/MANEJO-DATOS-Y-REPORTERIA-CON-R-DE-CERO-A-NINJA.png?resize=200%2C125&ssl=1",200,125,true],"woocommerce_thumbnail":["https:\/\/see-ec.org\/wordpress\/wp-content\/uploads\/2024\/01\/MANEJO-DATOS-Y-REPORTERIA-CON-R-DE-CERO-A-NINJA-300x300.png",300,300,true],"woocommerce_single":["https:\/\/see-ec.org\/wordpress\/wp-content\/uploads\/2024\/01\/MANEJO-DATOS-Y-REPORTERIA-CON-R-DE-CERO-A-NINJA.png",600,600,false],"woocommerce_gallery_thumbnail":["https:\/\/see-ec.org\/wordpress\/wp-content\/uploads\/2024\/01\/MANEJO-DATOS-Y-REPORTERIA-CON-R-DE-CERO-A-NINJA-100x100.png",100,100,true]},"uagb_author_info":{"display_name":"see.ecuador2","author_link":"https:\/\/see-ec.org\/wordpress\/author\/"},"uagb_comment_info":0,"uagb_excerpt":"Capacitador N\u00e9stor Monta\u00f1o, Mgtr. Consultor privado con m\u00e1s de 10 a\u00f1os de experiencia en el sector privado desempe\u00f1ando cargos como Jefe de Planificaci\u00f3n de Demanda e Inteligencia de negocios y Planificaci\u00f3n de demanda, Data Scientist o especialista en el \u00e1rea matem\u00e1tico-estad\u00edstica o realizando consultor\u00edas en reconocidas empresas importadoras, mayoristas, de retail y consultoras. Es Ingeniero&hellip;","jetpack_sharing_enabled":true,"_links":{"self":[{"href":"https:\/\/see-ec.org\/wordpress\/wp-json\/wp\/v2\/product\/2276","targetHints":{"allow":["GET"]}}],"collection":[{"href":"https:\/\/see-ec.org\/wordpress\/wp-json\/wp\/v2\/product"}],"about":[{"href":"https:\/\/see-ec.org\/wordpress\/wp-json\/wp\/v2\/types\/product"}],"wp:featuredmedia":[{"embeddable":true,"href":"https:\/\/see-ec.org\/wordpress\/wp-json\/wp\/v2\/media\/2278"}],"wp:attachment":[{"href":"https:\/\/see-ec.org\/wordpress\/wp-json\/wp\/v2\/media?parent=2276"}],"wp:term":[{"taxonomy":"product_brand","embeddable":true,"href":"https:\/\/see-ec.org\/wordpress\/wp-json\/wp\/v2\/product_brand?post=2276"},{"taxonomy":"product_cat","embeddable":true,"href":"https:\/\/see-ec.org\/wordpress\/wp-json\/wp\/v2\/product_cat?post=2276"},{"taxonomy":"product_tag","embeddable":true,"href":"https:\/\/see-ec.org\/wordpress\/wp-json\/wp\/v2\/product_tag?post=2276"}],"curies":[{"name":"wp","href":"https:\/\/api.w.org\/{rel}","templated":true}]}}