{"id":2273,"date":"2024-01-23T21:47:56","date_gmt":"2024-01-23T21:47:56","guid":{"rendered":"https:\/\/see-ec.org\/wordpress\/?post_type=product&#038;p=2273"},"modified":"2025-03-12T14:11:48","modified_gmt":"2025-03-12T19:11:48","slug":"manejo-de-datos-y-visualizacion-con-python","status":"publish","type":"product","link":"https:\/\/see-ec.org\/wordpress\/producto\/manejo-de-datos-y-visualizacion-con-python\/","title":{"rendered":"Manejo de datos y visualizaci\u00f3n con Python"},"content":{"rendered":"<p>Con este curso vamos a adentrarnos en el mundo de la programaci\u00f3n con Python.<br \/>\nPython es el lenguaje de programaci\u00f3n con mayor crecimiento en los \u00faltimos a\u00f1os y con mejores expectativas de futuro.<br \/>\nUna vez que completes este curso, podr\u00e1s construir peque\u00f1os programas que te ayuden en tu trabajo y estar\u00e1s preparado para tomar cursos de programaci\u00f3n m\u00e1s avanzados.<\/p>\n<h3>Contenido<\/h3>\n<ul>\n<li>Fundamentos de Programaci\u00f3n\n<ul>\n<li>Instalaci\u00f3n y configuraci\u00f3n del ambiente<\/li>\n<li>Spyder y Google Colab<\/li>\n<li>Operaciones b\u00e1sicas<\/li>\n<\/ul>\n<\/li>\n<li>Variables y Expresiones\n<ul>\n<li>Condiciones<\/li>\n<li>Estructuras de Control<\/li>\n<li>Estructuras de Datos<\/li>\n<li>Funciones<\/li>\n<li>Manipulaci\u00f3n de Datos<\/li>\n<\/ul>\n<\/li>\n<li>Uso de Librer\u00edas<\/li>\n<\/ul>\n","protected":false},"excerpt":{"rendered":"<h3>Capacitador<\/h3>\n<h3>Roberto Esteves, Ing.<\/h3>\n<p>Ing. Sistemas por vocaci\u00f3n y marketero por decisi\u00f3n, tiene +20 a\u00f1os de experiencia enMarketing Digital en banca, junto a manejo de innovaci\u00f3n y tecnolog\u00eda en \u00e1reas como medios de comunicaci\u00f3n y empresas de telecomunicaciones.<br \/>\nSubdirector del n\u00facleo Guayas de la Sociedad Ecuatoriana de Estad\u00edstica, cuenta con un Nanodegree de Udacity en Data Science, certificado por la SEE, IBM, Platzi en Ciencia de Datos.<br \/>\nConsultor de marketing y comunicaci\u00f3n, se ha dedicado al estudio del comportamiento de los usuarios en redes sociales para encontrar insights que permitan elaborar mejores campa\u00f1as.<\/p>\n","protected":false},"featured_media":2275,"template":"","meta":{"nf_dc_page":"","content-type":"","om_disable_all_campaigns":false,"_uag_custom_page_level_css":"","_monsterinsights_skip_tracking":false,"_monsterinsights_sitenote_active":false,"_monsterinsights_sitenote_note":"","_monsterinsights_sitenote_category":0,"_uf_show_specific_survey":0,"_uf_disable_surveys":false},"product_brand":[],"product_cat":[34,35,44],"product_tag":[],"class_list":{"0":"post-2273","1":"product","2":"type-product","3":"status-publish","4":"has-post-thumbnail","6":"product_cat-bi-y-reporteria","7":"product_cat-data-science","8":"product_cat-python","10":"first","11":"outofstock","12":"shipping-taxable","13":"product-type-simple"},"aioseo_notices":[],"uagb_featured_image_src":{"full":["https:\/\/i0.wp.com\/see-ec.org\/wordpress\/wp-content\/uploads\/2024\/01\/MANEJO-DE-DATOS-Y-VISUALIZACION-CON-PYTHON.png?fit=1000%2C1000&ssl=1",1000,1000,false],"thumbnail":["https:\/\/i0.wp.com\/see-ec.org\/wordpress\/wp-content\/uploads\/2024\/01\/MANEJO-DE-DATOS-Y-VISUALIZACION-CON-PYTHON.png?resize=150%2C150&ssl=1",150,150,true],"medium":["https:\/\/i0.wp.com\/see-ec.org\/wordpress\/wp-content\/uploads\/2024\/01\/MANEJO-DE-DATOS-Y-VISUALIZACION-CON-PYTHON.png?fit=300%2C300&ssl=1",300,300,true],"medium_large":["https:\/\/i0.wp.com\/see-ec.org\/wordpress\/wp-content\/uploads\/2024\/01\/MANEJO-DE-DATOS-Y-VISUALIZACION-CON-PYTHON.png?fit=678%2C678&ssl=1",678,678,true],"large":["https:\/\/i0.wp.com\/see-ec.org\/wordpress\/wp-content\/uploads\/2024\/01\/MANEJO-DE-DATOS-Y-VISUALIZACION-CON-PYTHON.png?fit=678%2C678&ssl=1",678,678,true],"1536x1536":["https:\/\/i0.wp.com\/see-ec.org\/wordpress\/wp-content\/uploads\/2024\/01\/MANEJO-DE-DATOS-Y-VISUALIZACION-CON-PYTHON.png?fit=1000%2C1000&ssl=1",1000,1000,true],"2048x2048":["https:\/\/i0.wp.com\/see-ec.org\/wordpress\/wp-content\/uploads\/2024\/01\/MANEJO-DE-DATOS-Y-VISUALIZACION-CON-PYTHON.png?fit=1000%2C1000&ssl=1",1000,1000,true],"post-thumbnail":["https:\/\/i0.wp.com\/see-ec.org\/wordpress\/wp-content\/uploads\/2024\/01\/MANEJO-DE-DATOS-Y-VISUALIZACION-CON-PYTHON.png?resize=150%2C150&ssl=1",150,150,true],"gurukul-related":["https:\/\/i0.wp.com\/see-ec.org\/wordpress\/wp-content\/uploads\/2024\/01\/MANEJO-DE-DATOS-Y-VISUALIZACION-CON-PYTHON.png?resize=200%2C125&ssl=1",200,125,true],"woocommerce_thumbnail":["https:\/\/see-ec.org\/wordpress\/wp-content\/uploads\/2024\/01\/MANEJO-DE-DATOS-Y-VISUALIZACION-CON-PYTHON-300x300.png",300,300,true],"woocommerce_single":["https:\/\/see-ec.org\/wordpress\/wp-content\/uploads\/2024\/01\/MANEJO-DE-DATOS-Y-VISUALIZACION-CON-PYTHON.png",600,600,false],"woocommerce_gallery_thumbnail":["https:\/\/see-ec.org\/wordpress\/wp-content\/uploads\/2024\/01\/MANEJO-DE-DATOS-Y-VISUALIZACION-CON-PYTHON-100x100.png",100,100,true]},"uagb_author_info":{"display_name":"see.ecuador2","author_link":"https:\/\/see-ec.org\/wordpress\/author\/"},"uagb_comment_info":0,"uagb_excerpt":"Capacitador Roberto Esteves, Ing. Ing. Sistemas por vocaci\u00f3n y marketero por decisi\u00f3n, tiene +20 a\u00f1os de experiencia enMarketing Digital en banca, junto a manejo de innovaci\u00f3n y tecnolog\u00eda en \u00e1reas como medios de comunicaci\u00f3n y empresas de telecomunicaciones. Subdirector del n\u00facleo Guayas de la Sociedad Ecuatoriana de Estad\u00edstica, cuenta con un Nanodegree de Udacity en&hellip;","jetpack_sharing_enabled":true,"_links":{"self":[{"href":"https:\/\/see-ec.org\/wordpress\/wp-json\/wp\/v2\/product\/2273","targetHints":{"allow":["GET"]}}],"collection":[{"href":"https:\/\/see-ec.org\/wordpress\/wp-json\/wp\/v2\/product"}],"about":[{"href":"https:\/\/see-ec.org\/wordpress\/wp-json\/wp\/v2\/types\/product"}],"wp:featuredmedia":[{"embeddable":true,"href":"https:\/\/see-ec.org\/wordpress\/wp-json\/wp\/v2\/media\/2275"}],"wp:attachment":[{"href":"https:\/\/see-ec.org\/wordpress\/wp-json\/wp\/v2\/media?parent=2273"}],"wp:term":[{"taxonomy":"product_brand","embeddable":true,"href":"https:\/\/see-ec.org\/wordpress\/wp-json\/wp\/v2\/product_brand?post=2273"},{"taxonomy":"product_cat","embeddable":true,"href":"https:\/\/see-ec.org\/wordpress\/wp-json\/wp\/v2\/product_cat?post=2273"},{"taxonomy":"product_tag","embeddable":true,"href":"https:\/\/see-ec.org\/wordpress\/wp-json\/wp\/v2\/product_tag?post=2273"}],"curies":[{"name":"wp","href":"https:\/\/api.w.org\/{rel}","templated":true}]}}