{"id":2270,"date":"2024-01-12T21:41:47","date_gmt":"2024-01-13T02:41:47","guid":{"rendered":"https:\/\/see-ec.org\/wordpress\/?post_type=product&#038;p=2270"},"modified":"2025-03-12T14:14:04","modified_gmt":"2025-03-12T19:14:04","slug":"machine-learning-sin-misterios","status":"publish","type":"product","link":"https:\/\/see-ec.org\/wordpress\/producto\/machine-learning-sin-misterios\/","title":{"rendered":"Machine Learning sin misterios"},"content":{"rendered":"<p><span style=\"font-weight: 400;\">Con este curso aprender\u00e1s los conceptos b\u00e1sicos del aprendizaje autom\u00e1tico a trav\u00e9s de una serie de lecciones creadas espec\u00edficamente para principiantes de este campo, adem\u00e1s de visualizaciones interactivas de tus datos y estudios de casos del mundo real. Adem\u00e1s de aprender nuevos conceptos, podr\u00e1s ponerlos en pr\u00e1ctica de inmediato con ejercicios de programaci\u00f3n guiados que te introducir\u00e1n a la implementaci\u00f3n de modelos de machine learning usando Python.<\/span><\/p>\n<h3>Contenido<\/h3>\n<ul>\n<li style=\"font-weight: 400;\" aria-level=\"1\"><span style=\"font-weight: 400;\">Metodolog\u00eda CRISP-DSM<\/span><\/li>\n<li style=\"font-weight: 400;\" aria-level=\"1\"><span style=\"font-weight: 400;\">Conceptos de Machine Learning<\/span><\/li>\n<li style=\"font-weight: 400;\" aria-level=\"1\"><span style=\"font-weight: 400;\">Tipos de Aprendizaje<\/span>\n<ul>\n<li style=\"font-weight: 400;\" aria-level=\"2\"><span style=\"font-weight: 400;\">Aprendizaje Supervisado<\/span>\n<ul>\n<li style=\"font-weight: 400;\" aria-level=\"3\"><span style=\"font-weight: 400;\">Regresi\u00f3n\u00a0<\/span><\/li>\n<li style=\"font-weight: 400;\" aria-level=\"3\"><span style=\"font-weight: 400;\">Clasificaci\u00f3n<\/span><\/li>\n<\/ul>\n<\/li>\n<li style=\"font-weight: 400;\" aria-level=\"2\"><span style=\"font-weight: 400;\">Aprendizaje No Supervisado<\/span>\n<ul>\n<li style=\"font-weight: 400;\" aria-level=\"3\"><span style=\"font-weight: 400;\">Cl\u00faster<\/span><\/li>\n<\/ul>\n<\/li>\n<\/ul>\n<\/li>\n<li style=\"font-weight: 400;\" aria-level=\"1\"><span style=\"font-weight: 400;\">Ajuste de Hiperpar\u00e1metros<\/span><\/li>\n<li style=\"font-weight: 400;\" aria-level=\"1\"><span style=\"font-weight: 400;\">Liber\u00edas de AutoML<\/span><\/li>\n<li style=\"font-weight: 400;\" aria-level=\"1\"><span style=\"font-weight: 400;\">Interpretabilidad de Algoritmos<\/span><\/li>\n<li style=\"font-weight: 400;\" aria-level=\"1\"><span style=\"font-weight: 400;\">Dise\u00f1o de Interfaces B\u00e1sicas de Sistemas de Machine Learning<\/span><\/li>\n<\/ul>\n","protected":false},"excerpt":{"rendered":"<h3>Capacitador<\/h3>\n<h3>Roberto Esteves, Ing.<\/h3>\n<p>Ing. Sistemas por vocaci\u00f3n y marketero por decisi\u00f3n, tiene +20 a\u00f1os de experiencia enMarketing Digital en banca, junto a manejo de innovaci\u00f3n y tecnolog\u00eda en \u00e1reas como medios de comunicaci\u00f3n y empresas de telecomunicaciones.<br \/>\nSubdirector del n\u00facleo Guayas de la Sociedad Ecuatoriana de Estad\u00edstica, cuenta con un Nanodegree de Udacity en Data Science, certificado por la SEE, IBM, Platzi en Ciencia de Datos.<br \/>\nConsultor de marketing y comunicaci\u00f3n, se ha dedicado al estudio del comportamiento de los usuarios en redes sociales para encontrar insights que permitan elaborar mejores campa\u00f1as.<\/p>\n","protected":false},"featured_media":2272,"template":"","meta":{"nf_dc_page":"","content-type":"","om_disable_all_campaigns":false,"_uag_custom_page_level_css":"","_monsterinsights_skip_tracking":false,"_monsterinsights_sitenote_active":false,"_monsterinsights_sitenote_note":"","_monsterinsights_sitenote_category":0,"_uf_show_specific_survey":0,"_uf_disable_surveys":false},"product_brand":[],"product_cat":[35],"product_tag":[],"class_list":{"0":"post-2270","1":"product","2":"type-product","3":"status-publish","4":"has-post-thumbnail","6":"product_cat-data-science","8":"first","9":"outofstock","10":"shipping-taxable","11":"product-type-simple"},"aioseo_notices":[],"uagb_featured_image_src":{"full":["https:\/\/i0.wp.com\/see-ec.org\/wordpress\/wp-content\/uploads\/2024\/01\/MACHINE-LEARNING-SIN-MISTERIOS.png?fit=1000%2C1000&ssl=1",1000,1000,false],"thumbnail":["https:\/\/i0.wp.com\/see-ec.org\/wordpress\/wp-content\/uploads\/2024\/01\/MACHINE-LEARNING-SIN-MISTERIOS.png?resize=150%2C150&ssl=1",150,150,true],"medium":["https:\/\/i0.wp.com\/see-ec.org\/wordpress\/wp-content\/uploads\/2024\/01\/MACHINE-LEARNING-SIN-MISTERIOS.png?fit=300%2C300&ssl=1",300,300,true],"medium_large":["https:\/\/i0.wp.com\/see-ec.org\/wordpress\/wp-content\/uploads\/2024\/01\/MACHINE-LEARNING-SIN-MISTERIOS.png?fit=678%2C678&ssl=1",678,678,true],"large":["https:\/\/i0.wp.com\/see-ec.org\/wordpress\/wp-content\/uploads\/2024\/01\/MACHINE-LEARNING-SIN-MISTERIOS.png?fit=678%2C678&ssl=1",678,678,true],"1536x1536":["https:\/\/i0.wp.com\/see-ec.org\/wordpress\/wp-content\/uploads\/2024\/01\/MACHINE-LEARNING-SIN-MISTERIOS.png?fit=1000%2C1000&ssl=1",1000,1000,true],"2048x2048":["https:\/\/i0.wp.com\/see-ec.org\/wordpress\/wp-content\/uploads\/2024\/01\/MACHINE-LEARNING-SIN-MISTERIOS.png?fit=1000%2C1000&ssl=1",1000,1000,true],"post-thumbnail":["https:\/\/i0.wp.com\/see-ec.org\/wordpress\/wp-content\/uploads\/2024\/01\/MACHINE-LEARNING-SIN-MISTERIOS.png?resize=150%2C150&ssl=1",150,150,true],"gurukul-related":["https:\/\/i0.wp.com\/see-ec.org\/wordpress\/wp-content\/uploads\/2024\/01\/MACHINE-LEARNING-SIN-MISTERIOS.png?resize=200%2C125&ssl=1",200,125,true],"woocommerce_thumbnail":["https:\/\/see-ec.org\/wordpress\/wp-content\/uploads\/2024\/01\/MACHINE-LEARNING-SIN-MISTERIOS-300x300.png",300,300,true],"woocommerce_single":["https:\/\/see-ec.org\/wordpress\/wp-content\/uploads\/2024\/01\/MACHINE-LEARNING-SIN-MISTERIOS.png",600,600,false],"woocommerce_gallery_thumbnail":["https:\/\/see-ec.org\/wordpress\/wp-content\/uploads\/2024\/01\/MACHINE-LEARNING-SIN-MISTERIOS-100x100.png",100,100,true]},"uagb_author_info":{"display_name":"see.ecuador2","author_link":"https:\/\/see-ec.org\/wordpress\/author\/"},"uagb_comment_info":0,"uagb_excerpt":"Capacitador Roberto Esteves, Ing. Ing. Sistemas por vocaci\u00f3n y marketero por decisi\u00f3n, tiene +20 a\u00f1os de experiencia enMarketing Digital en banca, junto a manejo de innovaci\u00f3n y tecnolog\u00eda en \u00e1reas como medios de comunicaci\u00f3n y empresas de telecomunicaciones. Subdirector del n\u00facleo Guayas de la Sociedad Ecuatoriana de Estad\u00edstica, cuenta con un Nanodegree de Udacity en&hellip;","jetpack_sharing_enabled":true,"_links":{"self":[{"href":"https:\/\/see-ec.org\/wordpress\/wp-json\/wp\/v2\/product\/2270","targetHints":{"allow":["GET"]}}],"collection":[{"href":"https:\/\/see-ec.org\/wordpress\/wp-json\/wp\/v2\/product"}],"about":[{"href":"https:\/\/see-ec.org\/wordpress\/wp-json\/wp\/v2\/types\/product"}],"wp:featuredmedia":[{"embeddable":true,"href":"https:\/\/see-ec.org\/wordpress\/wp-json\/wp\/v2\/media\/2272"}],"wp:attachment":[{"href":"https:\/\/see-ec.org\/wordpress\/wp-json\/wp\/v2\/media?parent=2270"}],"wp:term":[{"taxonomy":"product_brand","embeddable":true,"href":"https:\/\/see-ec.org\/wordpress\/wp-json\/wp\/v2\/product_brand?post=2270"},{"taxonomy":"product_cat","embeddable":true,"href":"https:\/\/see-ec.org\/wordpress\/wp-json\/wp\/v2\/product_cat?post=2270"},{"taxonomy":"product_tag","embeddable":true,"href":"https:\/\/see-ec.org\/wordpress\/wp-json\/wp\/v2\/product_tag?post=2270"}],"curies":[{"name":"wp","href":"https:\/\/api.w.org\/{rel}","templated":true}]}}