{"id":2261,"date":"2024-01-23T21:20:59","date_gmt":"2024-01-23T21:20:59","guid":{"rendered":"https:\/\/see-ec.org\/wordpress\/?post_type=product&#038;p=2261"},"modified":"2025-03-12T14:14:56","modified_gmt":"2025-03-12T19:14:56","slug":"inteligencia-de-negocios-con-power-bi","status":"publish","type":"product","link":"https:\/\/see-ec.org\/wordpress\/producto\/inteligencia-de-negocios-con-power-bi\/","title":{"rendered":"Inteligencia de negocios con Power BI"},"content":{"rendered":"<p><span style=\"font-weight: 400;\">PowerBI es una herramienta de Inteligencia de Negocios desarrollada por Microsoft que brinda servicios de an\u00e1lisis de datos en la nube permitiendo visualizaciones din\u00e1micas de la informaci\u00f3n de una forma sencilla y din\u00e1mica. Posee herramientas de an\u00e1lisis empresariales que pone el conocimiento al alcance de toda la organizaci\u00f3n, permite la conexi\u00f3n a cientos de or\u00edgenes de datos, preparaci\u00f3n de datos simplificada, generaci\u00f3n de an\u00e1lisis e informes que luego se publican para provecho de la organizaci\u00f3n en la Web y en dispositivos m\u00f3viles con una perspectiva empresarial\u00a0 eficiente y \u00f3ptima.<\/span><\/p>\n<p><span style=\"font-weight: 400;\">Inteligencia de Negocios (Business Intelligence &#8211; BI), es el conjunto de t\u00e9cnicas, m\u00e9todos, procesos y miner\u00eda o explotaci\u00f3n de datos que transforman datos recopilados de la empresa en informaci\u00f3n importante y relevante para facilitar la toma de decisi\u00f3n gerencial aportando m\u00faltiples ventajas y beneficios a las empresas que la aplican y convirti\u00e9ndose en un factor clave para mejorar la competitividad de las empresas. Entre las principales ventajas y beneficios podemos nombrar las siguientes:<\/span><\/p>\n<ul>\n<li style=\"font-weight: 400;\" aria-level=\"1\"><span style=\"font-weight: 400;\">Reducci\u00f3n de costes, mayor eficiencia<\/span><\/li>\n<li style=\"font-weight: 400;\" aria-level=\"1\"><span style=\"font-weight: 400;\">M\u00e1s capacidad para tomar decisiones<\/span><\/li>\n<li style=\"font-weight: 400;\" aria-level=\"1\"><span style=\"font-weight: 400;\">Mejor capacidad de respuesta<\/span><\/li>\n<li style=\"font-weight: 400;\" aria-level=\"1\"><span style=\"font-weight: 400;\">Mayor visibilidad mejor comprensi\u00f3n del negocio<\/span><\/li>\n<li style=\"font-weight: 400;\" aria-level=\"1\"><span style=\"font-weight: 400;\">Aplicaci\u00f3n de m\u00e9todos y t\u00e9cnicas estad\u00edsticas<\/span><\/li>\n<li style=\"font-weight: 400;\" aria-level=\"1\"><span style=\"font-weight: 400;\">Mejor control sobre las \u00e1reas funcionales de la empresa<\/span><\/li>\n<\/ul>\n<p>El estudiante durante este curso podr\u00e1 analizar bases de datos a trav\u00e9s de visualizaciones din\u00e1micas, implementando m\u00e9tricas clave para la toma de decisiones y gr\u00e1ficos din\u00e1micos con la opci\u00f3n de publicarlo en la web.<\/p>\n<h3>Contenido<\/h3>\n<ul>\n<li>Introducci\u00f3n a Inteligencia de negocios y Power BI\n<ul>\n<li>Conceptos claves en Inteligencia de negocios<\/li>\n<li>Descarga e Instalaci\u00f3n de Power BI Desktop<\/li>\n<li>Qu\u00e9 es Power BI Desktop, mobile, Embedded, Power BI Pro, Premiun, Servidor de Informes de Power BI, Power BI service cloud<\/li>\n<\/ul>\n<\/li>\n<li>Power BI + Excel\n<ul>\n<li>De Power Pivot y Power View a Power BI<\/li>\n<\/ul>\n<\/li>\n<li>Importaci\u00f3n, Preparaci\u00f3n de datos\n<ul>\n<li>Conexi\u00f3n a una gran variedad de fuentes de datos locales y en la nube<\/li>\n<li>Editor de consultas (Power Query Editor):\n<ul>\n<li>Enter Data, Administar Parameters, columns y rows<\/li>\n<li>Combinar datos: Merge Queries, Append Queries<\/li>\n<li>Depuraci\u00f3n y Transformaciones de datos<\/li>\n<\/ul>\n<\/li>\n<li>Extract vs Direct Query<\/li>\n<li>Puerta de enlace personal<\/li>\n<\/ul>\n<\/li>\n<li>Panel Modelamiento de datos\n<ul>\n<li>Administrar tablas y relaciones<\/li>\n<li>Administrar roles<\/li>\n<\/ul>\n<\/li>\n<li>Panel Data y Fields\n<ul>\n<li>Crear tablas y columnas<\/li>\n<li>Dimensiones de tiempo<\/li>\n<li>Crear dimensiones y medidas calculadas<\/li>\n<li>Crear medida r\u00e1pida<\/li>\n<li>Jerarqu\u00edas<\/li>\n<\/ul>\n<\/li>\n<li>Uso de Funciones DAX (Data Analysis Expressions)\n<ul>\n<li>Introducci\u00f3n a DAX<\/li>\n<li>Funciones DAX<\/li>\n<li>Variables y expresiones DAX<\/li>\n<li>Relaciones DAX<\/li>\n<li>Filtrado y tablas DAX<\/li>\n<\/ul>\n<\/li>\n<li>Panel Reportes y Visualizaciones\n<ul>\n<li>Gr\u00e1ficos simples y compuestos<\/li>\n<li>Tablas y matrices<\/li>\n<li>Par\u00e1metros<\/li>\n<li>Gr\u00e1ficos combinados<\/li>\n<li>Segmentaci\u00f3n<\/li>\n<li>Mapas<\/li>\n<li>Interacciones entre visualizaci\u00f3n<\/li>\n<li>Import from Marketplace<\/li>\n<li>Integrar R con Power BI<\/li>\n<\/ul>\n<\/li>\n<li>Informes y cuadros de mando\n<ul>\n<li>Generar informes y cuadros de mando<\/li>\n<li>Filtros<\/li>\n<\/ul>\n<\/li>\n<li>Interactividad de reportes\n<ul>\n<li>Generaci\u00f3n de botones din\u00e1micos<\/li>\n<li>Integraci\u00f3n de URL interactivas<\/li>\n<li>Uso y manejo de marcadores para interacci\u00f3n de botones<\/li>\n<li>Integraci\u00f3n de c\u00f3digos HTML<\/li>\n<\/ul>\n<\/li>\n<li>Publicaci\u00f3n y uso compartido\n<ul>\n<li>Paquetes de contenido<\/li>\n<li>Publicar informes de Power BI Desktop en Power BI pro<\/li>\n<li>Imprimir o exportar informes o paneles<\/li>\n<li>Layout de Power BI mobile<\/li>\n<li>Publicar en web<\/li>\n<\/ul>\n<\/li>\n<\/ul>\n","protected":false},"excerpt":{"rendered":"<h3><span style=\"font-size: 18.72px;\">Capacitadora<\/span><\/h3>\n<h3><strong>Karen Calva, Ing.<\/strong><\/h3>\n<p><span style=\"font-weight: 400;\">Es ingeniera matem\u00e1tica especializada en Ciencia de Datos y Cloud Computing. Actualmente, es jefa de aprendizaje autom\u00e1tico en Kushki y docente. Tiene experiencia en miner\u00eda de datos, visualizaci\u00f3n, modelos de aprendizaje autom\u00e1tico, geo-estad\u00edstica, gesti\u00f3n de procesos y log\u00edstica para el levantamiento de informaci\u00f3n, desarrollo de aplicativos webs con motores anal\u00edticos. Imparte cursos de software R y an\u00e1lisis de datos. Conferencista activa, presenta sus investigaciones en varios eventos y revistas.<\/span><\/p>\n","protected":false},"featured_media":2263,"template":"","meta":{"nf_dc_page":"","content-type":"","om_disable_all_campaigns":false,"_uag_custom_page_level_css":"","_monsterinsights_skip_tracking":false,"_monsterinsights_sitenote_active":false,"_monsterinsights_sitenote_note":"","_monsterinsights_sitenote_category":0,"_uf_show_specific_survey":0,"_uf_disable_surveys":false},"product_brand":[],"product_cat":[34,46],"product_tag":[],"class_list":{"0":"post-2261","1":"product","2":"type-product","3":"status-publish","4":"has-post-thumbnail","6":"product_cat-bi-y-reporteria","7":"product_cat-power-bi","9":"first","10":"outofstock","11":"shipping-taxable","12":"product-type-simple"},"aioseo_notices":[],"uagb_featured_image_src":{"full":["https:\/\/i0.wp.com\/see-ec.org\/wordpress\/wp-content\/uploads\/2024\/01\/INTELIGENCIA-DE-NEGOCIOS-CON-POWER-BI.png?fit=1000%2C1000&ssl=1",1000,1000,false],"thumbnail":["https:\/\/i0.wp.com\/see-ec.org\/wordpress\/wp-content\/uploads\/2024\/01\/INTELIGENCIA-DE-NEGOCIOS-CON-POWER-BI.png?resize=150%2C150&ssl=1",150,150,true],"medium":["https:\/\/i0.wp.com\/see-ec.org\/wordpress\/wp-content\/uploads\/2024\/01\/INTELIGENCIA-DE-NEGOCIOS-CON-POWER-BI.png?fit=300%2C300&ssl=1",300,300,true],"medium_large":["https:\/\/i0.wp.com\/see-ec.org\/wordpress\/wp-content\/uploads\/2024\/01\/INTELIGENCIA-DE-NEGOCIOS-CON-POWER-BI.png?fit=678%2C678&ssl=1",678,678,true],"large":["https:\/\/i0.wp.com\/see-ec.org\/wordpress\/wp-content\/uploads\/2024\/01\/INTELIGENCIA-DE-NEGOCIOS-CON-POWER-BI.png?fit=678%2C678&ssl=1",678,678,true],"1536x1536":["https:\/\/i0.wp.com\/see-ec.org\/wordpress\/wp-content\/uploads\/2024\/01\/INTELIGENCIA-DE-NEGOCIOS-CON-POWER-BI.png?fit=1000%2C1000&ssl=1",1000,1000,true],"2048x2048":["https:\/\/i0.wp.com\/see-ec.org\/wordpress\/wp-content\/uploads\/2024\/01\/INTELIGENCIA-DE-NEGOCIOS-CON-POWER-BI.png?fit=1000%2C1000&ssl=1",1000,1000,true],"post-thumbnail":["https:\/\/i0.wp.com\/see-ec.org\/wordpress\/wp-content\/uploads\/2024\/01\/INTELIGENCIA-DE-NEGOCIOS-CON-POWER-BI.png?resize=150%2C150&ssl=1",150,150,true],"gurukul-related":["https:\/\/i0.wp.com\/see-ec.org\/wordpress\/wp-content\/uploads\/2024\/01\/INTELIGENCIA-DE-NEGOCIOS-CON-POWER-BI.png?resize=200%2C125&ssl=1",200,125,true],"woocommerce_thumbnail":["https:\/\/see-ec.org\/wordpress\/wp-content\/uploads\/2024\/01\/INTELIGENCIA-DE-NEGOCIOS-CON-POWER-BI-300x300.png",300,300,true],"woocommerce_single":["https:\/\/see-ec.org\/wordpress\/wp-content\/uploads\/2024\/01\/INTELIGENCIA-DE-NEGOCIOS-CON-POWER-BI.png",600,600,false],"woocommerce_gallery_thumbnail":["https:\/\/see-ec.org\/wordpress\/wp-content\/uploads\/2024\/01\/INTELIGENCIA-DE-NEGOCIOS-CON-POWER-BI-100x100.png",100,100,true]},"uagb_author_info":{"display_name":"see.ecuador2","author_link":"https:\/\/see-ec.org\/wordpress\/author\/"},"uagb_comment_info":0,"uagb_excerpt":"Capacitadora Karen Calva, Ing. Es ingeniera matem\u00e1tica especializada en Ciencia de Datos y Cloud Computing. Actualmente, es jefa de aprendizaje autom\u00e1tico en Kushki y docente. Tiene experiencia en miner\u00eda de datos, visualizaci\u00f3n, modelos de aprendizaje autom\u00e1tico, geo-estad\u00edstica, gesti\u00f3n de procesos y log\u00edstica para el levantamiento de informaci\u00f3n, desarrollo de aplicativos webs con motores anal\u00edticos. Imparte&hellip;","jetpack_sharing_enabled":true,"_links":{"self":[{"href":"https:\/\/see-ec.org\/wordpress\/wp-json\/wp\/v2\/product\/2261","targetHints":{"allow":["GET"]}}],"collection":[{"href":"https:\/\/see-ec.org\/wordpress\/wp-json\/wp\/v2\/product"}],"about":[{"href":"https:\/\/see-ec.org\/wordpress\/wp-json\/wp\/v2\/types\/product"}],"wp:featuredmedia":[{"embeddable":true,"href":"https:\/\/see-ec.org\/wordpress\/wp-json\/wp\/v2\/media\/2263"}],"wp:attachment":[{"href":"https:\/\/see-ec.org\/wordpress\/wp-json\/wp\/v2\/media?parent=2261"}],"wp:term":[{"taxonomy":"product_brand","embeddable":true,"href":"https:\/\/see-ec.org\/wordpress\/wp-json\/wp\/v2\/product_brand?post=2261"},{"taxonomy":"product_cat","embeddable":true,"href":"https:\/\/see-ec.org\/wordpress\/wp-json\/wp\/v2\/product_cat?post=2261"},{"taxonomy":"product_tag","embeddable":true,"href":"https:\/\/see-ec.org\/wordpress\/wp-json\/wp\/v2\/product_tag?post=2261"}],"curies":[{"name":"wp","href":"https:\/\/api.w.org\/{rel}","templated":true}]}}