{"id":2258,"date":"2024-01-23T20:41:08","date_gmt":"2024-01-23T20:41:08","guid":{"rendered":"https:\/\/see-ec.org\/wordpress\/?post_type=product&#038;p=2258"},"modified":"2025-03-12T14:15:12","modified_gmt":"2025-03-12T19:15:12","slug":"usando-base-de-datos-de-mas-de-un-millon-de-filas-con-excel-y-power-pivot","status":"publish","type":"product","link":"https:\/\/see-ec.org\/wordpress\/producto\/usando-base-de-datos-de-mas-de-un-millon-de-filas-con-excel-y-power-pivot\/","title":{"rendered":"Usando base de datos de m\u00e1s de un mill\u00f3n de filas con Excel y Power Pivot"},"content":{"rendered":"<p><span style=\"font-weight: 400;\">\u00a1Eleva tu nivel de conocimiento en Excel!, en este curso podr\u00e1s resolver el problema actual de las organizaciones que s\u00f3lo almacenan una gran cantidad de datos y no pueden procesarlos.<\/span><\/p>\n<p><span style=\"font-weight: 400;\">Power Pivot es la alternativa para hacer an\u00e1lisis de datos sofisticados sin salir de Excel. Supera tus l\u00edmites extrayendo, combinando y transformando grandes vol\u00famenes de datos, y convi\u00e9rtelos en una fuente \u00fatil de informaci\u00f3n para la toma de decisiones.<\/span><\/p>\n<h3>Contenido:<\/h3>\n<ul>\n<li>Introducci\u00f3n a Inteligencia de negocios con Power Pivot\n<ul>\n<li><span style=\"font-weight: 400;\">Conceptos claves en Inteligencia de negocios<\/span><\/li>\n<li>Configuraci\u00f3n de Power Pivot<\/li>\n<li>Qu\u00e9 es Power Pivot, Power Query<\/li>\n<\/ul>\n<\/li>\n<li>Funciones claves en Excel\n<ul>\n<li>Funciones de B\u00fasqueda y Referencias<\/li>\n<li>Funciones de Fechas y Horas<\/li>\n<li>Funciones de Bases de Datos<\/li>\n<li>Funciones de Texto<\/li>\n<\/ul>\n<\/li>\n<li>Tablas din\u00e1micas\n<ul>\n<li>Introducci\u00f3n de Tablas Din\u00e1micas<\/li>\n<li>Configuraci\u00f3n de Tablas Din\u00e1micas<\/li>\n<li>Gr\u00e1ficos Din\u00e1micos<\/li>\n<li>Configuraci\u00f3n de campos en tablas din\u00e1micas<\/li>\n<\/ul>\n<\/li>\n<li>Modelamiento de Datos y Tablas Relacionales\n<ul>\n<li>Introducci\u00f3n a Bases de Datos<\/li>\n<li>Tablas transaccionales de m\u00e1s de 1 mill\u00f3n filas<\/li>\n<li>Tablas y Campos<\/li>\n<li>Tipos de Datos<\/li>\n<li>Tipos de Relaciones<\/li>\n<\/ul>\n<\/li>\n<li>Conexi\u00f3n a una gran variedad de fuentes de datos locales y en la nube\n<ul>\n<li>Editor de consultas (Power Query Editor)<\/li>\n<li>Importaci\u00f3n, Preparaci\u00f3n de datos<\/li>\n<li>Carga de millones de registros<\/li>\n<\/ul>\n<\/li>\n<li>Power Pivot I\n<ul>\n<li>Agregar datos a Power Pivot<\/li>\n<li>Creaci\u00f3n de Medidas con DAX<\/li>\n<li>Creaci\u00f3n de KPI\u2019s<\/li>\n<li>Agregar al modelo de datos<\/li>\n<\/ul>\n<\/li>\n<li>Power Pivot II\n<ul>\n<li>Identificaci\u00f3n de Relaciones en el modelo de datos<\/li>\n<li>Creaci\u00f3n de columnas<\/li>\n<li>Tablas din\u00e1micas con Power Pivot.<\/li>\n<li>Gr\u00e1ficos din\u00e1micos con Power Pivot<\/li>\n<\/ul>\n<\/li>\n<li>Creaci\u00f3n de Dashboard a partir de Power Pivot\n<ul>\n<li>Dise\u00f1o de tableros de control<\/li>\n<li>Uso de Power Map<\/li>\n<li>Segmentaci\u00f3n de datos<\/li>\n<li>Escala de Tiempos<\/li>\n<li>Interacciones entre tablas<\/li>\n<\/ul>\n<\/li>\n<\/ul>\n<ul>\n<li style=\"list-style-type: none;\"><\/li>\n<\/ul>\n","protected":false},"excerpt":{"rendered":"<h3><strong>Capacitador<\/strong><\/h3>\n<h3><strong>Marcos Mu\u00f1iz, Ing.<\/strong><\/h3>\n<p><span style=\"font-weight: 400;\">Data Science, Ingeniero en Estad\u00edstica inform\u00e1tica, Magister en Estad\u00edstica con Menci\u00f3n en Gesti\u00f3n de la Calidad y Productividad.<\/span><\/p>\n<p><span style=\"font-weight: 400;\">Tiene varios a\u00f1os de experiencia en la Direcci\u00f3n de Estad\u00edsticas de una Central de Emergencias, implementando y desarrollando\u00a0 proyectos de inteligencia de negocios que contienen estad\u00edsticas hist\u00f3ricas y en tiempo real para la optimizaci\u00f3n de recursos.\u00a0\u00a0<\/span><\/p>\n<p><span style=\"font-weight: 400;\">Docente de Estad\u00edstica en la UTEG y capacitador en temas de anal\u00edtica e inteligencia de negocios y sistemas de informaci\u00f3n geogr\u00e1fica<\/span><\/p>\n","protected":false},"featured_media":2260,"template":"","meta":{"nf_dc_page":"","content-type":"","om_disable_all_campaigns":false,"_uag_custom_page_level_css":"","_monsterinsights_skip_tracking":false,"_monsterinsights_sitenote_active":false,"_monsterinsights_sitenote_note":"","_monsterinsights_sitenote_category":0,"_uf_show_specific_survey":0,"_uf_disable_surveys":false},"product_brand":[],"product_cat":[34,42],"product_tag":[],"class_list":{"0":"post-2258","1":"product","2":"type-product","3":"status-publish","4":"has-post-thumbnail","6":"product_cat-bi-y-reporteria","7":"product_cat-excel","9":"first","10":"outofstock","11":"shipping-taxable","12":"product-type-simple"},"aioseo_notices":[],"uagb_featured_image_src":{"full":["https:\/\/i0.wp.com\/see-ec.org\/wordpress\/wp-content\/uploads\/2024\/01\/USANDO-BASE-DE-DATOS-DE-MAS-DE-UN-MILLON-DE-FILAS-CON-EXCEL-Y-POWER-PIVOT.png?fit=1000%2C1000&ssl=1",1000,1000,false],"thumbnail":["https:\/\/i0.wp.com\/see-ec.org\/wordpress\/wp-content\/uploads\/2024\/01\/USANDO-BASE-DE-DATOS-DE-MAS-DE-UN-MILLON-DE-FILAS-CON-EXCEL-Y-POWER-PIVOT.png?resize=150%2C150&ssl=1",150,150,true],"medium":["https:\/\/i0.wp.com\/see-ec.org\/wordpress\/wp-content\/uploads\/2024\/01\/USANDO-BASE-DE-DATOS-DE-MAS-DE-UN-MILLON-DE-FILAS-CON-EXCEL-Y-POWER-PIVOT.png?fit=300%2C300&ssl=1",300,300,true],"medium_large":["https:\/\/i0.wp.com\/see-ec.org\/wordpress\/wp-content\/uploads\/2024\/01\/USANDO-BASE-DE-DATOS-DE-MAS-DE-UN-MILLON-DE-FILAS-CON-EXCEL-Y-POWER-PIVOT.png?fit=678%2C678&ssl=1",678,678,true],"large":["https:\/\/i0.wp.com\/see-ec.org\/wordpress\/wp-content\/uploads\/2024\/01\/USANDO-BASE-DE-DATOS-DE-MAS-DE-UN-MILLON-DE-FILAS-CON-EXCEL-Y-POWER-PIVOT.png?fit=678%2C678&ssl=1",678,678,true],"1536x1536":["https:\/\/i0.wp.com\/see-ec.org\/wordpress\/wp-content\/uploads\/2024\/01\/USANDO-BASE-DE-DATOS-DE-MAS-DE-UN-MILLON-DE-FILAS-CON-EXCEL-Y-POWER-PIVOT.png?fit=1000%2C1000&ssl=1",1000,1000,true],"2048x2048":["https:\/\/i0.wp.com\/see-ec.org\/wordpress\/wp-content\/uploads\/2024\/01\/USANDO-BASE-DE-DATOS-DE-MAS-DE-UN-MILLON-DE-FILAS-CON-EXCEL-Y-POWER-PIVOT.png?fit=1000%2C1000&ssl=1",1000,1000,true],"post-thumbnail":["https:\/\/i0.wp.com\/see-ec.org\/wordpress\/wp-content\/uploads\/2024\/01\/USANDO-BASE-DE-DATOS-DE-MAS-DE-UN-MILLON-DE-FILAS-CON-EXCEL-Y-POWER-PIVOT.png?resize=150%2C150&ssl=1",150,150,true],"gurukul-related":["https:\/\/i0.wp.com\/see-ec.org\/wordpress\/wp-content\/uploads\/2024\/01\/USANDO-BASE-DE-DATOS-DE-MAS-DE-UN-MILLON-DE-FILAS-CON-EXCEL-Y-POWER-PIVOT.png?resize=200%2C125&ssl=1",200,125,true],"woocommerce_thumbnail":["https:\/\/see-ec.org\/wordpress\/wp-content\/uploads\/2024\/01\/USANDO-BASE-DE-DATOS-DE-MAS-DE-UN-MILLON-DE-FILAS-CON-EXCEL-Y-POWER-PIVOT-300x300.png",300,300,true],"woocommerce_single":["https:\/\/see-ec.org\/wordpress\/wp-content\/uploads\/2024\/01\/USANDO-BASE-DE-DATOS-DE-MAS-DE-UN-MILLON-DE-FILAS-CON-EXCEL-Y-POWER-PIVOT.png",600,600,false],"woocommerce_gallery_thumbnail":["https:\/\/see-ec.org\/wordpress\/wp-content\/uploads\/2024\/01\/USANDO-BASE-DE-DATOS-DE-MAS-DE-UN-MILLON-DE-FILAS-CON-EXCEL-Y-POWER-PIVOT-100x100.png",100,100,true]},"uagb_author_info":{"display_name":"see.ecuador2","author_link":"https:\/\/see-ec.org\/wordpress\/author\/"},"uagb_comment_info":0,"uagb_excerpt":"Capacitador Marcos Mu\u00f1iz, Ing. Data Science, Ingeniero en Estad\u00edstica inform\u00e1tica, Magister en Estad\u00edstica con Menci\u00f3n en Gesti\u00f3n de la Calidad y Productividad. Tiene varios a\u00f1os de experiencia en la Direcci\u00f3n de Estad\u00edsticas de una Central de Emergencias, implementando y desarrollando\u00a0 proyectos de inteligencia de negocios que contienen estad\u00edsticas hist\u00f3ricas y en tiempo real para la&hellip;","jetpack_sharing_enabled":true,"_links":{"self":[{"href":"https:\/\/see-ec.org\/wordpress\/wp-json\/wp\/v2\/product\/2258","targetHints":{"allow":["GET"]}}],"collection":[{"href":"https:\/\/see-ec.org\/wordpress\/wp-json\/wp\/v2\/product"}],"about":[{"href":"https:\/\/see-ec.org\/wordpress\/wp-json\/wp\/v2\/types\/product"}],"wp:featuredmedia":[{"embeddable":true,"href":"https:\/\/see-ec.org\/wordpress\/wp-json\/wp\/v2\/media\/2260"}],"wp:attachment":[{"href":"https:\/\/see-ec.org\/wordpress\/wp-json\/wp\/v2\/media?parent=2258"}],"wp:term":[{"taxonomy":"product_brand","embeddable":true,"href":"https:\/\/see-ec.org\/wordpress\/wp-json\/wp\/v2\/product_brand?post=2258"},{"taxonomy":"product_cat","embeddable":true,"href":"https:\/\/see-ec.org\/wordpress\/wp-json\/wp\/v2\/product_cat?post=2258"},{"taxonomy":"product_tag","embeddable":true,"href":"https:\/\/see-ec.org\/wordpress\/wp-json\/wp\/v2\/product_tag?post=2258"}],"curies":[{"name":"wp","href":"https:\/\/api.w.org\/{rel}","templated":true}]}}