{"id":2255,"date":"2024-01-23T20:28:12","date_gmt":"2024-01-23T20:28:12","guid":{"rendered":"https:\/\/see-ec.org\/wordpress\/?post_type=product&#038;p=2255"},"modified":"2025-03-12T14:16:21","modified_gmt":"2025-03-12T19:16:21","slug":"visualizaciones-interactivas-con-python","status":"publish","type":"product","link":"https:\/\/see-ec.org\/wordpress\/producto\/visualizaciones-interactivas-con-python\/","title":{"rendered":"Visualizaciones interactivas con Python"},"content":{"rendered":"<p><span style=\"font-weight: 400;\">Aprende los conceptos clave de storytelling y c\u00f3mo contar historias con los datos. <\/span><span style=\"font-weight: 400;\">Introducci\u00f3n al manejo de la librer\u00eda Matplotlib para gr\u00e1ficos est\u00e1ticos en Python. <\/span><span style=\"font-weight: 400;\">Domina la creaci\u00f3n profesional de dashboards interactivos con las potentes librer\u00edas de Python Plotly y Dash.<\/span><\/p>\n<p>Los estudiantes que deseen tomar el curso deben tener como requisito conocer como importar datos en python y manejo de datos usando <span style=\"font-weight: 400;\">pandas y numpy. Tambi\u00e9n se requiere que tenga claro conceptos como m<\/span><span style=\"font-weight: 400;\">edidas de tendencia central como media, mediana, de dispersi\u00f3n como desviaci\u00f3n, rango y de posici\u00f3n como cuartiles, centiles.<\/span><\/p>\n<h3>Contenido:<\/h3>\n<ul>\n<li style=\"font-weight: 400;\" aria-level=\"1\"><span style=\"font-weight: 400;\">Entender los tipos de variables\u00a0<\/span><\/li>\n<li style=\"font-weight: 400;\" aria-level=\"1\"><span style=\"font-weight: 400;\">Bases de matplotlib para creaci\u00f3n de gr\u00e1ficos est\u00e1ticos<\/span><\/li>\n<li style=\"font-weight: 400;\" aria-level=\"1\"><span style=\"font-weight: 400;\">Visualizaci\u00f3n univariada de variables num\u00e9ricas, nominales, ordinales, series temporales, redes, etc.<\/span><\/li>\n<li style=\"font-weight: 400;\" aria-level=\"1\"><span style=\"font-weight: 400;\">Explorar interacciones entre variables del mismo o diferente tipo de datos.<\/span><\/li>\n<li style=\"font-weight: 400;\" aria-level=\"1\"><span style=\"font-weight: 400;\">Gr\u00e1ficos din\u00e1micos con plotly <\/span>Dash:<\/li>\n<li style=\"font-weight: 400;\" aria-level=\"1\"><span style=\"font-weight: 400;\">Manejo de input y outputs,\u00a0<\/span><\/li>\n<li style=\"font-weight: 400;\" aria-level=\"1\"><span style=\"font-weight: 400;\">Elementos para interfaz de usuario<\/span><\/li>\n<li style=\"font-weight: 400;\" aria-level=\"1\"><span style=\"font-weight: 400;\">Proyecto final<\/span><\/li>\n<\/ul>\n","protected":false},"excerpt":{"rendered":"<h3>Capacitador<\/h3>\n<h3>Roberto Esteves, Ing.<\/h3>\n<p>Ing. Sistemas por vocaci\u00f3n y marketero por decisi\u00f3n, tiene +20 a\u00f1os de experiencia enMarketing Digital en banca, junto a manejo de innovaci\u00f3n y tecnolog\u00eda en \u00e1reas como medios de comunicaci\u00f3n y empresas de telecomunicaciones.<br \/>\nSubdirector del n\u00facleo Guayas de la Sociedad Ecuatoriana de Estad\u00edstica, cuenta con un Nanodegree de Udacity en Data Science, certificado por la SEE, IBM, Platzi en Ciencia de Datos.<br \/>\nConsultor de marketing y comunicaci\u00f3n, se ha dedicado al estudio del comportamiento de los usuarios en redes sociales para encontrar insights que permitan elaborar mejores campa\u00f1as.<\/p>\n","protected":false},"featured_media":2257,"template":"","meta":{"nf_dc_page":"","content-type":"","om_disable_all_campaigns":false,"_uag_custom_page_level_css":"","_monsterinsights_skip_tracking":false,"_monsterinsights_sitenote_active":false,"_monsterinsights_sitenote_note":"","_monsterinsights_sitenote_category":0,"_uf_show_specific_survey":0,"_uf_disable_surveys":false},"product_brand":[],"product_cat":[34,44],"product_tag":[],"class_list":{"0":"post-2255","1":"product","2":"type-product","3":"status-publish","4":"has-post-thumbnail","6":"product_cat-bi-y-reporteria","7":"product_cat-python","9":"first","10":"outofstock","11":"shipping-taxable","12":"product-type-simple"},"aioseo_notices":[],"uagb_featured_image_src":{"full":["https:\/\/i0.wp.com\/see-ec.org\/wordpress\/wp-content\/uploads\/2024\/01\/VISUALIZACIONES-INTERACTIVAS-CON-PYTHON-2.png?fit=1000%2C1000&ssl=1",1000,1000,false],"thumbnail":["https:\/\/i0.wp.com\/see-ec.org\/wordpress\/wp-content\/uploads\/2024\/01\/VISUALIZACIONES-INTERACTIVAS-CON-PYTHON-2.png?resize=150%2C150&ssl=1",150,150,true],"medium":["https:\/\/i0.wp.com\/see-ec.org\/wordpress\/wp-content\/uploads\/2024\/01\/VISUALIZACIONES-INTERACTIVAS-CON-PYTHON-2.png?fit=300%2C300&ssl=1",300,300,true],"medium_large":["https:\/\/i0.wp.com\/see-ec.org\/wordpress\/wp-content\/uploads\/2024\/01\/VISUALIZACIONES-INTERACTIVAS-CON-PYTHON-2.png?fit=678%2C678&ssl=1",678,678,true],"large":["https:\/\/i0.wp.com\/see-ec.org\/wordpress\/wp-content\/uploads\/2024\/01\/VISUALIZACIONES-INTERACTIVAS-CON-PYTHON-2.png?fit=678%2C678&ssl=1",678,678,true],"1536x1536":["https:\/\/i0.wp.com\/see-ec.org\/wordpress\/wp-content\/uploads\/2024\/01\/VISUALIZACIONES-INTERACTIVAS-CON-PYTHON-2.png?fit=1000%2C1000&ssl=1",1000,1000,true],"2048x2048":["https:\/\/i0.wp.com\/see-ec.org\/wordpress\/wp-content\/uploads\/2024\/01\/VISUALIZACIONES-INTERACTIVAS-CON-PYTHON-2.png?fit=1000%2C1000&ssl=1",1000,1000,true],"post-thumbnail":["https:\/\/i0.wp.com\/see-ec.org\/wordpress\/wp-content\/uploads\/2024\/01\/VISUALIZACIONES-INTERACTIVAS-CON-PYTHON-2.png?resize=150%2C150&ssl=1",150,150,true],"gurukul-related":["https:\/\/i0.wp.com\/see-ec.org\/wordpress\/wp-content\/uploads\/2024\/01\/VISUALIZACIONES-INTERACTIVAS-CON-PYTHON-2.png?resize=200%2C125&ssl=1",200,125,true],"woocommerce_thumbnail":["https:\/\/see-ec.org\/wordpress\/wp-content\/uploads\/2024\/01\/VISUALIZACIONES-INTERACTIVAS-CON-PYTHON-2-300x300.png",300,300,true],"woocommerce_single":["https:\/\/see-ec.org\/wordpress\/wp-content\/uploads\/2024\/01\/VISUALIZACIONES-INTERACTIVAS-CON-PYTHON-2.png",600,600,false],"woocommerce_gallery_thumbnail":["https:\/\/see-ec.org\/wordpress\/wp-content\/uploads\/2024\/01\/VISUALIZACIONES-INTERACTIVAS-CON-PYTHON-2-100x100.png",100,100,true]},"uagb_author_info":{"display_name":"see.ecuador2","author_link":"https:\/\/see-ec.org\/wordpress\/author\/"},"uagb_comment_info":0,"uagb_excerpt":"Capacitador Roberto Esteves, Ing. Ing. Sistemas por vocaci\u00f3n y marketero por decisi\u00f3n, tiene +20 a\u00f1os de experiencia enMarketing Digital en banca, junto a manejo de innovaci\u00f3n y tecnolog\u00eda en \u00e1reas como medios de comunicaci\u00f3n y empresas de telecomunicaciones. Subdirector del n\u00facleo Guayas de la Sociedad Ecuatoriana de Estad\u00edstica, cuenta con un Nanodegree de Udacity en&hellip;","jetpack_sharing_enabled":true,"_links":{"self":[{"href":"https:\/\/see-ec.org\/wordpress\/wp-json\/wp\/v2\/product\/2255","targetHints":{"allow":["GET"]}}],"collection":[{"href":"https:\/\/see-ec.org\/wordpress\/wp-json\/wp\/v2\/product"}],"about":[{"href":"https:\/\/see-ec.org\/wordpress\/wp-json\/wp\/v2\/types\/product"}],"wp:featuredmedia":[{"embeddable":true,"href":"https:\/\/see-ec.org\/wordpress\/wp-json\/wp\/v2\/media\/2257"}],"wp:attachment":[{"href":"https:\/\/see-ec.org\/wordpress\/wp-json\/wp\/v2\/media?parent=2255"}],"wp:term":[{"taxonomy":"product_brand","embeddable":true,"href":"https:\/\/see-ec.org\/wordpress\/wp-json\/wp\/v2\/product_brand?post=2255"},{"taxonomy":"product_cat","embeddable":true,"href":"https:\/\/see-ec.org\/wordpress\/wp-json\/wp\/v2\/product_cat?post=2255"},{"taxonomy":"product_tag","embeddable":true,"href":"https:\/\/see-ec.org\/wordpress\/wp-json\/wp\/v2\/product_tag?post=2255"}],"curies":[{"name":"wp","href":"https:\/\/api.w.org\/{rel}","templated":true}]}}