{"id":2208,"date":"2024-01-15T10:06:50","date_gmt":"2024-01-15T10:06:50","guid":{"rendered":"https:\/\/see-ec.org\/wordpress\/?post_type=product&#038;p=2208"},"modified":"2025-03-12T14:17:17","modified_gmt":"2025-03-12T19:17:17","slug":"excel-para-el-analisis-de-datos","status":"publish","type":"product","link":"https:\/\/see-ec.org\/wordpress\/producto\/excel-para-el-analisis-de-datos\/","title":{"rendered":"Excel para el an\u00e1lisis de datos"},"content":{"rendered":"<p>Este es un curso introductorio a Excel, que es un programa que permite realizar todo tipo de operaciones con datos, pudiendo clasificar y manejar grandes cantidades de ellos; incorpora una gran cantidad de funciones.<br \/>\nSe partir\u00e1 desde cero explorando las funciones m\u00e1s utilizadas, se ver\u00e1 la presentaci\u00f3n de resultados mediante la elaboraci\u00f3n de gr\u00e1ficos, de tablas de datos, tablas y gr\u00e1ficos din\u00e1micos, se ense\u00f1ar\u00e1 el an\u00e1lisis descriptivo de datos, correspondencia combinada y finalmente se realizar\u00e1 una introducci\u00f3n a la creaci\u00f3n de macros.<\/p>\n<h3>Contenido<\/h3>\n<ul>\n<li>Tipos de datos<\/li>\n<li>F\u00f3rmulas b\u00e1sicas\n<ul>\n<li>Funciones de texto<\/li>\n<li>Funciones de fecha<\/li>\n<li>Funciones matem\u00e1ticas<\/li>\n<li>Funciones estad\u00edsticas<\/li>\n<li>Funciones de b\u00fasqueda<\/li>\n<li>Funciones l\u00f3gicas<\/li>\n<\/ul>\n<\/li>\n<li>Introducci\u00f3n a la limpieza de datos<\/li>\n<li>Manejo de Tablas\n<ul>\n<li>Creaci\u00f3n de tablas<\/li>\n<li>Aplicaci\u00f3n de estilos<\/li>\n<li>Filtro y orden de datos<\/li>\n<li>Filtros avanzados<\/li>\n<\/ul>\n<\/li>\n<li>Formatos condicionales<\/li>\n<li>Validaci\u00f3n de celdas<\/li>\n<li>Manejo de v\u00ednculos<\/li>\n<li>Creaci\u00f3n de links<\/li>\n<li>V\u00ednculos en un mismo libro y con otros libros<\/li>\n<li>Actualizaci\u00f3n de v\u00ednculos<\/li>\n<li>Elaboraci\u00f3n de gr\u00e1ficos\n<ul>\n<li>Creaci\u00f3n y formato de charts<\/li>\n<li>Gr\u00e1ficos de dispersi\u00f3n y de burbuja<\/li>\n<li>Histogramas<\/li>\n<\/ul>\n<\/li>\n<li>Tablas din\u00e1micas\n<ul>\n<li>Creaci\u00f3n de tablas din\u00e1micas<\/li>\n<li>Modificaci\u00f3n, actualizaci\u00f3n y estilos de una tabla din\u00e1mica<\/li>\n<li>Gr\u00e1ficas din\u00e1micas<\/li>\n<\/ul>\n<\/li>\n<li>An\u00e1lisis descriptivo de datos<\/li>\n<li>Correspondencia combinada<\/li>\n<li>Introducci\u00f3n a macros<\/li>\n<\/ul>\n","protected":false},"excerpt":{"rendered":"<h3>Capacitador<\/h3>\n<h3>Scarlett Abalco, Ing.<\/h3>\n<p>Ingeniera en Producci\u00f3n Industrial de la Universidad de las Am\u00e9ricas, finalizando la Maestr\u00eda en Direcci\u00f3n Log\u00edstica en la Universidad de la Rioja y actualmente cursando la Maestr\u00eda en Estad\u00edstica Aplicada con Menci\u00f3n en Ciencia de Datos en la Escuela Polit\u00e9cnica Nacional<br \/>\nCon una amplia trayectoria profesional de varios a\u00f1os, se ha desempe\u00f1ado en cargos como Especialista T\u00e9cnico de la Informaci\u00f3n de la FAO (Organizaci\u00f3n de las naciones Unidas para la Alimentaci\u00f3n y Agricultura), por lo que cuenta con experiencia en diferentes sectores de la industria, tanto en empresas p\u00fablicas, privadas, ONG y brindando servicios de consultor\u00edas en el manejo y an\u00e1lisis de datos, mediante la aplicaci\u00f3n de diferentes herramientas como Power BI, R, Python, t\u00e9cnicas estad\u00edsticas y matem\u00e1ticas, entre otras.<\/p>\n","protected":false},"featured_media":2287,"template":"","meta":{"nf_dc_page":"","content-type":"","om_disable_all_campaigns":false,"_uag_custom_page_level_css":"","_monsterinsights_skip_tracking":false,"_monsterinsights_sitenote_active":false,"_monsterinsights_sitenote_note":"","_monsterinsights_sitenote_category":0,"_uf_show_specific_survey":0,"_uf_disable_surveys":false},"product_brand":[],"product_cat":[34,42],"product_tag":[],"class_list":{"0":"post-2208","1":"product","2":"type-product","3":"status-publish","4":"has-post-thumbnail","6":"product_cat-bi-y-reporteria","7":"product_cat-excel","9":"first","10":"outofstock","11":"shipping-taxable","12":"product-type-simple"},"aioseo_notices":[],"uagb_featured_image_src":{"full":["https:\/\/i0.wp.com\/see-ec.org\/wordpress\/wp-content\/uploads\/2024\/01\/EXCEL-PARA-EL-ANALISIS-DE-DATOS-1.png?fit=1000%2C1000&ssl=1",1000,1000,false],"thumbnail":["https:\/\/i0.wp.com\/see-ec.org\/wordpress\/wp-content\/uploads\/2024\/01\/EXCEL-PARA-EL-ANALISIS-DE-DATOS-1.png?resize=150%2C150&ssl=1",150,150,true],"medium":["https:\/\/i0.wp.com\/see-ec.org\/wordpress\/wp-content\/uploads\/2024\/01\/EXCEL-PARA-EL-ANALISIS-DE-DATOS-1.png?fit=300%2C300&ssl=1",300,300,true],"medium_large":["https:\/\/i0.wp.com\/see-ec.org\/wordpress\/wp-content\/uploads\/2024\/01\/EXCEL-PARA-EL-ANALISIS-DE-DATOS-1.png?fit=678%2C678&ssl=1",678,678,true],"large":["https:\/\/i0.wp.com\/see-ec.org\/wordpress\/wp-content\/uploads\/2024\/01\/EXCEL-PARA-EL-ANALISIS-DE-DATOS-1.png?fit=678%2C678&ssl=1",678,678,true],"1536x1536":["https:\/\/i0.wp.com\/see-ec.org\/wordpress\/wp-content\/uploads\/2024\/01\/EXCEL-PARA-EL-ANALISIS-DE-DATOS-1.png?fit=1000%2C1000&ssl=1",1000,1000,true],"2048x2048":["https:\/\/i0.wp.com\/see-ec.org\/wordpress\/wp-content\/uploads\/2024\/01\/EXCEL-PARA-EL-ANALISIS-DE-DATOS-1.png?fit=1000%2C1000&ssl=1",1000,1000,true],"post-thumbnail":["https:\/\/i0.wp.com\/see-ec.org\/wordpress\/wp-content\/uploads\/2024\/01\/EXCEL-PARA-EL-ANALISIS-DE-DATOS-1.png?resize=150%2C150&ssl=1",150,150,true],"gurukul-related":["https:\/\/i0.wp.com\/see-ec.org\/wordpress\/wp-content\/uploads\/2024\/01\/EXCEL-PARA-EL-ANALISIS-DE-DATOS-1.png?resize=200%2C125&ssl=1",200,125,true],"woocommerce_thumbnail":["https:\/\/see-ec.org\/wordpress\/wp-content\/uploads\/2024\/01\/EXCEL-PARA-EL-ANALISIS-DE-DATOS-1-300x300.png",300,300,true],"woocommerce_single":["https:\/\/see-ec.org\/wordpress\/wp-content\/uploads\/2024\/01\/EXCEL-PARA-EL-ANALISIS-DE-DATOS-1.png",600,600,false],"woocommerce_gallery_thumbnail":["https:\/\/see-ec.org\/wordpress\/wp-content\/uploads\/2024\/01\/EXCEL-PARA-EL-ANALISIS-DE-DATOS-1-100x100.png",100,100,true]},"uagb_author_info":{"display_name":"see.ecuador2","author_link":"https:\/\/see-ec.org\/wordpress\/author\/"},"uagb_comment_info":0,"uagb_excerpt":"Capacitador Scarlett Abalco, Ing. Ingeniera en Producci\u00f3n Industrial de la Universidad de las Am\u00e9ricas, finalizando la Maestr\u00eda en Direcci\u00f3n Log\u00edstica en la Universidad de la Rioja y actualmente cursando la Maestr\u00eda en Estad\u00edstica Aplicada con Menci\u00f3n en Ciencia de Datos en la Escuela Polit\u00e9cnica Nacional Con una amplia trayectoria profesional de varios a\u00f1os, se ha&hellip;","jetpack_sharing_enabled":true,"_links":{"self":[{"href":"https:\/\/see-ec.org\/wordpress\/wp-json\/wp\/v2\/product\/2208","targetHints":{"allow":["GET"]}}],"collection":[{"href":"https:\/\/see-ec.org\/wordpress\/wp-json\/wp\/v2\/product"}],"about":[{"href":"https:\/\/see-ec.org\/wordpress\/wp-json\/wp\/v2\/types\/product"}],"wp:featuredmedia":[{"embeddable":true,"href":"https:\/\/see-ec.org\/wordpress\/wp-json\/wp\/v2\/media\/2287"}],"wp:attachment":[{"href":"https:\/\/see-ec.org\/wordpress\/wp-json\/wp\/v2\/media?parent=2208"}],"wp:term":[{"taxonomy":"product_brand","embeddable":true,"href":"https:\/\/see-ec.org\/wordpress\/wp-json\/wp\/v2\/product_brand?post=2208"},{"taxonomy":"product_cat","embeddable":true,"href":"https:\/\/see-ec.org\/wordpress\/wp-json\/wp\/v2\/product_cat?post=2208"},{"taxonomy":"product_tag","embeddable":true,"href":"https:\/\/see-ec.org\/wordpress\/wp-json\/wp\/v2\/product_tag?post=2208"}],"curies":[{"name":"wp","href":"https:\/\/api.w.org\/{rel}","templated":true}]}}