{"id":2205,"date":"2024-01-15T10:03:11","date_gmt":"2024-01-15T10:03:11","guid":{"rendered":"https:\/\/see-ec.org\/wordpress\/?post_type=product&#038;p=2205"},"modified":"2025-03-12T14:17:26","modified_gmt":"2025-03-12T19:17:26","slug":"estadistica-para-no-estadisticos","status":"publish","type":"product","link":"https:\/\/see-ec.org\/wordpress\/producto\/estadistica-para-no-estadisticos\/","title":{"rendered":"Estad\u00edstica para no estad\u00edsticos"},"content":{"rendered":"<p>El objetivo de este curso es desarrollar y fortalecer las habilidades del an\u00e1lisis exploratorio de datos para la toma de decisiones, a trav\u00e9s del uso de herramientas descriptivas que permitan estudiar fen\u00f3menos aleatorios mediante la representaci\u00f3n tabular, representaci\u00f3n gr\u00e1fica, y la caracterizaci\u00f3n num\u00e9rica a trav\u00e9s de las medidas de localizaci\u00f3n, dispersi\u00f3n y forma.<br \/>\nSe busca que el estudiante adquiera habilidades de descripci\u00f3n, an\u00e1lisis e interpretaci\u00f3n de informaci\u00f3n cuantitativa y cualitativa en cualquier \u00e1mbito profesional y de la vida cotidiana.<\/p>\n<h3>Contenido<\/h3>\n<ul>\n<li>La realidad y sus caracter\u00edsticas<\/li>\n<li>Problemas que resuelve la estad\u00edstica<\/li>\n<li>M\u00e9todo deductivo-inductivo de la Estad\u00edstica<\/li>\n<li>Definiciones b\u00e1sicas utilizadas en la estad\u00edstica, tipos de datos, escalas de medici\u00f3n<\/li>\n<li>Distribuci\u00f3n de frecuencias para datos cualitativos y cuantitativos<\/li>\n<li>Representaciones gr\u00e1ficas: diagrama de puntos, barras, histograma, circular, diagrama de caja, entre otras<\/li>\n<li>Caracter\u00edsticas num\u00e9ricas: Medidas de localizaci\u00f3n, dispersi\u00f3n y forma<\/li>\n<li>Tratamiento para datos en dos o m\u00e1s dimensiones: Tablas de contingencia, Coeficiente de Correlaci\u00f3n de Pearson y Correlaci\u00f3n de Spearman, Diagramas de Dispersi\u00f3n y Tratamiento de Series de Tiempo<\/li>\n<li>Aplicaciones pr\u00e1cticas en Excel y Google Forms<\/li>\n<\/ul>\n","protected":false},"excerpt":{"rendered":"<h3>Capacitador<\/h3>\n<h3>Andr\u00e9s Alejandro Galvis Correa, MSc<\/h3>\n<p>Ingeniero Financiero &#8211; Universidad de Medell\u00edn, M.Sc. Estad\u00edstica Aplicada &#8211; Escuela Polit\u00e9cnica Nacional (Cum Laude) y PhD(c) Modelaci\u00f3n Matem\u00e1tica y Computaci\u00f3n Cient\u00edfica \u2013 Universidad de Medell\u00edn. Es miembro del directorio y coordinador acad\u00e9mico de la Sociedad Ecuatoriana de Estad\u00edstica (SEE) desde al a\u00f1o 2013.<br \/>\nCuenta con m\u00e1s de 15 a\u00f1os de experiencia en docencia universitaria en pregrado y posgrado, es docente e investigador a tiempo completo en universidades a nivel nacional.<br \/>\nTanto a nivel de pregrado y posgrado a dictado las siguientes materias: Teor\u00eda de la Probabilidad, Teor\u00eda de la Estimaci\u00f3n, Procesos Estoc\u00e1sticos, An\u00e1lisis y Dise\u00f1o de Experimentos, Econometr\u00eda Financiera, Finanzas Corporativas, Valoraci\u00f3n de Empresas, Mercado Burs\u00e1til, y Mercado de Futuros y Opciones.<br \/>\nHa desarrollado programas y mallas acad\u00e9micas para pregrado y posgrado, adem\u00e1s de elaborar instrumentos de evaluaci\u00f3n del aprendizaje y evaluaci\u00f3n integral docente. Ha dirigido tesis de pregrado y posgrado tanto para universidades en Ecuador como en Colombia, con lo cu\u00e1l le ha permitido realizar publicaciones indexadas a Scopus y Latindex en los campos de Medicina, Odontolog\u00eda, Econom\u00eda, Ingenier\u00eda y Finanzas.<\/p>\n","protected":false},"featured_media":2207,"template":"","meta":{"nf_dc_page":"","content-type":"","om_disable_all_campaigns":false,"_uag_custom_page_level_css":"","_monsterinsights_skip_tracking":false,"_monsterinsights_sitenote_active":false,"_monsterinsights_sitenote_note":"","_monsterinsights_sitenote_category":0,"_uf_show_specific_survey":0,"_uf_disable_surveys":false},"product_brand":[],"product_cat":[28,33],"product_tag":[],"class_list":{"0":"post-2205","1":"product","2":"type-product","3":"status-publish","4":"has-post-thumbnail","6":"product_cat-estadistica-aplicada","7":"product_cat-estadistica-teorica","9":"first","10":"outofstock","11":"shipping-taxable","12":"product-type-simple"},"aioseo_notices":[],"uagb_featured_image_src":{"full":["https:\/\/i0.wp.com\/see-ec.org\/wordpress\/wp-content\/uploads\/2024\/01\/ESTADISTICA-PARA-NO-ESTADISTICOS.png?fit=1000%2C1000&ssl=1",1000,1000,false],"thumbnail":["https:\/\/i0.wp.com\/see-ec.org\/wordpress\/wp-content\/uploads\/2024\/01\/ESTADISTICA-PARA-NO-ESTADISTICOS.png?resize=150%2C150&ssl=1",150,150,true],"medium":["https:\/\/i0.wp.com\/see-ec.org\/wordpress\/wp-content\/uploads\/2024\/01\/ESTADISTICA-PARA-NO-ESTADISTICOS.png?fit=300%2C300&ssl=1",300,300,true],"medium_large":["https:\/\/i0.wp.com\/see-ec.org\/wordpress\/wp-content\/uploads\/2024\/01\/ESTADISTICA-PARA-NO-ESTADISTICOS.png?fit=678%2C678&ssl=1",678,678,true],"large":["https:\/\/i0.wp.com\/see-ec.org\/wordpress\/wp-content\/uploads\/2024\/01\/ESTADISTICA-PARA-NO-ESTADISTICOS.png?fit=678%2C678&ssl=1",678,678,true],"1536x1536":["https:\/\/i0.wp.com\/see-ec.org\/wordpress\/wp-content\/uploads\/2024\/01\/ESTADISTICA-PARA-NO-ESTADISTICOS.png?fit=1000%2C1000&ssl=1",1000,1000,true],"2048x2048":["https:\/\/i0.wp.com\/see-ec.org\/wordpress\/wp-content\/uploads\/2024\/01\/ESTADISTICA-PARA-NO-ESTADISTICOS.png?fit=1000%2C1000&ssl=1",1000,1000,true],"post-thumbnail":["https:\/\/i0.wp.com\/see-ec.org\/wordpress\/wp-content\/uploads\/2024\/01\/ESTADISTICA-PARA-NO-ESTADISTICOS.png?resize=150%2C150&ssl=1",150,150,true],"gurukul-related":["https:\/\/i0.wp.com\/see-ec.org\/wordpress\/wp-content\/uploads\/2024\/01\/ESTADISTICA-PARA-NO-ESTADISTICOS.png?resize=200%2C125&ssl=1",200,125,true],"woocommerce_thumbnail":["https:\/\/see-ec.org\/wordpress\/wp-content\/uploads\/2024\/01\/ESTADISTICA-PARA-NO-ESTADISTICOS-300x300.png",300,300,true],"woocommerce_single":["https:\/\/see-ec.org\/wordpress\/wp-content\/uploads\/2024\/01\/ESTADISTICA-PARA-NO-ESTADISTICOS.png",600,600,false],"woocommerce_gallery_thumbnail":["https:\/\/see-ec.org\/wordpress\/wp-content\/uploads\/2024\/01\/ESTADISTICA-PARA-NO-ESTADISTICOS-100x100.png",100,100,true]},"uagb_author_info":{"display_name":"see.ecuador2","author_link":"https:\/\/see-ec.org\/wordpress\/author\/"},"uagb_comment_info":0,"uagb_excerpt":"Capacitador Andr\u00e9s Alejandro Galvis Correa, MSc Ingeniero Financiero - Universidad de Medell\u00edn, M.Sc. Estad\u00edstica Aplicada - Escuela Polit\u00e9cnica Nacional (Cum Laude) y PhD(c) Modelaci\u00f3n Matem\u00e1tica y Computaci\u00f3n Cient\u00edfica \u2013 Universidad de Medell\u00edn. Es miembro del directorio y coordinador acad\u00e9mico de la Sociedad Ecuatoriana de Estad\u00edstica (SEE) desde al a\u00f1o 2013. Cuenta con m\u00e1s de 15&hellip;","jetpack_sharing_enabled":true,"_links":{"self":[{"href":"https:\/\/see-ec.org\/wordpress\/wp-json\/wp\/v2\/product\/2205","targetHints":{"allow":["GET"]}}],"collection":[{"href":"https:\/\/see-ec.org\/wordpress\/wp-json\/wp\/v2\/product"}],"about":[{"href":"https:\/\/see-ec.org\/wordpress\/wp-json\/wp\/v2\/types\/product"}],"wp:featuredmedia":[{"embeddable":true,"href":"https:\/\/see-ec.org\/wordpress\/wp-json\/wp\/v2\/media\/2207"}],"wp:attachment":[{"href":"https:\/\/see-ec.org\/wordpress\/wp-json\/wp\/v2\/media?parent=2205"}],"wp:term":[{"taxonomy":"product_brand","embeddable":true,"href":"https:\/\/see-ec.org\/wordpress\/wp-json\/wp\/v2\/product_brand?post=2205"},{"taxonomy":"product_cat","embeddable":true,"href":"https:\/\/see-ec.org\/wordpress\/wp-json\/wp\/v2\/product_cat?post=2205"},{"taxonomy":"product_tag","embeddable":true,"href":"https:\/\/see-ec.org\/wordpress\/wp-json\/wp\/v2\/product_tag?post=2205"}],"curies":[{"name":"wp","href":"https:\/\/api.w.org\/{rel}","templated":true}]}}