{"id":2202,"date":"2024-01-15T09:59:15","date_gmt":"2024-01-15T09:59:15","guid":{"rendered":"https:\/\/see-ec.org\/wordpress\/?post_type=product&#038;p=2202"},"modified":"2025-03-12T14:17:33","modified_gmt":"2025-03-12T19:17:33","slug":"estadistica-para-manejar-tus-finanzas-personales","status":"publish","type":"product","link":"https:\/\/see-ec.org\/wordpress\/producto\/estadistica-para-manejar-tus-finanzas-personales\/","title":{"rendered":"Estad\u00edstica para manejar tus finanzas personales"},"content":{"rendered":"<p>La Educaci\u00f3n Financiera permite mejorar las condiciones y calidad de vida de las personas y sus familiares, quienes est\u00e1n en capacidad de utilizar herramientas y productos financieros adecuados a sus necesidades, logrando una mejor gesti\u00f3n de sus finanzas.<br \/>\nEn este curso aprender\u00e1s varios conceptos y t\u00e9cnicas que te permitir\u00e1n manejar tus finanzas.<\/p>\n<h3>Contenido<\/h3>\n<ul>\n<li>Conocer que el ahorro es la semilla para el \u00e1rbol de la libertad financiera.<\/li>\n<li>Entender que el presupuesto es la manera de tener claro a donde se va nuestro dinero.\n<ul>\n<li>Manejo de los ingresos, egresos y ahorro.<\/li>\n<\/ul>\n<\/li>\n<li>Conocer estrategias de un adecuado endeudamiento y mecanismos para acelerar el pago de deudas.\n<ul>\n<li>Cumplir metas financieras.<\/li>\n<li>Cero deudas.<\/li>\n<\/ul>\n<\/li>\n<li>Conocer los estados financieros que nos permiten medir la evoluci\u00f3n de nuestro patrimonio.\n<ul>\n<li>Balance y estado de resultados.<\/li>\n<\/ul>\n<\/li>\n<li>Entender el funcionamiento de una tarjeta de cr\u00e9dito y maximizar sus beneficios.\n<ul>\n<li>Cupo, planes de recompensa, diferidos con y sin intereses, pagos m\u00ednimos.<\/li>\n<\/ul>\n<\/li>\n<li>Conocer los conceptos de inversi\u00f3n y estrategias de inversi\u00f3n.\n<ul>\n<li>Inversiones en fondos de inversi\u00f3n y certificados de dep\u00f3sitos.<\/li>\n<\/ul>\n<\/li>\n<li>Entender el uso de los seguros.<\/li>\n<li>Conocer los principios del sistema financiero.<\/li>\n<\/ul>\n","protected":false},"excerpt":{"rendered":"<h3>Capacitador<\/h3>\n<h3>Andr\u00e9s Barriga, Ing.<\/h3>\n<p>Cuenta con una maestr\u00eda en Administraci\u00f3n de Empresas por la Universidad Internacional de la Rioja, y otra Maestr\u00eda en Gesti\u00f3n Bancaria y Mercados Financieros en la Universidad Carlos Tercero de Madrid, Ingeniero Matem\u00e1tico en la Instituci\u00f3n de la Escuela Polit\u00e9cnica Nacional.<br \/>\nActualmente es el Gerente Tesorer\u00eda, Cobranzas y Proyectos de Seguros Equinoccial, tiene a su cargo supervisar las \u00e1reas de Cobranzas, Tesorer\u00eda y PMO.<br \/>\nEs un creador de ambientes de anal\u00edtica y reporter\u00eda financiera, as\u00ed como modelos de proyecci\u00f3n y manejo de escenarios. Ha sido docente en materias como modelos de simulaci\u00f3n, investigaci\u00f3n operativa, estad\u00edstica descriptiva y estad\u00edstica interferencial; y, actualmente es tutor del DEC en temas de Finanzas en Seguros y Mercado de Corredores. La experiencia y formaci\u00f3n relacionada con los temas a tratar, viene<br \/>\nreflejada por un amplio conocimiento tanto a nivel laboral como personal. Experiencia y conocimientos que permiten forjar una base s\u00f3lida para la transferencia efectiva de conocimiento.<\/p>\n","protected":false},"featured_media":2204,"template":"","meta":{"nf_dc_page":"","content-type":"","om_disable_all_campaigns":false,"_uag_custom_page_level_css":"","_monsterinsights_skip_tracking":false,"_monsterinsights_sitenote_active":false,"_monsterinsights_sitenote_note":"","_monsterinsights_sitenote_category":0,"_uf_show_specific_survey":0,"_uf_disable_surveys":false},"product_brand":[],"product_cat":[28],"product_tag":[],"class_list":{"0":"post-2202","1":"product","2":"type-product","3":"status-publish","4":"has-post-thumbnail","6":"product_cat-estadistica-aplicada","8":"first","9":"outofstock","10":"shipping-taxable","11":"product-type-simple"},"aioseo_notices":[],"uagb_featured_image_src":{"full":["https:\/\/i0.wp.com\/see-ec.org\/wordpress\/wp-content\/uploads\/2024\/01\/ESTADISTICA-PARA-MANEJAR-TUS-FINANZAS-PERSONALES.png?fit=1000%2C1000&ssl=1",1000,1000,false],"thumbnail":["https:\/\/i0.wp.com\/see-ec.org\/wordpress\/wp-content\/uploads\/2024\/01\/ESTADISTICA-PARA-MANEJAR-TUS-FINANZAS-PERSONALES.png?resize=150%2C150&ssl=1",150,150,true],"medium":["https:\/\/i0.wp.com\/see-ec.org\/wordpress\/wp-content\/uploads\/2024\/01\/ESTADISTICA-PARA-MANEJAR-TUS-FINANZAS-PERSONALES.png?fit=300%2C300&ssl=1",300,300,true],"medium_large":["https:\/\/i0.wp.com\/see-ec.org\/wordpress\/wp-content\/uploads\/2024\/01\/ESTADISTICA-PARA-MANEJAR-TUS-FINANZAS-PERSONALES.png?fit=678%2C678&ssl=1",678,678,true],"large":["https:\/\/i0.wp.com\/see-ec.org\/wordpress\/wp-content\/uploads\/2024\/01\/ESTADISTICA-PARA-MANEJAR-TUS-FINANZAS-PERSONALES.png?fit=678%2C678&ssl=1",678,678,true],"1536x1536":["https:\/\/i0.wp.com\/see-ec.org\/wordpress\/wp-content\/uploads\/2024\/01\/ESTADISTICA-PARA-MANEJAR-TUS-FINANZAS-PERSONALES.png?fit=1000%2C1000&ssl=1",1000,1000,true],"2048x2048":["https:\/\/i0.wp.com\/see-ec.org\/wordpress\/wp-content\/uploads\/2024\/01\/ESTADISTICA-PARA-MANEJAR-TUS-FINANZAS-PERSONALES.png?fit=1000%2C1000&ssl=1",1000,1000,true],"post-thumbnail":["https:\/\/i0.wp.com\/see-ec.org\/wordpress\/wp-content\/uploads\/2024\/01\/ESTADISTICA-PARA-MANEJAR-TUS-FINANZAS-PERSONALES.png?resize=150%2C150&ssl=1",150,150,true],"gurukul-related":["https:\/\/i0.wp.com\/see-ec.org\/wordpress\/wp-content\/uploads\/2024\/01\/ESTADISTICA-PARA-MANEJAR-TUS-FINANZAS-PERSONALES.png?resize=200%2C125&ssl=1",200,125,true],"woocommerce_thumbnail":["https:\/\/see-ec.org\/wordpress\/wp-content\/uploads\/2024\/01\/ESTADISTICA-PARA-MANEJAR-TUS-FINANZAS-PERSONALES-300x300.png",300,300,true],"woocommerce_single":["https:\/\/see-ec.org\/wordpress\/wp-content\/uploads\/2024\/01\/ESTADISTICA-PARA-MANEJAR-TUS-FINANZAS-PERSONALES.png",600,600,false],"woocommerce_gallery_thumbnail":["https:\/\/see-ec.org\/wordpress\/wp-content\/uploads\/2024\/01\/ESTADISTICA-PARA-MANEJAR-TUS-FINANZAS-PERSONALES-100x100.png",100,100,true]},"uagb_author_info":{"display_name":"see.ecuador2","author_link":"https:\/\/see-ec.org\/wordpress\/author\/"},"uagb_comment_info":0,"uagb_excerpt":"Capacitador Andr\u00e9s Barriga, Ing. Cuenta con una maestr\u00eda en Administraci\u00f3n de Empresas por la Universidad Internacional de la Rioja, y otra Maestr\u00eda en Gesti\u00f3n Bancaria y Mercados Financieros en la Universidad Carlos Tercero de Madrid, Ingeniero Matem\u00e1tico en la Instituci\u00f3n de la Escuela Polit\u00e9cnica Nacional. Actualmente es el Gerente Tesorer\u00eda, Cobranzas y Proyectos de Seguros&hellip;","jetpack_sharing_enabled":true,"_links":{"self":[{"href":"https:\/\/see-ec.org\/wordpress\/wp-json\/wp\/v2\/product\/2202","targetHints":{"allow":["GET"]}}],"collection":[{"href":"https:\/\/see-ec.org\/wordpress\/wp-json\/wp\/v2\/product"}],"about":[{"href":"https:\/\/see-ec.org\/wordpress\/wp-json\/wp\/v2\/types\/product"}],"wp:featuredmedia":[{"embeddable":true,"href":"https:\/\/see-ec.org\/wordpress\/wp-json\/wp\/v2\/media\/2204"}],"wp:attachment":[{"href":"https:\/\/see-ec.org\/wordpress\/wp-json\/wp\/v2\/media?parent=2202"}],"wp:term":[{"taxonomy":"product_brand","embeddable":true,"href":"https:\/\/see-ec.org\/wordpress\/wp-json\/wp\/v2\/product_brand?post=2202"},{"taxonomy":"product_cat","embeddable":true,"href":"https:\/\/see-ec.org\/wordpress\/wp-json\/wp\/v2\/product_cat?post=2202"},{"taxonomy":"product_tag","embeddable":true,"href":"https:\/\/see-ec.org\/wordpress\/wp-json\/wp\/v2\/product_tag?post=2202"}],"curies":[{"name":"wp","href":"https:\/\/api.w.org\/{rel}","templated":true}]}}