{"id":2199,"date":"2024-01-15T09:56:31","date_gmt":"2024-01-15T09:56:31","guid":{"rendered":"https:\/\/see-ec.org\/wordpress\/?post_type=product&#038;p=2199"},"modified":"2025-03-12T14:17:41","modified_gmt":"2025-03-12T19:17:41","slug":"estadistica-para-investigacion","status":"publish","type":"product","link":"https:\/\/see-ec.org\/wordpress\/producto\/estadistica-para-investigacion\/","title":{"rendered":"Estad\u00edstica para investigaci\u00f3n"},"content":{"rendered":"<p>Desde la perspectiva cuantitativa de la investigaci\u00f3n, se suele recurrir a distintas herramientas estad\u00edsticas para las distintas etapas del proyecto, desde el planteamiento y la comprobaci\u00f3n de las hip\u00f3tesis, el dise\u00f1o y validaci\u00f3n de instrumentos de medici\u00f3n, las t\u00e9cnicas de muestreo, entre otras.<br \/>\nEn este curso se introducir\u00e1n los fundamentos estad\u00edsticos necesarios para una adecuada preparaci\u00f3n del proyecto de investigaci\u00f3n, as\u00ed como las t\u00e9cnicas elementales para obtener an\u00e1lisis de resultados confiables y profesionales. El enfoque ser\u00e1 eminentemente pr\u00e1ctico, utilizando software estad\u00edstico libre y apropiado para investigadores socioeducativos, que no requiere de conocimientos previos de programaci\u00f3n ni de estad\u00edstica.<\/p>\n<h3>Contenido<\/h3>\n<ul>\n<li>La relaci\u00f3n entre la metodolog\u00eda de la investigaci\u00f3n cient\u00edfica y el procedimiento de Inferencia Estad\u00edstica: Definiciones de Poblaci\u00f3n, Muestra, Par\u00e1metro, Estimador, Error muestral, Sesgos, Hip\u00f3tesis Estad\u00edsticas. Tipos de Datos y Variables<\/li>\n<li>T\u00e9cnicas de sistematizaci\u00f3n y representaci\u00f3n de informaci\u00f3n: Para variables num\u00e9ricas y categ\u00f3ricas &#8211; Medidas descriptivas y Gr\u00e1ficos estad\u00edsticos.<\/li>\n<li>Modelos del comportamiento probabil\u00edstico: Definici\u00f3n de las distribuciones de probabilidad Normal y Binomial. Su importancia en el contexto de la inferencia estad\u00edstica y sus aplicaciones en el estudio de fen\u00f3menos socioeducativos.<\/li>\n<li>T\u00e9cnicas b\u00e1sicas de muestreo, seg\u00fan las caracter\u00edsticas de la poblaci\u00f3n objeto de estudio<\/li>\n<li>Inferencia estad\u00edstica: Estimaci\u00f3n de par\u00e1metros y aproximaci\u00f3n del error muestral para medias y proporciones poblacionales. Aplicaciones en estudios comparativos o cumplimiento de est\u00e1ndares.<\/li>\n<li>Comprobaci\u00f3n de hip\u00f3tesis de investigaci\u00f3n: Planteamiento estad\u00edstico, tipos de errores y nivel de significaci\u00f3n estad\u00edstica. Contrastes para una y dos poblaciones. Aplicaciones b\u00e1sicas en pruebas para detectar cambios en patrones o respecto a estudios anteriores (datos hist\u00f3ricos). T\u00e9cnicas b\u00e1sicas para comprobaci\u00f3n de hip\u00f3tesis en dise\u00f1os pre \u2013 post, y en dise\u00f1os de Grupo Control vs. Grupo experimental.<\/li>\n<li>Validaci\u00f3n b\u00e1sica de instrumentos de recolecci\u00f3n de datos: Encuestas y Fichas de observaci\u00f3n.<\/li>\n<\/ul>\n","protected":false},"excerpt":{"rendered":"<h3>Capacitador<\/h3>\n<h3>Sergio Alberto Castillo P\u00e1ez, Ph.D.<\/h3>\n<p>Doctor (Ph.D.) en Estad\u00edstica e Investigaci\u00f3n Operativa \u2013 Universidade de Vigo (Espa\u00f1a), Magister en Docencia Universitaria &#8211; Universidad de las Fuerzas Armadas ESPE, Especialista Superior en Finanzas \u2013 Universidad Andina Sim\u00f3n Bol\u00edvar, Ingeniero Matem\u00e1tico con menci\u00f3n en Estad\u00edstica, Finanzas y Gesti\u00f3n Empresarial \u2013 Escuela Polit\u00e9cnica Nacional.<br \/>\nDocente e investigador tiempo completo en la Universidad de las Fuerzas Armadas ESPE, miembro del Grupo de Investigaci\u00f3n en Modelamiento Matem\u00e1tico y del Grupo de investigaci\u00f3n en Econom\u00eda Aplicada.<br \/>\nComo investigador se ha especializado en temas relacionados a la estad\u00edstica no param\u00e9trica, geoestad\u00edstica y la promoci\u00f3n de la cultura estad\u00edstica, ejecutando diversos proyectos de investigaci\u00f3n nacionales e internacionales y cuenta con varias publicaciones y participaciones en Congresos cient\u00edficos.<br \/>\nCuenta con m\u00e1s de 15 a\u00f1os de experiencia en docencia universitaria en pregrado y posgrado, en distintas universidades como Universidad Internacional SEK, Universidad Polit\u00e9cnica Salesiana, Universidad T\u00e9cnica de Ambato, Escuela Polit\u00e9cnica de Chimborazo, Universidad Estatal de Milagro, Universidad T\u00e9cnica del Norte, entre otras. Su c\u00e1tedra en posgrado ha estado orientada especialmente a temas de Estad\u00edstica Inferencial y Seminarios de Investigaci\u00f3n en distintos programas de maestr\u00eda relacionados a la Docencia Universitaria, Gerencia y Administraci\u00f3n Hospitalaria, MBA, Finanzas, Matem\u00e1ticas, Producci\u00f3n, Gesti\u00f3n de Calidad, entre otros.<br \/>\nSu experiencia profesional abarca distintos campos que van desde la Educaci\u00f3n, ONGs, Finanzas populares, Medios de Comunicaci\u00f3n, entre otros. Ha colaborado en asesor\u00edas y consultor\u00edas en distintas organizaciones como: INEVAL, Fundaci\u00f3n METIS, Servicio Alem\u00e1n de Cooperaci\u00f3n Social-T\u00e9cnica, CCICEV y dem\u00e1s.<\/p>\n","protected":false},"featured_media":2201,"template":"","meta":{"nf_dc_page":"","content-type":"","om_disable_all_campaigns":false,"_uag_custom_page_level_css":"","_monsterinsights_skip_tracking":false,"_monsterinsights_sitenote_active":false,"_monsterinsights_sitenote_note":"","_monsterinsights_sitenote_category":0,"_uf_show_specific_survey":0,"_uf_disable_surveys":false},"product_brand":[],"product_cat":[28,33,36],"product_tag":[],"class_list":{"0":"post-2199","1":"product","2":"type-product","3":"status-publish","4":"has-post-thumbnail","6":"product_cat-estadistica-aplicada","7":"product_cat-estadistica-teorica","8":"product_cat-investigacion","10":"first","11":"outofstock","12":"shipping-taxable","13":"product-type-simple"},"aioseo_notices":[],"uagb_featured_image_src":{"full":["https:\/\/i0.wp.com\/see-ec.org\/wordpress\/wp-content\/uploads\/2024\/01\/ESTADISTICA-PARA-INVESTIGACION.png?fit=1000%2C1000&ssl=1",1000,1000,false],"thumbnail":["https:\/\/i0.wp.com\/see-ec.org\/wordpress\/wp-content\/uploads\/2024\/01\/ESTADISTICA-PARA-INVESTIGACION.png?resize=150%2C150&ssl=1",150,150,true],"medium":["https:\/\/i0.wp.com\/see-ec.org\/wordpress\/wp-content\/uploads\/2024\/01\/ESTADISTICA-PARA-INVESTIGACION.png?fit=300%2C300&ssl=1",300,300,true],"medium_large":["https:\/\/i0.wp.com\/see-ec.org\/wordpress\/wp-content\/uploads\/2024\/01\/ESTADISTICA-PARA-INVESTIGACION.png?fit=678%2C678&ssl=1",678,678,true],"large":["https:\/\/i0.wp.com\/see-ec.org\/wordpress\/wp-content\/uploads\/2024\/01\/ESTADISTICA-PARA-INVESTIGACION.png?fit=678%2C678&ssl=1",678,678,true],"1536x1536":["https:\/\/i0.wp.com\/see-ec.org\/wordpress\/wp-content\/uploads\/2024\/01\/ESTADISTICA-PARA-INVESTIGACION.png?fit=1000%2C1000&ssl=1",1000,1000,true],"2048x2048":["https:\/\/i0.wp.com\/see-ec.org\/wordpress\/wp-content\/uploads\/2024\/01\/ESTADISTICA-PARA-INVESTIGACION.png?fit=1000%2C1000&ssl=1",1000,1000,true],"post-thumbnail":["https:\/\/i0.wp.com\/see-ec.org\/wordpress\/wp-content\/uploads\/2024\/01\/ESTADISTICA-PARA-INVESTIGACION.png?resize=150%2C150&ssl=1",150,150,true],"gurukul-related":["https:\/\/i0.wp.com\/see-ec.org\/wordpress\/wp-content\/uploads\/2024\/01\/ESTADISTICA-PARA-INVESTIGACION.png?resize=200%2C125&ssl=1",200,125,true],"woocommerce_thumbnail":["https:\/\/see-ec.org\/wordpress\/wp-content\/uploads\/2024\/01\/ESTADISTICA-PARA-INVESTIGACION-300x300.png",300,300,true],"woocommerce_single":["https:\/\/see-ec.org\/wordpress\/wp-content\/uploads\/2024\/01\/ESTADISTICA-PARA-INVESTIGACION.png",600,600,false],"woocommerce_gallery_thumbnail":["https:\/\/see-ec.org\/wordpress\/wp-content\/uploads\/2024\/01\/ESTADISTICA-PARA-INVESTIGACION-100x100.png",100,100,true]},"uagb_author_info":{"display_name":"see.ecuador2","author_link":"https:\/\/see-ec.org\/wordpress\/author\/"},"uagb_comment_info":0,"uagb_excerpt":"Capacitador Sergio Alberto Castillo P\u00e1ez, Ph.D. Doctor (Ph.D.) en Estad\u00edstica e Investigaci\u00f3n Operativa \u2013 Universidade de Vigo (Espa\u00f1a), Magister en Docencia Universitaria - Universidad de las Fuerzas Armadas ESPE, Especialista Superior en Finanzas \u2013 Universidad Andina Sim\u00f3n Bol\u00edvar, Ingeniero Matem\u00e1tico con menci\u00f3n en Estad\u00edstica, Finanzas y Gesti\u00f3n Empresarial \u2013 Escuela Polit\u00e9cnica Nacional. Docente e investigador&hellip;","jetpack_sharing_enabled":true,"_links":{"self":[{"href":"https:\/\/see-ec.org\/wordpress\/wp-json\/wp\/v2\/product\/2199","targetHints":{"allow":["GET"]}}],"collection":[{"href":"https:\/\/see-ec.org\/wordpress\/wp-json\/wp\/v2\/product"}],"about":[{"href":"https:\/\/see-ec.org\/wordpress\/wp-json\/wp\/v2\/types\/product"}],"wp:featuredmedia":[{"embeddable":true,"href":"https:\/\/see-ec.org\/wordpress\/wp-json\/wp\/v2\/media\/2201"}],"wp:attachment":[{"href":"https:\/\/see-ec.org\/wordpress\/wp-json\/wp\/v2\/media?parent=2199"}],"wp:term":[{"taxonomy":"product_brand","embeddable":true,"href":"https:\/\/see-ec.org\/wordpress\/wp-json\/wp\/v2\/product_brand?post=2199"},{"taxonomy":"product_cat","embeddable":true,"href":"https:\/\/see-ec.org\/wordpress\/wp-json\/wp\/v2\/product_cat?post=2199"},{"taxonomy":"product_tag","embeddable":true,"href":"https:\/\/see-ec.org\/wordpress\/wp-json\/wp\/v2\/product_tag?post=2199"}],"curies":[{"name":"wp","href":"https:\/\/api.w.org\/{rel}","templated":true}]}}