{"id":2196,"date":"2024-01-15T09:53:39","date_gmt":"2024-01-15T09:53:39","guid":{"rendered":"https:\/\/see-ec.org\/wordpress\/?post_type=product&#038;p=2196"},"modified":"2025-03-12T14:17:59","modified_gmt":"2025-03-12T19:17:59","slug":"efficient-academy-writer-con-ai-apps","status":"publish","type":"product","link":"https:\/\/see-ec.org\/wordpress\/producto\/efficient-academy-writer-con-ai-apps\/","title":{"rendered":"Efficient Academy Writer con AI Apps"},"content":{"rendered":"<p>This webinar will be in Spanish, and it will cover various tools and techniques to enhance your academic writing process. Topics include brainstorming research questions, conducting literature reviews, staying updated with research discoveries, utilizing AI-powered tools for reading and note-taking, and navigating the publication process.<\/p>\n<h3>Contenido<\/h3>\n<ul>\n<li>Brainstorming Research Questions with Elicit<\/li>\n<li>Search Engines for Academics<\/li>\n<li>Literature Review with Research Rabbit<\/li>\n<li>Inciteful Zotero Integration for Literature Review<\/li>\n<li>Staying Up to Date with R Discovery<\/li>\n<li>Reading Papers with SciSpace<\/li>\n<li>Taking Notes with Lateral<\/li>\n<li>Zero Drafts with ChatGPT<\/li>\n<li>Editing with Paperpal<\/li>\n<li>Citations with Scite<\/li>\n<li>ChatGPT Prompts for Academic Writing and Reading<\/li>\n<li>Getting Started on Zotero<br \/>\n<strong>Bonus<\/strong><\/li>\n<li>Critical Reading Articles<\/li>\n<li>Publication Process<\/li>\n<\/ul>\n","protected":false},"excerpt":{"rendered":"<h3>Capacitadora<\/h3>\n<h3>Sueny Paloma Lima, PhD (c)<\/h3>\n<p>Estudiante del programa de Ph.D. en Ciencias Biom\u00e9dicas Traslacional en la Universidad de Ohio. Certificada en Epidemiolog\u00eda por la Universidad de Missouri. Certificada en Bioestad\u00edstica por el Instituto de Educaci\u00f3n Estad\u00edstica de los Estados Unidos. Adem\u00e1s, especialista en Investigaci\u00f3n Cl\u00ednica Global por la Universidad de Harvard. Investigadora y docente por m\u00e1s de 10 a\u00f1os de metodolog\u00eda de investigaci\u00f3n cient\u00edfica y bioestad\u00edstica.<br \/>\nActualmente sus proyectos de investigaci\u00f3n est\u00e1n relacionados a determinantes sociales de la salud. Trabaja como investigadora asociada en la Universidad de Ohio y en el Centro de Nutrici\u00f3n Gretchen Swason y tutora metodol\u00f3gica en el programa Doctoral of Nursing Practice en la misma universidad. Adem\u00e1s, trabaja con t\u00e9cnicas de meta-an\u00e1lisis y revisiones sistem\u00e1ticas. Usa sus redes sociales para divulgaci\u00f3n cient\u00edfica.<\/p>\n","protected":false},"featured_media":2198,"template":"","meta":{"nf_dc_page":"","content-type":"","om_disable_all_campaigns":false,"_uag_custom_page_level_css":"","_monsterinsights_skip_tracking":false,"_monsterinsights_sitenote_active":false,"_monsterinsights_sitenote_note":"","_monsterinsights_sitenote_category":0,"_uf_show_specific_survey":0,"_uf_disable_surveys":false},"product_brand":[],"product_cat":[36],"product_tag":[],"class_list":{"0":"post-2196","1":"product","2":"type-product","3":"status-publish","4":"has-post-thumbnail","6":"product_cat-investigacion","8":"first","9":"outofstock","10":"shipping-taxable","11":"product-type-simple"},"aioseo_notices":[],"uagb_featured_image_src":{"full":["https:\/\/i0.wp.com\/see-ec.org\/wordpress\/wp-content\/uploads\/2024\/01\/EFFICIENT-ACADEMY-WRITER-CON-AI-APPS.png?fit=1000%2C1000&ssl=1",1000,1000,false],"thumbnail":["https:\/\/i0.wp.com\/see-ec.org\/wordpress\/wp-content\/uploads\/2024\/01\/EFFICIENT-ACADEMY-WRITER-CON-AI-APPS.png?resize=150%2C150&ssl=1",150,150,true],"medium":["https:\/\/i0.wp.com\/see-ec.org\/wordpress\/wp-content\/uploads\/2024\/01\/EFFICIENT-ACADEMY-WRITER-CON-AI-APPS.png?fit=300%2C300&ssl=1",300,300,true],"medium_large":["https:\/\/i0.wp.com\/see-ec.org\/wordpress\/wp-content\/uploads\/2024\/01\/EFFICIENT-ACADEMY-WRITER-CON-AI-APPS.png?fit=678%2C678&ssl=1",678,678,true],"large":["https:\/\/i0.wp.com\/see-ec.org\/wordpress\/wp-content\/uploads\/2024\/01\/EFFICIENT-ACADEMY-WRITER-CON-AI-APPS.png?fit=678%2C678&ssl=1",678,678,true],"1536x1536":["https:\/\/i0.wp.com\/see-ec.org\/wordpress\/wp-content\/uploads\/2024\/01\/EFFICIENT-ACADEMY-WRITER-CON-AI-APPS.png?fit=1000%2C1000&ssl=1",1000,1000,true],"2048x2048":["https:\/\/i0.wp.com\/see-ec.org\/wordpress\/wp-content\/uploads\/2024\/01\/EFFICIENT-ACADEMY-WRITER-CON-AI-APPS.png?fit=1000%2C1000&ssl=1",1000,1000,true],"post-thumbnail":["https:\/\/i0.wp.com\/see-ec.org\/wordpress\/wp-content\/uploads\/2024\/01\/EFFICIENT-ACADEMY-WRITER-CON-AI-APPS.png?resize=150%2C150&ssl=1",150,150,true],"gurukul-related":["https:\/\/i0.wp.com\/see-ec.org\/wordpress\/wp-content\/uploads\/2024\/01\/EFFICIENT-ACADEMY-WRITER-CON-AI-APPS.png?resize=200%2C125&ssl=1",200,125,true],"woocommerce_thumbnail":["https:\/\/see-ec.org\/wordpress\/wp-content\/uploads\/2024\/01\/EFFICIENT-ACADEMY-WRITER-CON-AI-APPS-300x300.png",300,300,true],"woocommerce_single":["https:\/\/see-ec.org\/wordpress\/wp-content\/uploads\/2024\/01\/EFFICIENT-ACADEMY-WRITER-CON-AI-APPS.png",600,600,false],"woocommerce_gallery_thumbnail":["https:\/\/see-ec.org\/wordpress\/wp-content\/uploads\/2024\/01\/EFFICIENT-ACADEMY-WRITER-CON-AI-APPS-100x100.png",100,100,true]},"uagb_author_info":{"display_name":"see.ecuador2","author_link":"https:\/\/see-ec.org\/wordpress\/author\/"},"uagb_comment_info":0,"uagb_excerpt":"Capacitadora Sueny Paloma Lima, PhD (c) Estudiante del programa de Ph.D. en Ciencias Biom\u00e9dicas Traslacional en la Universidad de Ohio. Certificada en Epidemiolog\u00eda por la Universidad de Missouri. Certificada en Bioestad\u00edstica por el Instituto de Educaci\u00f3n Estad\u00edstica de los Estados Unidos. Adem\u00e1s, especialista en Investigaci\u00f3n Cl\u00ednica Global por la Universidad de Harvard. Investigadora y docente&hellip;","jetpack_sharing_enabled":true,"_links":{"self":[{"href":"https:\/\/see-ec.org\/wordpress\/wp-json\/wp\/v2\/product\/2196","targetHints":{"allow":["GET"]}}],"collection":[{"href":"https:\/\/see-ec.org\/wordpress\/wp-json\/wp\/v2\/product"}],"about":[{"href":"https:\/\/see-ec.org\/wordpress\/wp-json\/wp\/v2\/types\/product"}],"wp:featuredmedia":[{"embeddable":true,"href":"https:\/\/see-ec.org\/wordpress\/wp-json\/wp\/v2\/media\/2198"}],"wp:attachment":[{"href":"https:\/\/see-ec.org\/wordpress\/wp-json\/wp\/v2\/media?parent=2196"}],"wp:term":[{"taxonomy":"product_brand","embeddable":true,"href":"https:\/\/see-ec.org\/wordpress\/wp-json\/wp\/v2\/product_brand?post=2196"},{"taxonomy":"product_cat","embeddable":true,"href":"https:\/\/see-ec.org\/wordpress\/wp-json\/wp\/v2\/product_cat?post=2196"},{"taxonomy":"product_tag","embeddable":true,"href":"https:\/\/see-ec.org\/wordpress\/wp-json\/wp\/v2\/product_tag?post=2196"}],"curies":[{"name":"wp","href":"https:\/\/api.w.org\/{rel}","templated":true}]}}