{"id":2193,"date":"2024-01-15T09:50:28","date_gmt":"2024-01-15T09:50:28","guid":{"rendered":"https:\/\/see-ec.org\/wordpress\/?post_type=product&#038;p=2193"},"modified":"2025-03-12T14:19:08","modified_gmt":"2025-03-12T19:19:08","slug":"diseno-y-analisis-estadistico-de-instrumentos-de-recoleccion-de-datos","status":"publish","type":"product","link":"https:\/\/see-ec.org\/wordpress\/producto\/diseno-y-analisis-estadistico-de-instrumentos-de-recoleccion-de-datos\/","title":{"rendered":"Dise\u00f1o y an\u00e1lisis estad\u00edstico de instrumentos de recolecci\u00f3n de datos"},"content":{"rendered":"<p>Desde el enfoque cuantitativo, los resultados de un proyecto de investigaci\u00f3n dependen en gran medida de un adecuado proceso de dise\u00f1o y an\u00e1lisis del instrumento de medici\u00f3n. Es de especial inter\u00e9s el an\u00e1lisis de los \u00edtems que configuran el mismo, en funci\u00f3n de los objetivos e hip\u00f3tesis de investigaci\u00f3n y del contexto de aplicaci\u00f3n, as\u00ed como la fiabilidad y validez de la herramienta utilizada para levantar la informaci\u00f3n. En ese contexto, la Estad\u00edstica nos provee de distintas t\u00e9cnicas y modelos que permiten verificar estas propiedades deseables en nuevas propuestas de recolecci\u00f3n o para adaptar instrumentos ya disponibles.<br \/>\nCon este fin, en este curso se pretende se pretende revisar estas herramientas estad\u00edsticas disponibles en el lenguaje de programaci\u00f3n R, los cuales son de uso com\u00fan en proyectos de investigaci\u00f3n cuantitativa en distinto \u00e1mbitos: social, educativo, psicol\u00f3gico, procesos administrativos, entre otros.<\/p>\n<h3>Contenido<\/h3>\n<ul>\n<li>El proceso de medici\u00f3n en el contexto de la investigaci\u00f3n cient\u00edfica<\/li>\n<li>Dise\u00f1o de cuestionarios: Opciones de dise\u00f1o, Desarrollo de cuestionarios, Tipos y m\u00e9todos de administraci\u00f3n de cuestionarios. Proceso de pilotaje<\/li>\n<li>Dise\u00f1o de preguntas y respuestas: Definici\u00f3n del constructo. \u00cdtems y escalas. Formatos de \u00edtems seg\u00fan el test<\/li>\n<li>An\u00e1lisis de \u00edtems: An\u00e1lisis cualitativo y cuantitativo: \u00cdndices, Opciones incorrectas, correcci\u00f3n de efectos al azar<\/li>\n<li>Fiabilidad en modelos cl\u00e1sicos: Supuestos fundamentales, Coeficientes de fiabilidad, Error de medida. Fiabilidad del Test y Fiabilidad interjueces<\/li>\n<li>Validez del Test: Validez de Contenido, Validez de Constructo, Validez referida al criterio<\/li>\n<li>An\u00e1lisis de factores: An\u00e1lisis Factorial Exploratorio y An\u00e1lisis Factorial Confirmatorio<\/li>\n<li>Introducci\u00f3n a la Teor\u00eda del \u00edtem<\/li>\n<\/ul>\n","protected":false},"excerpt":{"rendered":"<h3>Capacitador<\/h3>\n<h3>Sergio Alberto Castillo P\u00e1ez, Ph.D.<\/h3>\n<p>Doctor (Ph.D.) en Estad\u00edstica e Investigaci\u00f3n Operativa \u2013 Universidade de Vigo (Espa\u00f1a), Magister en Docencia Universitaria &#8211; Universidad de las Fuerzas Armadas ESPE, Especialista Superior en Finanzas \u2013 Universidad Andina Sim\u00f3n Bol\u00edvar, Ingeniero Matem\u00e1tico con menci\u00f3n en Estad\u00edstica, Finanzas y Gesti\u00f3n Empresarial \u2013 Escuela Polit\u00e9cnica Nacional. Actualmente es Coordinador de Investigaci\u00f3n en el Departamento de Ciencias Exactas, miembro del Grupo de Investigaci\u00f3n en Modelamiento Matem\u00e1tico, Grupo de investigaci\u00f3n en Econom\u00eda Aplicada en la ESPE (Ecuador) y del grupo MODES de la Universidade da Coru\u00f1a (Espa\u00f1a).<br \/>\nComo investigador se ha especializado en temas relacionados a la estad\u00edstica no param\u00e9trica, geoestad\u00edstica y la promoci\u00f3n de la cultura estad\u00edstica, ejecutando diversos proyectos de investigaci\u00f3n nacionales e internacionales y cuenta con varias publicaciones cient\u00edficas y participaciones en Congresos Cient\u00edficos en Espa\u00f1a, Francia, Italia, Inglaterra, M\u00e9xico, Ecuador, entre otros.<br \/>\nCuentas con m\u00e1s de 15 a\u00f1os de experiencia en docencia universitaria en pregrado y posgrado. Su c\u00e1tedra en posgrado ha estado orientada especialmente a temas de Estad\u00edstica Inferencial y Seminarios de Investigaci\u00f3n en distintos programas de maestr\u00eda relacionados a la Docencia Universitaria, Gerencia y Administraci\u00f3n Hospitalaria, MBA, Finanzas, Matem\u00e1ticas, Producci\u00f3n, Gesti\u00f3n de Calidad, Log\u00edstica, Gesti\u00f3n de Riesgo, entre otros, en distintas universidades nacionales e internacionales.<\/p>\n<p>&nbsp;<\/p>\n","protected":false},"featured_media":2195,"template":"","meta":{"nf_dc_page":"","content-type":"","om_disable_all_campaigns":false,"_uag_custom_page_level_css":"","_monsterinsights_skip_tracking":false,"_monsterinsights_sitenote_active":false,"_monsterinsights_sitenote_note":"","_monsterinsights_sitenote_category":0,"_uf_show_specific_survey":0,"_uf_disable_surveys":false},"product_brand":[],"product_cat":[28,36],"product_tag":[],"class_list":{"0":"post-2193","1":"product","2":"type-product","3":"status-publish","4":"has-post-thumbnail","6":"product_cat-estadistica-aplicada","7":"product_cat-investigacion","9":"first","10":"outofstock","11":"shipping-taxable","12":"product-type-simple"},"aioseo_notices":[],"uagb_featured_image_src":{"full":["https:\/\/i0.wp.com\/see-ec.org\/wordpress\/wp-content\/uploads\/2024\/01\/DISENO-Y-ANALISIS-ESTADISTICO-DE-INSTRUMENTOS-DE-RECOLECCION-DE-DATOS.png?fit=1000%2C1000&ssl=1",1000,1000,false],"thumbnail":["https:\/\/i0.wp.com\/see-ec.org\/wordpress\/wp-content\/uploads\/2024\/01\/DISENO-Y-ANALISIS-ESTADISTICO-DE-INSTRUMENTOS-DE-RECOLECCION-DE-DATOS.png?resize=150%2C150&ssl=1",150,150,true],"medium":["https:\/\/i0.wp.com\/see-ec.org\/wordpress\/wp-content\/uploads\/2024\/01\/DISENO-Y-ANALISIS-ESTADISTICO-DE-INSTRUMENTOS-DE-RECOLECCION-DE-DATOS.png?fit=300%2C300&ssl=1",300,300,true],"medium_large":["https:\/\/i0.wp.com\/see-ec.org\/wordpress\/wp-content\/uploads\/2024\/01\/DISENO-Y-ANALISIS-ESTADISTICO-DE-INSTRUMENTOS-DE-RECOLECCION-DE-DATOS.png?fit=678%2C678&ssl=1",678,678,true],"large":["https:\/\/i0.wp.com\/see-ec.org\/wordpress\/wp-content\/uploads\/2024\/01\/DISENO-Y-ANALISIS-ESTADISTICO-DE-INSTRUMENTOS-DE-RECOLECCION-DE-DATOS.png?fit=678%2C678&ssl=1",678,678,true],"1536x1536":["https:\/\/i0.wp.com\/see-ec.org\/wordpress\/wp-content\/uploads\/2024\/01\/DISENO-Y-ANALISIS-ESTADISTICO-DE-INSTRUMENTOS-DE-RECOLECCION-DE-DATOS.png?fit=1000%2C1000&ssl=1",1000,1000,true],"2048x2048":["https:\/\/i0.wp.com\/see-ec.org\/wordpress\/wp-content\/uploads\/2024\/01\/DISENO-Y-ANALISIS-ESTADISTICO-DE-INSTRUMENTOS-DE-RECOLECCION-DE-DATOS.png?fit=1000%2C1000&ssl=1",1000,1000,true],"post-thumbnail":["https:\/\/i0.wp.com\/see-ec.org\/wordpress\/wp-content\/uploads\/2024\/01\/DISENO-Y-ANALISIS-ESTADISTICO-DE-INSTRUMENTOS-DE-RECOLECCION-DE-DATOS.png?resize=150%2C150&ssl=1",150,150,true],"gurukul-related":["https:\/\/i0.wp.com\/see-ec.org\/wordpress\/wp-content\/uploads\/2024\/01\/DISENO-Y-ANALISIS-ESTADISTICO-DE-INSTRUMENTOS-DE-RECOLECCION-DE-DATOS.png?resize=200%2C125&ssl=1",200,125,true],"woocommerce_thumbnail":["https:\/\/see-ec.org\/wordpress\/wp-content\/uploads\/2024\/01\/DISENO-Y-ANALISIS-ESTADISTICO-DE-INSTRUMENTOS-DE-RECOLECCION-DE-DATOS-300x300.png",300,300,true],"woocommerce_single":["https:\/\/see-ec.org\/wordpress\/wp-content\/uploads\/2024\/01\/DISENO-Y-ANALISIS-ESTADISTICO-DE-INSTRUMENTOS-DE-RECOLECCION-DE-DATOS.png",600,600,false],"woocommerce_gallery_thumbnail":["https:\/\/see-ec.org\/wordpress\/wp-content\/uploads\/2024\/01\/DISENO-Y-ANALISIS-ESTADISTICO-DE-INSTRUMENTOS-DE-RECOLECCION-DE-DATOS-100x100.png",100,100,true]},"uagb_author_info":{"display_name":"see.ecuador2","author_link":"https:\/\/see-ec.org\/wordpress\/author\/"},"uagb_comment_info":0,"uagb_excerpt":"Capacitador Sergio Alberto Castillo P\u00e1ez, Ph.D. Doctor (Ph.D.) en Estad\u00edstica e Investigaci\u00f3n Operativa \u2013 Universidade de Vigo (Espa\u00f1a), Magister en Docencia Universitaria - Universidad de las Fuerzas Armadas ESPE, Especialista Superior en Finanzas \u2013 Universidad Andina Sim\u00f3n Bol\u00edvar, Ingeniero Matem\u00e1tico con menci\u00f3n en Estad\u00edstica, Finanzas y Gesti\u00f3n Empresarial \u2013 Escuela Polit\u00e9cnica Nacional. Actualmente es Coordinador&hellip;","jetpack_sharing_enabled":true,"_links":{"self":[{"href":"https:\/\/see-ec.org\/wordpress\/wp-json\/wp\/v2\/product\/2193","targetHints":{"allow":["GET"]}}],"collection":[{"href":"https:\/\/see-ec.org\/wordpress\/wp-json\/wp\/v2\/product"}],"about":[{"href":"https:\/\/see-ec.org\/wordpress\/wp-json\/wp\/v2\/types\/product"}],"wp:featuredmedia":[{"embeddable":true,"href":"https:\/\/see-ec.org\/wordpress\/wp-json\/wp\/v2\/media\/2195"}],"wp:attachment":[{"href":"https:\/\/see-ec.org\/wordpress\/wp-json\/wp\/v2\/media?parent=2193"}],"wp:term":[{"taxonomy":"product_brand","embeddable":true,"href":"https:\/\/see-ec.org\/wordpress\/wp-json\/wp\/v2\/product_brand?post=2193"},{"taxonomy":"product_cat","embeddable":true,"href":"https:\/\/see-ec.org\/wordpress\/wp-json\/wp\/v2\/product_cat?post=2193"},{"taxonomy":"product_tag","embeddable":true,"href":"https:\/\/see-ec.org\/wordpress\/wp-json\/wp\/v2\/product_tag?post=2193"}],"curies":[{"name":"wp","href":"https:\/\/api.w.org\/{rel}","templated":true}]}}