{"id":2190,"date":"2024-01-15T09:47:37","date_gmt":"2024-01-15T09:47:37","guid":{"rendered":"https:\/\/see-ec.org\/wordpress\/?post_type=product&#038;p=2190"},"modified":"2025-03-12T14:18:36","modified_gmt":"2025-03-12T19:18:36","slug":"diseno-de-experimentos-para-investigadores","status":"publish","type":"product","link":"https:\/\/see-ec.org\/wordpress\/producto\/diseno-de-experimentos-para-investigadores\/","title":{"rendered":"Dise\u00f1o de experimentos para investigadores"},"content":{"rendered":"<p>Los Dise\u00f1os experimentales establecen procedimientos para modificar de forma intencional un proceso bajo estudio, con el fin de aumentar la probabilidad de identificar cambios significativos en el mismo. Estas t\u00e9cnicas suelen ser de inter\u00e9s en los procesos de investigaci\u00f3n, cuando se requiere, por ejemplo, determinar la presencia (o ausencia) de cierto efecto en un grupo bajo observaci\u00f3n, comparar las medidas de una variable respuesta bajo distintos niveles de manipulaci\u00f3n, o incluso construir un modelo matem\u00e1tico para predecir futuras respuestas de un experimento.<br \/>\nEn este curso se pretende analizar los fundamentos estad\u00edsticos necesarios para realizar una adecuada planificaci\u00f3n experimental, conjuntamente con la revisi\u00f3n de herramientas disponibles en el lenguaje de programaci\u00f3n R. Se revisar\u00e1n modelos estad\u00edsticos y t\u00e9cnicas apropiadas basadas en los principios de aleatorizaci\u00f3n, la factorizaci\u00f3n y el bloqueo del dise\u00f1o, los cuales son de uso com\u00fan en proyectos de investigaci\u00f3n cuantitativa en distinto \u00e1mbitos: social, educativo, psicol\u00f3gico, procesos administrativos, control de calidad, log\u00edstica, ingenier\u00eda, agricultura, entre otros.<\/p>\n<h3>Contenido<\/h3>\n<ul>\n<li>Nociones b\u00e1sicas del dise\u00f1o experimental: Tipos de variabilidad, planificaci\u00f3n de un experimento, principios b\u00e1sicos<\/li>\n<li>Dise\u00f1os con una fuente de variaci\u00f3n: Aleatorizaci\u00f3n y modelizaci\u00f3n, An\u00e1lisis de Varianza de un factor, tama\u00f1o muestral, contrastes, m\u00e9todos de comparaciones m\u00faltiples, comprobaci\u00f3n de supuestos y <span style=\"font-weight: 400;\">procedimientos alternativos<\/span><\/li>\n<li>Dise\u00f1os con dos factores: Interacci\u00f3n y modelizaci\u00f3n, contrastes, an\u00e1lisis del modelo completo y de efectos principales, comparaciones m\u00faltiples, comprobaci\u00f3n de supuestos.<\/li>\n<li>An\u00e1lisis de Covarianza: Modelos matem\u00e1ticos, estimaci\u00f3n del modelo y comprobaci\u00f3n de supuestos, contrastes.<\/li>\n<li>Introducci\u00f3n a los Dise\u00f1os en Bloque: Dise\u00f1os completos e incompletos<\/li>\n<\/ul>\n","protected":false},"excerpt":{"rendered":"<h3>Capacitador<\/h3>\n<h3>Sergio Alberto Castillo P\u00e1ez, Ph.D.<\/h3>\n<p>Doctor (Ph.D.) en Estad\u00edstica e Investigaci\u00f3n Operativa \u2013 Universidade de Vigo (Espa\u00f1a), Magister en Docencia Universitaria &#8211; Universidad de las Fuerzas Armadas ESPE, Especialista Superior en Finanzas \u2013 Universidad Andina Sim\u00f3n Bol\u00edvar, Ingeniero Matem\u00e1tico con menci\u00f3n en Estad\u00edstica, Finanzas y Gesti\u00f3n Empresarial \u2013 Escuela Polit\u00e9cnica Nacional. Actualmente es Docente y Coordinador de investigaci\u00f3n en el Departamento de Ciencias Exactas de la Universidad de las Fuerzas Armadas ESPE, y miembro del Grupo de Investigaci\u00f3n en Modelamiento Matem\u00e1tico y del Grupo de investigaci\u00f3n en Econom\u00eda Aplicada.<br \/>\nComo investigador se ha especializado en temas relacionados a la estad\u00edstica no param\u00e9trica, geoestad\u00edstica y la promoci\u00f3n de la cultura estad\u00edstica, ejecutando diversos proyectos de investigaci\u00f3n nacionales e internacionales y cuenta con varias publicaciones cient\u00edficas y participaciones en Congresos Cient\u00edficos en Espa\u00f1a, Francia, Italia, Inglaterra, M\u00e9xico, Ecuador, entre otros.<br \/>\nCuenta con m\u00e1s de 15 a\u00f1os de experiencia en docencia universitaria en pregrado y posgrado. Su c\u00e1tedra en posgrado ha estado orientada especialmente a temas de Estad\u00edstica Inferencial y Seminarios de Investigaci\u00f3n en distintos programas de maestr\u00eda relacionados a la Docencia Universitaria, Gerencia y Administraci\u00f3n Hospitalaria, MBA, Finanzas, Matem\u00e1ticas, Producci\u00f3n, Gesti\u00f3n de Calidad, Log\u00edstica, Gesti\u00f3n de Riesgo, entre otros, en distintas universidades nacionales e internacionales .<\/p>\n","protected":false},"featured_media":2192,"template":"","meta":{"nf_dc_page":"","content-type":"","om_disable_all_campaigns":false,"_uag_custom_page_level_css":"","_monsterinsights_skip_tracking":false,"_monsterinsights_sitenote_active":false,"_monsterinsights_sitenote_note":"","_monsterinsights_sitenote_category":0,"_uf_show_specific_survey":0,"_uf_disable_surveys":false},"product_brand":[],"product_cat":[28,36],"product_tag":[],"class_list":{"0":"post-2190","1":"product","2":"type-product","3":"status-publish","4":"has-post-thumbnail","6":"product_cat-estadistica-aplicada","7":"product_cat-investigacion","9":"first","10":"outofstock","11":"shipping-taxable","12":"product-type-simple"},"aioseo_notices":[],"uagb_featured_image_src":{"full":["https:\/\/i0.wp.com\/see-ec.org\/wordpress\/wp-content\/uploads\/2024\/01\/DISENO-DE-EXPERIMENTOS-PARA-INVESTIGADORES.png?fit=1000%2C1000&ssl=1",1000,1000,false],"thumbnail":["https:\/\/i0.wp.com\/see-ec.org\/wordpress\/wp-content\/uploads\/2024\/01\/DISENO-DE-EXPERIMENTOS-PARA-INVESTIGADORES.png?resize=150%2C150&ssl=1",150,150,true],"medium":["https:\/\/i0.wp.com\/see-ec.org\/wordpress\/wp-content\/uploads\/2024\/01\/DISENO-DE-EXPERIMENTOS-PARA-INVESTIGADORES.png?fit=300%2C300&ssl=1",300,300,true],"medium_large":["https:\/\/i0.wp.com\/see-ec.org\/wordpress\/wp-content\/uploads\/2024\/01\/DISENO-DE-EXPERIMENTOS-PARA-INVESTIGADORES.png?fit=678%2C678&ssl=1",678,678,true],"large":["https:\/\/i0.wp.com\/see-ec.org\/wordpress\/wp-content\/uploads\/2024\/01\/DISENO-DE-EXPERIMENTOS-PARA-INVESTIGADORES.png?fit=678%2C678&ssl=1",678,678,true],"1536x1536":["https:\/\/i0.wp.com\/see-ec.org\/wordpress\/wp-content\/uploads\/2024\/01\/DISENO-DE-EXPERIMENTOS-PARA-INVESTIGADORES.png?fit=1000%2C1000&ssl=1",1000,1000,true],"2048x2048":["https:\/\/i0.wp.com\/see-ec.org\/wordpress\/wp-content\/uploads\/2024\/01\/DISENO-DE-EXPERIMENTOS-PARA-INVESTIGADORES.png?fit=1000%2C1000&ssl=1",1000,1000,true],"post-thumbnail":["https:\/\/i0.wp.com\/see-ec.org\/wordpress\/wp-content\/uploads\/2024\/01\/DISENO-DE-EXPERIMENTOS-PARA-INVESTIGADORES.png?resize=150%2C150&ssl=1",150,150,true],"gurukul-related":["https:\/\/i0.wp.com\/see-ec.org\/wordpress\/wp-content\/uploads\/2024\/01\/DISENO-DE-EXPERIMENTOS-PARA-INVESTIGADORES.png?resize=200%2C125&ssl=1",200,125,true],"woocommerce_thumbnail":["https:\/\/see-ec.org\/wordpress\/wp-content\/uploads\/2024\/01\/DISENO-DE-EXPERIMENTOS-PARA-INVESTIGADORES-300x300.png",300,300,true],"woocommerce_single":["https:\/\/see-ec.org\/wordpress\/wp-content\/uploads\/2024\/01\/DISENO-DE-EXPERIMENTOS-PARA-INVESTIGADORES.png",600,600,false],"woocommerce_gallery_thumbnail":["https:\/\/see-ec.org\/wordpress\/wp-content\/uploads\/2024\/01\/DISENO-DE-EXPERIMENTOS-PARA-INVESTIGADORES-100x100.png",100,100,true]},"uagb_author_info":{"display_name":"see.ecuador2","author_link":"https:\/\/see-ec.org\/wordpress\/author\/"},"uagb_comment_info":0,"uagb_excerpt":"Capacitador Sergio Alberto Castillo P\u00e1ez, Ph.D. Doctor (Ph.D.) en Estad\u00edstica e Investigaci\u00f3n Operativa \u2013 Universidade de Vigo (Espa\u00f1a), Magister en Docencia Universitaria - Universidad de las Fuerzas Armadas ESPE, Especialista Superior en Finanzas \u2013 Universidad Andina Sim\u00f3n Bol\u00edvar, Ingeniero Matem\u00e1tico con menci\u00f3n en Estad\u00edstica, Finanzas y Gesti\u00f3n Empresarial \u2013 Escuela Polit\u00e9cnica Nacional. Actualmente es Docente&hellip;","jetpack_sharing_enabled":true,"_links":{"self":[{"href":"https:\/\/see-ec.org\/wordpress\/wp-json\/wp\/v2\/product\/2190","targetHints":{"allow":["GET"]}}],"collection":[{"href":"https:\/\/see-ec.org\/wordpress\/wp-json\/wp\/v2\/product"}],"about":[{"href":"https:\/\/see-ec.org\/wordpress\/wp-json\/wp\/v2\/types\/product"}],"wp:featuredmedia":[{"embeddable":true,"href":"https:\/\/see-ec.org\/wordpress\/wp-json\/wp\/v2\/media\/2192"}],"wp:attachment":[{"href":"https:\/\/see-ec.org\/wordpress\/wp-json\/wp\/v2\/media?parent=2190"}],"wp:term":[{"taxonomy":"product_brand","embeddable":true,"href":"https:\/\/see-ec.org\/wordpress\/wp-json\/wp\/v2\/product_brand?post=2190"},{"taxonomy":"product_cat","embeddable":true,"href":"https:\/\/see-ec.org\/wordpress\/wp-json\/wp\/v2\/product_cat?post=2190"},{"taxonomy":"product_tag","embeddable":true,"href":"https:\/\/see-ec.org\/wordpress\/wp-json\/wp\/v2\/product_tag?post=2190"}],"curies":[{"name":"wp","href":"https:\/\/api.w.org\/{rel}","templated":true}]}}