{"id":2187,"date":"2024-01-15T09:44:35","date_gmt":"2024-01-15T09:44:35","guid":{"rendered":"https:\/\/see-ec.org\/wordpress\/?post_type=product&#038;p=2187"},"modified":"2025-03-12T14:18:20","modified_gmt":"2025-03-12T19:18:20","slug":"diseno-de-dashboards-gerenciales","status":"publish","type":"product","link":"https:\/\/see-ec.org\/wordpress\/producto\/diseno-de-dashboards-gerenciales\/","title":{"rendered":"Dise\u00f1o de Dashboards gerenciales"},"content":{"rendered":"<p>\u00bfQu\u00e9 es un dashboard?<br \/>\nUn dashboard es una interfaz gr\u00e1fica de usuario que representa un tablero de control e indicadores y que tienen como objetivo el organizar, almacenar y mostrar informaci\u00f3n relevante de m\u00faltiples fuentes de datos en un solo lugar de f\u00e1cil acceso, facilitando la toma de decisiones dentro una empresa a distintos niveles de supervisi\u00f3n.<br \/>\n\u00bfPara qu\u00e9 sirve?<br \/>\nLa creaci\u00f3n de dashboards, permite desarrollar nuevas destrezas a trav\u00e9s de un proceso de ingenier\u00eda invertido, backward design, que facilita el descubrimiento de novedosas formas de estructurar tablas de datos, basados en los inputs de las gr\u00e1ficas a desarrollar, flexibilizando los criterios de dise\u00f1o a trav\u00e9s del uso de tablas din\u00e1micas .<br \/>\nAdicionalmente, la comprensi\u00f3n de las posibilidades, potencialidades y limitaciones del dise\u00f1o de dashboards gerenciales en Microsoft Excel, permite desarrollar criterios de dise\u00f1o de prototipos de visualizaci\u00f3n al igual que ajustar expectativas de softwares comerciales especializados.<br \/>\n\u00bfPor qu\u00e9 utilizar Microsoft Excel?<br \/>\nMicrosoft Excel es una hoja de c\u00e1lculo de uso universal, que se ha convertido en un denominador com\u00fan en la industria del an\u00e1lisis de datos debido a su versatilidad de uso tanto a niveles iniciales como avanzados.<br \/>\nPor este motivo, despu\u00e9s de conocer esta herramienta para realizar estructuraci\u00f3n de peque\u00f1as tablas de datos y graficaciones b\u00e1sicas, esta puede ser utilizada para el desarrollo de tableros de indicadores gerenciales que permitan tomar decisiones a nivel empresarial con mayor o menor profundidad utilizando criterios s\u00f3lidos de narrativa visual.<\/p>\n<h3>Contenido<\/h3>\n<ul>\n<li><b>Construcci\u00f3n de gr\u00e1ficas en Microsoft Excel<\/b>\n<ul>\n<li>Tipos de diagramas de barras<\/li>\n<li><span style=\"font-weight: 400;\">Gr\u00e1ficos de tendencia y l\u00edneas<\/span><\/li>\n<li>Diagramas circulares<\/li>\n<li>Diagramas de dispersi\u00f3n<\/li>\n<li>Diagramas polares<\/li>\n<li>Diagrama de proporci\u00f3n (Treemap)<\/li>\n<\/ul>\n<\/li>\n<li>Estructuraci\u00f3n de tablas de datos\n<ul>\n<li>Tablas horizontales<\/li>\n<li>Tablas verticales<\/li>\n<\/ul>\n<\/li>\n<li>Importaci\u00f3n, Preparaci\u00f3n de datos\n<ul>\n<li>Conexi\u00f3n a una gran variedad de fuentes de datos locales y de internet<\/li>\n<li>Editor de consultas (Power Query Editor):\n<ul>\n<li>Parametrizaci\u00f3n de variables<\/li>\n<li>Creaci\u00f3n de campos variables derivadas<\/li>\n<li>Combinaci\u00f3n de consultas: Criterios de fusi\u00f3n y anexi\u00f3n (Merge &amp; Append)<\/li>\n<\/ul>\n<\/li>\n<\/ul>\n<\/li>\n<li>Creaci\u00f3n de reportes y visualizaciones\n<ul>\n<li>Tablas y matrices<\/li>\n<li>Gr\u00e1ficos combinados<\/li>\n<li>Segmentaci\u00f3n<\/li>\n<li>Controles de formularios<\/li>\n<li>Interacci\u00f3n entre visualizaciones<\/li>\n<\/ul>\n<\/li>\n<li>Uso compartido\n<ul>\n<li>Infraestructura para utilizar y compartir reportes<\/li>\n<li>Creaci\u00f3n de un sistema integrado de reportes<\/li>\n<li>Emulaci\u00f3n de sistemas de auditor\u00eda y uso de reporter\u00eda<\/li>\n<\/ul>\n<\/li>\n<\/ul>\n","protected":false},"excerpt":{"rendered":"<h3>Capacitadora<\/h3>\n<p>Scarlett Abalco, Ing.<\/p>\n","protected":false},"featured_media":2189,"template":"","meta":{"nf_dc_page":"","content-type":"","om_disable_all_campaigns":false,"_uag_custom_page_level_css":"","_monsterinsights_skip_tracking":false,"_monsterinsights_sitenote_active":false,"_monsterinsights_sitenote_note":"","_monsterinsights_sitenote_category":0,"_uf_show_specific_survey":0,"_uf_disable_surveys":false},"product_brand":[],"product_cat":[34,42],"product_tag":[],"class_list":{"0":"post-2187","1":"product","2":"type-product","3":"status-publish","4":"has-post-thumbnail","6":"product_cat-bi-y-reporteria","7":"product_cat-excel","9":"first","10":"outofstock","11":"shipping-taxable","12":"product-type-simple"},"aioseo_notices":[],"uagb_featured_image_src":{"full":["https:\/\/i0.wp.com\/see-ec.org\/wordpress\/wp-content\/uploads\/2024\/01\/DISENO-DE-DASHBOARDS-GERENCIALES.png?fit=1000%2C1000&ssl=1",1000,1000,false],"thumbnail":["https:\/\/i0.wp.com\/see-ec.org\/wordpress\/wp-content\/uploads\/2024\/01\/DISENO-DE-DASHBOARDS-GERENCIALES.png?resize=150%2C150&ssl=1",150,150,true],"medium":["https:\/\/i0.wp.com\/see-ec.org\/wordpress\/wp-content\/uploads\/2024\/01\/DISENO-DE-DASHBOARDS-GERENCIALES.png?fit=300%2C300&ssl=1",300,300,true],"medium_large":["https:\/\/i0.wp.com\/see-ec.org\/wordpress\/wp-content\/uploads\/2024\/01\/DISENO-DE-DASHBOARDS-GERENCIALES.png?fit=678%2C678&ssl=1",678,678,true],"large":["https:\/\/i0.wp.com\/see-ec.org\/wordpress\/wp-content\/uploads\/2024\/01\/DISENO-DE-DASHBOARDS-GERENCIALES.png?fit=678%2C678&ssl=1",678,678,true],"1536x1536":["https:\/\/i0.wp.com\/see-ec.org\/wordpress\/wp-content\/uploads\/2024\/01\/DISENO-DE-DASHBOARDS-GERENCIALES.png?fit=1000%2C1000&ssl=1",1000,1000,true],"2048x2048":["https:\/\/i0.wp.com\/see-ec.org\/wordpress\/wp-content\/uploads\/2024\/01\/DISENO-DE-DASHBOARDS-GERENCIALES.png?fit=1000%2C1000&ssl=1",1000,1000,true],"post-thumbnail":["https:\/\/i0.wp.com\/see-ec.org\/wordpress\/wp-content\/uploads\/2024\/01\/DISENO-DE-DASHBOARDS-GERENCIALES.png?resize=150%2C150&ssl=1",150,150,true],"gurukul-related":["https:\/\/i0.wp.com\/see-ec.org\/wordpress\/wp-content\/uploads\/2024\/01\/DISENO-DE-DASHBOARDS-GERENCIALES.png?resize=200%2C125&ssl=1",200,125,true],"woocommerce_thumbnail":["https:\/\/see-ec.org\/wordpress\/wp-content\/uploads\/2024\/01\/DISENO-DE-DASHBOARDS-GERENCIALES-300x300.png",300,300,true],"woocommerce_single":["https:\/\/see-ec.org\/wordpress\/wp-content\/uploads\/2024\/01\/DISENO-DE-DASHBOARDS-GERENCIALES.png",600,600,false],"woocommerce_gallery_thumbnail":["https:\/\/see-ec.org\/wordpress\/wp-content\/uploads\/2024\/01\/DISENO-DE-DASHBOARDS-GERENCIALES-100x100.png",100,100,true]},"uagb_author_info":{"display_name":"see.ecuador2","author_link":"https:\/\/see-ec.org\/wordpress\/author\/"},"uagb_comment_info":0,"uagb_excerpt":"Capacitadora Scarlett Abalco, Ing.","jetpack_sharing_enabled":true,"_links":{"self":[{"href":"https:\/\/see-ec.org\/wordpress\/wp-json\/wp\/v2\/product\/2187","targetHints":{"allow":["GET"]}}],"collection":[{"href":"https:\/\/see-ec.org\/wordpress\/wp-json\/wp\/v2\/product"}],"about":[{"href":"https:\/\/see-ec.org\/wordpress\/wp-json\/wp\/v2\/types\/product"}],"wp:featuredmedia":[{"embeddable":true,"href":"https:\/\/see-ec.org\/wordpress\/wp-json\/wp\/v2\/media\/2189"}],"wp:attachment":[{"href":"https:\/\/see-ec.org\/wordpress\/wp-json\/wp\/v2\/media?parent=2187"}],"wp:term":[{"taxonomy":"product_brand","embeddable":true,"href":"https:\/\/see-ec.org\/wordpress\/wp-json\/wp\/v2\/product_brand?post=2187"},{"taxonomy":"product_cat","embeddable":true,"href":"https:\/\/see-ec.org\/wordpress\/wp-json\/wp\/v2\/product_cat?post=2187"},{"taxonomy":"product_tag","embeddable":true,"href":"https:\/\/see-ec.org\/wordpress\/wp-json\/wp\/v2\/product_tag?post=2187"}],"curies":[{"name":"wp","href":"https:\/\/api.w.org\/{rel}","templated":true}]}}