{"id":2168,"date":"2024-01-15T09:19:03","date_gmt":"2024-01-15T09:19:03","guid":{"rendered":"https:\/\/see-ec.org\/wordpress\/?post_type=product&#038;p=2168"},"modified":"2025-03-12T14:21:15","modified_gmt":"2025-03-12T19:21:15","slug":"creando-aplicaciones-moviles-para-implementar-modelos-de-machine-learning","status":"publish","type":"product","link":"https:\/\/see-ec.org\/wordpress\/producto\/creando-aplicaciones-moviles-para-implementar-modelos-de-machine-learning\/","title":{"rendered":"Creando aplicaciones m\u00f3viles para implementar modelos de Machine Learning"},"content":{"rendered":"<p>Un escenario muy com\u00fan al que se enfrenta todo cient\u00edfico de datos es tener que poner en producci\u00f3n un modelo de machine learning. Sin embargo, con mucha frecuencia estos se quedan en un jupyter notebook y nunca llegan a ponerse en producci\u00f3n para generar verdadero valor de negocio.<br \/>\nLos desarrolladores de aplicaciones m\u00f3viles tienen mucho que ganar con las transformaciones innovadoras que ofrece Machine Learning (ML) en toda la industria. Esto es posible debido a las capacidades t\u00e9cnicas que ofrecen las aplicaciones m\u00f3viles, lo que permite interfaces de usuario m\u00e1s fluidas, experiencias y potenciar a las empresas con caracter\u00edsticas destacadas, como la entrega de sugerencias precisas basadas en la ubicaci\u00f3n o la detecci\u00f3n inmediata de enfermedades cr\u00f3nicas.<\/p>\n<h3>Contenido:<\/h3>\n<ul>\n<li>Construcci\u00f3n de modelos de machine learning\n<ul>\n<li>Aprendizaje Supervisado\n<ul>\n<li>Diagn\u00f3stico de pacientes con diabetes<\/li>\n<\/ul>\n<\/li>\n<li>Reconocimiento de im\u00e1genes\n<ul>\n<li>Detecci\u00f3n de Covid 19 usando fotos radiograf\u00edas<\/li>\n<\/ul>\n<\/li>\n<li>Detecci\u00f3n de Objetos\n<ul>\n<li>Detecci\u00f3n de rostros en un video en tiempo real<\/li>\n<\/ul>\n<\/li>\n<\/ul>\n<\/li>\n<li>Implementaci\u00f3n de modelos de machine learning como servicios web.\n<ul>\n<li>Elaboraci\u00f3n de API Rest<\/li>\n<li>Deploy de aplicativo en la nube<\/li>\n<\/ul>\n<\/li>\n<li>Implementaci\u00f3n de FrontEnd m\u00f3vil con Flutter\n<ul>\n<li>Elaboraci\u00f3n de interfaz m\u00f3vil<\/li>\n<li>Consumo y env\u00edo de datos al API de Machine Learning<\/li>\n<li>Subida de aplicaci\u00f3n a tiendas<\/li>\n<\/ul>\n<\/li>\n<\/ul>\n","protected":false},"excerpt":{"rendered":"<h3>Capacitadores<\/h3>\n<h3>Roberto Esteves, Ing.<\/h3>\n<p>Ing. Sistemas por vocaci\u00f3n y marketero por decisi\u00f3n, tiene 18 a\u00f1os de experiencia en Marketing Digital en banca, junto a manejo de innovaci\u00f3n y tecnolog\u00eda en \u00e1reas como medios de comunicaci\u00f3n y empresas de telecomunicaciones<br \/>\nSubdirector del n\u00facleo Guayas de la Sociedad Ecuatoriana de Estad\u00edstica, cuenta con un Nanodegree de Udacity en Data Science, certificado por la SEE, IBM, Platzi en Ciencia de Datos.<br \/>\nConsultor de marketing y comunicaci\u00f3n, se ha dedicado al estudio del comportamiento de los usuarios en redes sociales para encontrar insights que permitan elaborar mejores campa\u00f1as.<\/p>\n<h3>David Sol\u00eds, Ing.<\/h3>\n<p>Ingeniero en Sistemas con m\u00e1s de 15 a\u00f1os de experiencia en el mundo publicitario, trabajando m\u00faltiples proyectos de innovaci\u00f3n tecnol\u00f3gica junto a las empresas m\u00e1s reconocidas del pa\u00eds.<\/p>\n<p>Gerente General de la agencia de publicidad Geeks Ecuador, l\u00edder de proyectos junto a marcas dentro del top 100 de empresas de Ecuador, como: Duragas, Claro, Pepsi, Grupo Nobis, Banco de Guayaquil, entre otras.<\/p>\n<p>Amante de las nuevas tecnolog\u00edas e innovaci\u00f3n empresarial, cuenta con estudios de \u201cBusiness Excellence\u201d de Disney Institute en Orlando Florida y certificaci\u00f3n de \u201cEssential Coach\u201d para el desarrollo personal.<br \/>\nDocente de Desarrollo m\u00f3vil con Flutter para creaci\u00f3n de ecosistemas y modelos de negocios.<\/p>\n","protected":false},"featured_media":2170,"template":"","meta":{"nf_dc_page":"","content-type":"","om_disable_all_campaigns":false,"_uag_custom_page_level_css":"","_monsterinsights_skip_tracking":false,"_monsterinsights_sitenote_active":false,"_monsterinsights_sitenote_note":"","_monsterinsights_sitenote_category":0,"_uf_show_specific_survey":0,"_uf_disable_surveys":false},"product_brand":[],"product_cat":[35,38,44],"product_tag":[],"class_list":{"0":"post-2168","1":"product","2":"type-product","3":"status-publish","4":"has-post-thumbnail","6":"product_cat-data-science","7":"product_cat-programacion","8":"product_cat-python","10":"first","11":"outofstock","12":"shipping-taxable","13":"product-type-simple"},"aioseo_notices":[],"uagb_featured_image_src":{"full":["https:\/\/i0.wp.com\/see-ec.org\/wordpress\/wp-content\/uploads\/2024\/01\/CREANDO-APLICACIONES-MOVILES-PARA-IMPLEMENTAR-MODELOS-DE-MACHINE-LEARNING.png?fit=1000%2C1000&ssl=1",1000,1000,false],"thumbnail":["https:\/\/i0.wp.com\/see-ec.org\/wordpress\/wp-content\/uploads\/2024\/01\/CREANDO-APLICACIONES-MOVILES-PARA-IMPLEMENTAR-MODELOS-DE-MACHINE-LEARNING.png?resize=150%2C150&ssl=1",150,150,true],"medium":["https:\/\/i0.wp.com\/see-ec.org\/wordpress\/wp-content\/uploads\/2024\/01\/CREANDO-APLICACIONES-MOVILES-PARA-IMPLEMENTAR-MODELOS-DE-MACHINE-LEARNING.png?fit=300%2C300&ssl=1",300,300,true],"medium_large":["https:\/\/i0.wp.com\/see-ec.org\/wordpress\/wp-content\/uploads\/2024\/01\/CREANDO-APLICACIONES-MOVILES-PARA-IMPLEMENTAR-MODELOS-DE-MACHINE-LEARNING.png?fit=678%2C678&ssl=1",678,678,true],"large":["https:\/\/i0.wp.com\/see-ec.org\/wordpress\/wp-content\/uploads\/2024\/01\/CREANDO-APLICACIONES-MOVILES-PARA-IMPLEMENTAR-MODELOS-DE-MACHINE-LEARNING.png?fit=678%2C678&ssl=1",678,678,true],"1536x1536":["https:\/\/i0.wp.com\/see-ec.org\/wordpress\/wp-content\/uploads\/2024\/01\/CREANDO-APLICACIONES-MOVILES-PARA-IMPLEMENTAR-MODELOS-DE-MACHINE-LEARNING.png?fit=1000%2C1000&ssl=1",1000,1000,true],"2048x2048":["https:\/\/i0.wp.com\/see-ec.org\/wordpress\/wp-content\/uploads\/2024\/01\/CREANDO-APLICACIONES-MOVILES-PARA-IMPLEMENTAR-MODELOS-DE-MACHINE-LEARNING.png?fit=1000%2C1000&ssl=1",1000,1000,true],"post-thumbnail":["https:\/\/i0.wp.com\/see-ec.org\/wordpress\/wp-content\/uploads\/2024\/01\/CREANDO-APLICACIONES-MOVILES-PARA-IMPLEMENTAR-MODELOS-DE-MACHINE-LEARNING.png?resize=150%2C150&ssl=1",150,150,true],"gurukul-related":["https:\/\/i0.wp.com\/see-ec.org\/wordpress\/wp-content\/uploads\/2024\/01\/CREANDO-APLICACIONES-MOVILES-PARA-IMPLEMENTAR-MODELOS-DE-MACHINE-LEARNING.png?resize=200%2C125&ssl=1",200,125,true],"woocommerce_thumbnail":["https:\/\/see-ec.org\/wordpress\/wp-content\/uploads\/2024\/01\/CREANDO-APLICACIONES-MOVILES-PARA-IMPLEMENTAR-MODELOS-DE-MACHINE-LEARNING-300x300.png",300,300,true],"woocommerce_single":["https:\/\/see-ec.org\/wordpress\/wp-content\/uploads\/2024\/01\/CREANDO-APLICACIONES-MOVILES-PARA-IMPLEMENTAR-MODELOS-DE-MACHINE-LEARNING.png",600,600,false],"woocommerce_gallery_thumbnail":["https:\/\/see-ec.org\/wordpress\/wp-content\/uploads\/2024\/01\/CREANDO-APLICACIONES-MOVILES-PARA-IMPLEMENTAR-MODELOS-DE-MACHINE-LEARNING-100x100.png",100,100,true]},"uagb_author_info":{"display_name":"see.ecuador2","author_link":"https:\/\/see-ec.org\/wordpress\/author\/"},"uagb_comment_info":0,"uagb_excerpt":"Capacitadores Roberto Esteves, Ing. Ing. Sistemas por vocaci\u00f3n y marketero por decisi\u00f3n, tiene 18 a\u00f1os de experiencia en Marketing Digital en banca, junto a manejo de innovaci\u00f3n y tecnolog\u00eda en \u00e1reas como medios de comunicaci\u00f3n y empresas de telecomunicaciones Subdirector del n\u00facleo Guayas de la Sociedad Ecuatoriana de Estad\u00edstica, cuenta con un Nanodegree de Udacity&hellip;","jetpack_sharing_enabled":true,"_links":{"self":[{"href":"https:\/\/see-ec.org\/wordpress\/wp-json\/wp\/v2\/product\/2168","targetHints":{"allow":["GET"]}}],"collection":[{"href":"https:\/\/see-ec.org\/wordpress\/wp-json\/wp\/v2\/product"}],"about":[{"href":"https:\/\/see-ec.org\/wordpress\/wp-json\/wp\/v2\/types\/product"}],"wp:featuredmedia":[{"embeddable":true,"href":"https:\/\/see-ec.org\/wordpress\/wp-json\/wp\/v2\/media\/2170"}],"wp:attachment":[{"href":"https:\/\/see-ec.org\/wordpress\/wp-json\/wp\/v2\/media?parent=2168"}],"wp:term":[{"taxonomy":"product_brand","embeddable":true,"href":"https:\/\/see-ec.org\/wordpress\/wp-json\/wp\/v2\/product_brand?post=2168"},{"taxonomy":"product_cat","embeddable":true,"href":"https:\/\/see-ec.org\/wordpress\/wp-json\/wp\/v2\/product_cat?post=2168"},{"taxonomy":"product_tag","embeddable":true,"href":"https:\/\/see-ec.org\/wordpress\/wp-json\/wp\/v2\/product_tag?post=2168"}],"curies":[{"name":"wp","href":"https:\/\/api.w.org\/{rel}","templated":true}]}}