{"id":2162,"date":"2024-01-15T09:08:39","date_gmt":"2024-01-15T09:08:39","guid":{"rendered":"https:\/\/see-ec.org\/wordpress\/?post_type=product&#038;p=2162"},"modified":"2025-03-12T14:21:23","modified_gmt":"2025-03-12T19:21:23","slug":"construccion-de-indices-con-analisis-multivariante","status":"publish","type":"product","link":"https:\/\/see-ec.org\/wordpress\/producto\/construccion-de-indices-con-analisis-multivariante\/","title":{"rendered":"Construcci\u00f3n de \u00edndices con an\u00e1lisis multivariante"},"content":{"rendered":"<p><span style=\"font-weight: 400;\">Este primer m\u00f3dulo de An\u00e1lisis Multivariante proporciona las herramientas algebraicas, estad\u00edsticas y computacionales para describir el comportamiento de una poblaci\u00f3n objeto de estudio a trav\u00e9s de p-variables independientes, de tal manera que un an\u00e1lisis conjunto de ellas, permita la obtenci\u00f3n de nuevas variables o la determinaci\u00f3n de nuevos grupos que resuma el conjunto de datos con la m\u00ednima p\u00e9rdida de informaci\u00f3n en el proceso.<\/span><\/p>\n<p>Durante el curso los estudiantes podr\u00e1n interpretar una realidad latente objeto de estudio mediante un conjunto de caracter\u00edsticas cualitativas y cuantitativas medidas sobre un conjunto de objetos, determinar la t\u00e9cnica m\u00e1s adecuada para la reducci\u00f3n de dimensionalidad y construcci\u00f3n de grupos con la m\u00ednima p\u00e9rdida de informaci\u00f3n.<\/p>\n<h3>Contenido:<\/h3>\n<ul>\n<li>Preliminares y An\u00e1lisis Previo de los Datos\n<ul>\n<li>Introducci\u00f3n al an\u00e1lisis de datos multivariantes<\/li>\n<li>Caracterizaci\u00f3n de objetos, medidas y escalas<\/li>\n<li>Elementos de \u00e1lgebra matricial<\/li>\n<li>Variables aleatorias multidimensionales<\/li>\n<li>Descripci\u00f3n de vectores aleatorios, valores perdidos, outliers y supuestos<\/li>\n<\/ul>\n<\/li>\n<li>An\u00e1lisis de Componentes Principales\n<ul>\n<li>Introducci\u00f3n<\/li>\n<li>Determinaci\u00f3n y generaci\u00f3n de componentes<\/li>\n<li>Secci\u00f3n \u00f3ptima de componentes<\/li>\n<li>Interpretaci\u00f3n de resultados<\/li>\n<\/ul>\n<\/li>\n<li>Escalado Multidimensional\n<ul>\n<li>Introducci\u00f3n<\/li>\n<li>Tipos de escalamientos<\/li>\n<li>Concepto de proximidad o similaridad<\/li>\n<li>Relaci\u00f3n entre escalamiento y componentes principales<\/li>\n<\/ul>\n<\/li>\n<li>An\u00e1lisis Factorial\n<ul>\n<li>Especificaci\u00f3n<\/li>\n<li>Estimaci\u00f3n<\/li>\n<li>Validaci\u00f3n<\/li>\n<li>Predicci\u00f3n<\/li>\n<\/ul>\n<\/li>\n<li>An\u00e1lisis de Conglomerados\n<ul>\n<li>Introducci\u00f3n<\/li>\n<li>Medidas de similaridad<\/li>\n<li>M\u00e9todos de agrupamiento<\/li>\n<li>Determinaci\u00f3n de los conglomerados<\/li>\n<\/ul>\n<\/li>\n<li>An\u00e1lisis de Correspondencia\n<ul>\n<li>Introducci\u00f3n<\/li>\n<li>Tabla de contingencia y distancia ji-cuadrado<\/li>\n<li>Asignaci\u00f3n de puntuaciones<\/li>\n<li>Interpretaci\u00f3n<\/li>\n<\/ul>\n<\/li>\n<\/ul>\n","protected":false},"excerpt":{"rendered":"<h3>Capacitador<\/h3>\n<h3>Andr\u00e9s Alejandro Galvis Correa, MSc<\/h3>\n<p>Ingeniero Financiero &#8211; Universidad de Medell\u00edn, M.Sc. Estad\u00edstica Aplicada &#8211; Escuela Polit\u00e9cnica Nacional (Cum Laude) y PhD(c) Modelaci\u00f3n Matem\u00e1tica y Computaci\u00f3n Cient\u00edfica \u2013 Universidad de Medell\u00edn. Es miembro del directorio y coordinador acad\u00e9mico de la Sociedad Ecuatoriana de Estad\u00edstica (SEE) desde al a\u00f1o 2013.<br \/>\nCuenta con m\u00e1s de 15 a\u00f1os de experiencia en docencia universitaria en pregrado y posgrado, es docente e investigador a tiempo completo en la Universidad de las Fuerzas Armadas \u2013 ESPE y a medio tiempo en la Universidad de las Am\u00e9ricas \u2013 UDLA; tambi\u00e9n se desempe\u00f1a como Gerente Financiero de la compa\u00f1\u00eda Emind Cia Ltda.<br \/>\nTanto a nivel de pregrado y posgrado a dictado las siguientes materias: Teor\u00eda de la Probabilidad, Teor\u00eda de la Estimaci\u00f3n, Procesos Estoc\u00e1sticos, An\u00e1lisis y Dise\u00f1o de Experimentos, Econometr\u00eda Financiera, Finanzas Corporativas, Valoraci\u00f3n de Empresas, Mercado Burs\u00e1til, y Mercado de Futuros y Opciones.<br \/>\nHa desarrollado programas y mallas acad\u00e9micas para pregrado y posgrado, adem\u00e1s de elaborar instrumentos de evaluaci\u00f3n del aprendizaje y evaluaci\u00f3n integral docente. Ha dirigido tesis de pregrado y posgrado tanto para universidades en Ecuador como en Colombia, lo cual le ha permitido realizar publicaciones indexadas a Scopus y Latindex en los campos de Medicina, Odontolog\u00eda, Econom\u00eda, Ingenier\u00eda y Finanzas.<br \/>\nEn la parte privada, es consultor en el campo de investigaci\u00f3n por muestreo, dise\u00f1o y an\u00e1lisis de experimentos, medici\u00f3n del riesgo financiero, valoraci\u00f3n de empresas, y validaci\u00f3n de instrumentos de medici\u00f3n y metodolog\u00edas para el levantamiento de datos.<\/p>\n","protected":false},"featured_media":2164,"template":"","meta":{"nf_dc_page":"","content-type":"","om_disable_all_campaigns":false,"_uag_custom_page_level_css":"","_monsterinsights_skip_tracking":false,"_monsterinsights_sitenote_active":false,"_monsterinsights_sitenote_note":"","_monsterinsights_sitenote_category":0,"_uf_show_specific_survey":0,"_uf_disable_surveys":false},"product_brand":[],"product_cat":[28,36],"product_tag":[],"class_list":{"0":"post-2162","1":"product","2":"type-product","3":"status-publish","4":"has-post-thumbnail","6":"product_cat-estadistica-aplicada","7":"product_cat-investigacion","9":"first","10":"outofstock","11":"shipping-taxable","12":"product-type-simple"},"aioseo_notices":[],"uagb_featured_image_src":{"full":["https:\/\/i0.wp.com\/see-ec.org\/wordpress\/wp-content\/uploads\/2024\/01\/CONSTRUCCION-DE-INDICES-CON-ANALISIS-MULTIVARIANTE.png?fit=1000%2C1000&ssl=1",1000,1000,false],"thumbnail":["https:\/\/i0.wp.com\/see-ec.org\/wordpress\/wp-content\/uploads\/2024\/01\/CONSTRUCCION-DE-INDICES-CON-ANALISIS-MULTIVARIANTE.png?resize=150%2C150&ssl=1",150,150,true],"medium":["https:\/\/i0.wp.com\/see-ec.org\/wordpress\/wp-content\/uploads\/2024\/01\/CONSTRUCCION-DE-INDICES-CON-ANALISIS-MULTIVARIANTE.png?fit=300%2C300&ssl=1",300,300,true],"medium_large":["https:\/\/i0.wp.com\/see-ec.org\/wordpress\/wp-content\/uploads\/2024\/01\/CONSTRUCCION-DE-INDICES-CON-ANALISIS-MULTIVARIANTE.png?fit=678%2C678&ssl=1",678,678,true],"large":["https:\/\/i0.wp.com\/see-ec.org\/wordpress\/wp-content\/uploads\/2024\/01\/CONSTRUCCION-DE-INDICES-CON-ANALISIS-MULTIVARIANTE.png?fit=678%2C678&ssl=1",678,678,true],"1536x1536":["https:\/\/i0.wp.com\/see-ec.org\/wordpress\/wp-content\/uploads\/2024\/01\/CONSTRUCCION-DE-INDICES-CON-ANALISIS-MULTIVARIANTE.png?fit=1000%2C1000&ssl=1",1000,1000,true],"2048x2048":["https:\/\/i0.wp.com\/see-ec.org\/wordpress\/wp-content\/uploads\/2024\/01\/CONSTRUCCION-DE-INDICES-CON-ANALISIS-MULTIVARIANTE.png?fit=1000%2C1000&ssl=1",1000,1000,true],"post-thumbnail":["https:\/\/i0.wp.com\/see-ec.org\/wordpress\/wp-content\/uploads\/2024\/01\/CONSTRUCCION-DE-INDICES-CON-ANALISIS-MULTIVARIANTE.png?resize=150%2C150&ssl=1",150,150,true],"gurukul-related":["https:\/\/i0.wp.com\/see-ec.org\/wordpress\/wp-content\/uploads\/2024\/01\/CONSTRUCCION-DE-INDICES-CON-ANALISIS-MULTIVARIANTE.png?resize=200%2C125&ssl=1",200,125,true],"woocommerce_thumbnail":["https:\/\/see-ec.org\/wordpress\/wp-content\/uploads\/2024\/01\/CONSTRUCCION-DE-INDICES-CON-ANALISIS-MULTIVARIANTE-300x300.png",300,300,true],"woocommerce_single":["https:\/\/see-ec.org\/wordpress\/wp-content\/uploads\/2024\/01\/CONSTRUCCION-DE-INDICES-CON-ANALISIS-MULTIVARIANTE.png",600,600,false],"woocommerce_gallery_thumbnail":["https:\/\/see-ec.org\/wordpress\/wp-content\/uploads\/2024\/01\/CONSTRUCCION-DE-INDICES-CON-ANALISIS-MULTIVARIANTE-100x100.png",100,100,true]},"uagb_author_info":{"display_name":"see.ecuador2","author_link":"https:\/\/see-ec.org\/wordpress\/author\/"},"uagb_comment_info":0,"uagb_excerpt":"Capacitador Andr\u00e9s Alejandro Galvis Correa, MSc Ingeniero Financiero - Universidad de Medell\u00edn, M.Sc. Estad\u00edstica Aplicada - Escuela Polit\u00e9cnica Nacional (Cum Laude) y PhD(c) Modelaci\u00f3n Matem\u00e1tica y Computaci\u00f3n Cient\u00edfica \u2013 Universidad de Medell\u00edn. Es miembro del directorio y coordinador acad\u00e9mico de la Sociedad Ecuatoriana de Estad\u00edstica (SEE) desde al a\u00f1o 2013. Cuenta con m\u00e1s de 15&hellip;","jetpack_sharing_enabled":true,"_links":{"self":[{"href":"https:\/\/see-ec.org\/wordpress\/wp-json\/wp\/v2\/product\/2162","targetHints":{"allow":["GET"]}}],"collection":[{"href":"https:\/\/see-ec.org\/wordpress\/wp-json\/wp\/v2\/product"}],"about":[{"href":"https:\/\/see-ec.org\/wordpress\/wp-json\/wp\/v2\/types\/product"}],"wp:featuredmedia":[{"embeddable":true,"href":"https:\/\/see-ec.org\/wordpress\/wp-json\/wp\/v2\/media\/2164"}],"wp:attachment":[{"href":"https:\/\/see-ec.org\/wordpress\/wp-json\/wp\/v2\/media?parent=2162"}],"wp:term":[{"taxonomy":"product_brand","embeddable":true,"href":"https:\/\/see-ec.org\/wordpress\/wp-json\/wp\/v2\/product_brand?post=2162"},{"taxonomy":"product_cat","embeddable":true,"href":"https:\/\/see-ec.org\/wordpress\/wp-json\/wp\/v2\/product_cat?post=2162"},{"taxonomy":"product_tag","embeddable":true,"href":"https:\/\/see-ec.org\/wordpress\/wp-json\/wp\/v2\/product_tag?post=2162"}],"curies":[{"name":"wp","href":"https:\/\/api.w.org\/{rel}","templated":true}]}}