{"id":2159,"date":"2024-01-15T08:16:33","date_gmt":"2024-01-15T08:16:33","guid":{"rendered":"https:\/\/see-ec.org\/wordpress\/?post_type=product&#038;p=2159"},"modified":"2025-03-12T14:21:35","modified_gmt":"2025-03-12T19:21:35","slug":"business-intelligence-con-power-bi-avanzado","status":"publish","type":"product","link":"https:\/\/see-ec.org\/wordpress\/producto\/business-intelligence-con-power-bi-avanzado\/","title":{"rendered":"Business Intelligence Con Power Bi Avanzado"},"content":{"rendered":"<p><span style=\"font-weight: 400;\">El objetivo de este curso es proveer de herramientas y entrenamiento m\u00e1s profundo e intensivo de las herramientas de Power BI; a trav\u00e9s de la\u00a0 integraci\u00f3n con R y Python, actualizaci\u00f3n autom\u00e1tica de los reportes, trabajo con mapas<\/span><\/p>\n<p><span style=\"font-weight: 400;\">El curso no solamente se orienta al descubrimiento de nuevas herramientas, sino tambi\u00e9n a un entrenamiento de las habilidades de Power BI, por ello cuenta con talleres en cada cap\u00edtulo. Tambi\u00e9n se orienta a las necesidades de una empresa en crecimiento real que actualmente utiliza Power BI para llevar a cabo sus an\u00e1lisis de datos y sistemas de reporter\u00eda<\/span><\/p>\n<h3>Contenido:<\/h3>\n<ul>\n<li>DAX (nuevas funciones)\n<ul>\n<li style=\"font-weight: 400;\" aria-level=\"2\"><span style=\"font-weight: 400;\">Switch<\/span><\/li>\n<li style=\"font-weight: 400;\" aria-level=\"2\"><span style=\"font-weight: 400;\">Tablas condicionales<\/span><\/li>\n<li style=\"font-weight: 400;\" aria-level=\"2\"><span style=\"font-weight: 400;\">Niveles de seguridad<\/span><\/li>\n<li style=\"font-weight: 400;\" aria-level=\"2\"><span style=\"font-weight: 400;\">Funciones de manipulaci\u00f3n de tablas<\/span><\/li>\n<li style=\"font-weight: 400;\" aria-level=\"2\"><span style=\"font-weight: 400;\">Time intelligence functions<\/span><\/li>\n<\/ul>\n<\/li>\n<li>Conexiones de datos\n<ul>\n<li style=\"font-weight: 400;\" aria-level=\"2\"><span style=\"font-weight: 400;\">Conexiones con nuevas fuentes<\/span><\/li>\n<li style=\"font-weight: 400;\" aria-level=\"2\"><span style=\"font-weight: 400;\">Gateway<\/span><\/li>\n<li style=\"font-weight: 400;\" aria-level=\"2\"><span style=\"font-weight: 400;\">Actualizaci\u00f3n incremental<\/span><\/li>\n<li style=\"font-weight: 400;\" aria-level=\"2\"><span style=\"font-weight: 400;\">Lenguaje M<\/span><\/li>\n<\/ul>\n<\/li>\n<li>Esquemas de datos\n<ul>\n<li>Esquemas, granularidad y jerarqu\u00edas<\/li>\n<li>Relaciones bidireccionales<\/li>\n<li>Optimizar rendimiento<\/li>\n<\/ul>\n<\/li>\n<li>An\u00e1lisis exploratorio\n<ul>\n<li>EDA en PBI<\/li>\n<li>An\u00e1lisis de series de tiempo<\/li>\n<li>\u00c1rboles de descomposici\u00f3n<\/li>\n<li>Factores clave (key influencers)<\/li>\n<\/ul>\n<\/li>\n<li>Integraci\u00f3n con R\n<ul>\n<li>Transformaci\u00f3n de datos<\/li>\n<li>Gr\u00e1ficos<\/li>\n<li>Obtenci\u00f3n de datos<\/li>\n<\/ul>\n<\/li>\n<li>Integraci\u00f3n con Python\n<ul>\n<li>Ejercicio de machine learning<\/li>\n<li>Carga din\u00e1mica de datos con JSON<\/li>\n<li>SQL<\/li>\n<\/ul>\n<\/li>\n<li>Dise\u00f1o\n<ul>\n<li>Gu\u00edas de dise\u00f1o orientado al usuario<\/li>\n<\/ul>\n<\/li>\n<li>Ejercicio pr\u00e1ctico<\/li>\n<\/ul>\n","protected":false},"excerpt":{"rendered":"<h3>Capacitador<\/h3>\n<h3>David Paguay, MBA.<\/h3>\n<p>Alejandro es ingeniero en econom\u00eda y finanzas por la EPN y la Universidad Jean Monnet, cuenta con una Maestr\u00eda en Administraci\u00f3n de Empresas (MBA) en la USFQ. Su experiencia profesional de 6 a\u00f1os ha estado ligada a 3 actividades: la investigaci\u00f3n estad\u00edstica en el sector p\u00fablico; el emprendimiento y liderazgo de equipos en desarrollo de aplicaciones de Lucy -una aplicaci\u00f3n P2P de su autor\u00eda, y a la docencia, ya que ha sido instructor invitado para la Sociedad Ecuatoriana de Estad\u00edstica SEE y DS analytics impartiendo m\u00e1s de 400 horas de R y PowerBI.<br \/>\nActualmente, es analista del Ministerio de Finanzas -desempe\u00f1\u00e1ndose como Scrum M\u00e1ster en el desarrollo de un BI e investigador-. Su inter\u00e9s radica en el emprendimiento y la docencia como actividades que le permitan desarrollar su pasi\u00f3n por los datos, la innovaci\u00f3n y el liderazgo<\/p>\n","protected":false},"featured_media":2161,"template":"","meta":{"nf_dc_page":"","content-type":"","om_disable_all_campaigns":false,"_uag_custom_page_level_css":"","_monsterinsights_skip_tracking":false,"_monsterinsights_sitenote_active":false,"_monsterinsights_sitenote_note":"","_monsterinsights_sitenote_category":0,"_uf_show_specific_survey":0,"_uf_disable_surveys":false},"product_brand":[],"product_cat":[34,46],"product_tag":[],"class_list":{"0":"post-2159","1":"product","2":"type-product","3":"status-publish","4":"has-post-thumbnail","6":"product_cat-bi-y-reporteria","7":"product_cat-power-bi","9":"first","10":"outofstock","11":"shipping-taxable","12":"product-type-simple"},"aioseo_notices":[],"uagb_featured_image_src":{"full":["https:\/\/i0.wp.com\/see-ec.org\/wordpress\/wp-content\/uploads\/2024\/01\/BUSINESS-INTELLIGENCE-CON-POWER-BI-AVANZADO.png?fit=1000%2C1000&ssl=1",1000,1000,false],"thumbnail":["https:\/\/i0.wp.com\/see-ec.org\/wordpress\/wp-content\/uploads\/2024\/01\/BUSINESS-INTELLIGENCE-CON-POWER-BI-AVANZADO.png?resize=150%2C150&ssl=1",150,150,true],"medium":["https:\/\/i0.wp.com\/see-ec.org\/wordpress\/wp-content\/uploads\/2024\/01\/BUSINESS-INTELLIGENCE-CON-POWER-BI-AVANZADO.png?fit=300%2C300&ssl=1",300,300,true],"medium_large":["https:\/\/i0.wp.com\/see-ec.org\/wordpress\/wp-content\/uploads\/2024\/01\/BUSINESS-INTELLIGENCE-CON-POWER-BI-AVANZADO.png?fit=678%2C678&ssl=1",678,678,true],"large":["https:\/\/i0.wp.com\/see-ec.org\/wordpress\/wp-content\/uploads\/2024\/01\/BUSINESS-INTELLIGENCE-CON-POWER-BI-AVANZADO.png?fit=678%2C678&ssl=1",678,678,true],"1536x1536":["https:\/\/i0.wp.com\/see-ec.org\/wordpress\/wp-content\/uploads\/2024\/01\/BUSINESS-INTELLIGENCE-CON-POWER-BI-AVANZADO.png?fit=1000%2C1000&ssl=1",1000,1000,true],"2048x2048":["https:\/\/i0.wp.com\/see-ec.org\/wordpress\/wp-content\/uploads\/2024\/01\/BUSINESS-INTELLIGENCE-CON-POWER-BI-AVANZADO.png?fit=1000%2C1000&ssl=1",1000,1000,true],"post-thumbnail":["https:\/\/i0.wp.com\/see-ec.org\/wordpress\/wp-content\/uploads\/2024\/01\/BUSINESS-INTELLIGENCE-CON-POWER-BI-AVANZADO.png?resize=150%2C150&ssl=1",150,150,true],"gurukul-related":["https:\/\/i0.wp.com\/see-ec.org\/wordpress\/wp-content\/uploads\/2024\/01\/BUSINESS-INTELLIGENCE-CON-POWER-BI-AVANZADO.png?resize=200%2C125&ssl=1",200,125,true],"woocommerce_thumbnail":["https:\/\/see-ec.org\/wordpress\/wp-content\/uploads\/2024\/01\/BUSINESS-INTELLIGENCE-CON-POWER-BI-AVANZADO-300x300.png",300,300,true],"woocommerce_single":["https:\/\/see-ec.org\/wordpress\/wp-content\/uploads\/2024\/01\/BUSINESS-INTELLIGENCE-CON-POWER-BI-AVANZADO.png",600,600,false],"woocommerce_gallery_thumbnail":["https:\/\/see-ec.org\/wordpress\/wp-content\/uploads\/2024\/01\/BUSINESS-INTELLIGENCE-CON-POWER-BI-AVANZADO-100x100.png",100,100,true]},"uagb_author_info":{"display_name":"see.ecuador2","author_link":"https:\/\/see-ec.org\/wordpress\/author\/"},"uagb_comment_info":0,"uagb_excerpt":"Capacitador David Paguay, MBA. Alejandro es ingeniero en econom\u00eda y finanzas por la EPN y la Universidad Jean Monnet, cuenta con una Maestr\u00eda en Administraci\u00f3n de Empresas (MBA) en la USFQ. Su experiencia profesional de 6 a\u00f1os ha estado ligada a 3 actividades: la investigaci\u00f3n estad\u00edstica en el sector p\u00fablico; el emprendimiento y liderazgo de&hellip;","jetpack_sharing_enabled":true,"_links":{"self":[{"href":"https:\/\/see-ec.org\/wordpress\/wp-json\/wp\/v2\/product\/2159","targetHints":{"allow":["GET"]}}],"collection":[{"href":"https:\/\/see-ec.org\/wordpress\/wp-json\/wp\/v2\/product"}],"about":[{"href":"https:\/\/see-ec.org\/wordpress\/wp-json\/wp\/v2\/types\/product"}],"wp:featuredmedia":[{"embeddable":true,"href":"https:\/\/see-ec.org\/wordpress\/wp-json\/wp\/v2\/media\/2161"}],"wp:attachment":[{"href":"https:\/\/see-ec.org\/wordpress\/wp-json\/wp\/v2\/media?parent=2159"}],"wp:term":[{"taxonomy":"product_brand","embeddable":true,"href":"https:\/\/see-ec.org\/wordpress\/wp-json\/wp\/v2\/product_brand?post=2159"},{"taxonomy":"product_cat","embeddable":true,"href":"https:\/\/see-ec.org\/wordpress\/wp-json\/wp\/v2\/product_cat?post=2159"},{"taxonomy":"product_tag","embeddable":true,"href":"https:\/\/see-ec.org\/wordpress\/wp-json\/wp\/v2\/product_tag?post=2159"}],"curies":[{"name":"wp","href":"https:\/\/api.w.org\/{rel}","templated":true}]}}