{"id":2155,"date":"2024-01-15T08:11:34","date_gmt":"2024-01-15T08:11:34","guid":{"rendered":"https:\/\/see-ec.org\/wordpress\/?post_type=product&#038;p=2155"},"modified":"2025-03-12T14:22:33","modified_gmt":"2025-03-12T19:22:33","slug":"bioestadistica-aplicada-a-la-investigacion-cientifica","status":"publish","type":"product","link":"https:\/\/see-ec.org\/wordpress\/producto\/bioestadistica-aplicada-a-la-investigacion-cientifica\/","title":{"rendered":"Bioestad\u00edstica aplicada a la investigaci\u00f3n cient\u00edfica"},"content":{"rendered":"<p>En este curso se hablar\u00e1 sobre la aplicaci\u00f3n de la bioestad\u00edstica para analizar los datos y tomar decisiones con base en una pregunta de investigaci\u00f3n y a los objetivos del estudio. Se presentar\u00e1 la estad\u00edstica descriptiva e inferencial.<br \/>\nSe ver\u00e1n las pruebas de hip\u00f3tesis, test param\u00e9tricos y no param\u00e9tricos. Adem\u00e1s, cu\u00e1les son las pruebas estad\u00edsticas que m\u00e1s se adaptan a una investigaci\u00f3n cient\u00edfica.<\/p>\n<h3>Contenido:<\/h3>\n<ul>\n<li>Fundamentos del m\u00e9todo cient\u00edfico<\/li>\n<li>Importancia de la bioestad\u00edstica en la investigaci\u00f3n cient\u00edfica<\/li>\n<li>Definiciones b\u00e1sicas utilizadas en la estad\u00edstica, tipos de datos, escalas de medici\u00f3n<\/li>\n<li>Distribuci\u00f3n de frecuencias<\/li>\n<li>Representaciones gr\u00e1ficas:\n<ul>\n<li>diagrama de puntos, barras, histograma, circular, diagrama de caja, dispersi\u00f3n<\/li>\n<\/ul>\n<\/li>\n<li>An\u00e1lisis de datos param\u00e9tricos:\n<ul>\n<li>Distribuci\u00f3n normal, Homocedasticidad, Correlaci\u00f3n de Pearson e \u00cdndice Kappa, Prueba t student para una muestra, para muestras independientes y para muestras muestras relacionadas, ANOVA inter-sujetos e intra-sujetos, Pruebas post-hoc<\/li>\n<\/ul>\n<\/li>\n<li>An\u00e1lisis de datos no param\u00e9tricos:\n<ul>\n<li>Chi-cuadrado de Bondad de Ajuste, Homogeneidad, Independencia y McNemar, Correlaci\u00f3n de Spearman y Kendall, U de Mann-Whitney para comparar grupos, Prueba de los rangos de Wilcoxon, Prueba de Kruskal-Wallis<\/li>\n<\/ul>\n<\/li>\n<li>Aplicaciones pr\u00e1cticas en Excel, SPSS y\/o Stata<\/li>\n<\/ul>\n<p>&nbsp;<\/p>\n","protected":false},"excerpt":{"rendered":"<h3>Capacitadora<\/h3>\n<h3>Sueny Paloma Lima, PhD<\/h3>\n<p>Estudiante del programa de Ph.D. en Ciencias Biom\u00e9dicas Traslacional en la Universidad de Ohio. Certificada en Epidemiolog\u00eda por la Universidad de Missouri. Certificada en Bioestad\u00edstica por el Instituto de Educaci\u00f3n Estad\u00edstica de los Estados Unidos. Adem\u00e1s, especialista en Investigaci\u00f3n Cl\u00ednica Global por la Universidad de Harvard. Investigadora y docente por m\u00e1s de 10 a\u00f1os de metodolog\u00eda de investigaci\u00f3n cient\u00edfica y bioestad\u00edstica.<\/p>\n","protected":false},"featured_media":2158,"template":"","meta":{"nf_dc_page":"","content-type":"","om_disable_all_campaigns":false,"_uag_custom_page_level_css":"","_monsterinsights_skip_tracking":false,"_monsterinsights_sitenote_active":false,"_monsterinsights_sitenote_note":"","_monsterinsights_sitenote_category":0,"_uf_show_specific_survey":0,"_uf_disable_surveys":false},"product_brand":[],"product_cat":[28,36],"product_tag":[],"class_list":{"0":"post-2155","1":"product","2":"type-product","3":"status-publish","4":"has-post-thumbnail","6":"product_cat-estadistica-aplicada","7":"product_cat-investigacion","9":"first","10":"outofstock","11":"shipping-taxable","12":"product-type-simple"},"aioseo_notices":[],"uagb_featured_image_src":{"full":["https:\/\/i0.wp.com\/see-ec.org\/wordpress\/wp-content\/uploads\/2024\/01\/BIOESTADISTICA-APLICADA-A-LA-INVESTIGACION-CIENTIFICA.png?fit=1000%2C1000&ssl=1",1000,1000,false],"thumbnail":["https:\/\/i0.wp.com\/see-ec.org\/wordpress\/wp-content\/uploads\/2024\/01\/BIOESTADISTICA-APLICADA-A-LA-INVESTIGACION-CIENTIFICA.png?resize=150%2C150&ssl=1",150,150,true],"medium":["https:\/\/i0.wp.com\/see-ec.org\/wordpress\/wp-content\/uploads\/2024\/01\/BIOESTADISTICA-APLICADA-A-LA-INVESTIGACION-CIENTIFICA.png?fit=300%2C300&ssl=1",300,300,true],"medium_large":["https:\/\/i0.wp.com\/see-ec.org\/wordpress\/wp-content\/uploads\/2024\/01\/BIOESTADISTICA-APLICADA-A-LA-INVESTIGACION-CIENTIFICA.png?fit=678%2C678&ssl=1",678,678,true],"large":["https:\/\/i0.wp.com\/see-ec.org\/wordpress\/wp-content\/uploads\/2024\/01\/BIOESTADISTICA-APLICADA-A-LA-INVESTIGACION-CIENTIFICA.png?fit=678%2C678&ssl=1",678,678,true],"1536x1536":["https:\/\/i0.wp.com\/see-ec.org\/wordpress\/wp-content\/uploads\/2024\/01\/BIOESTADISTICA-APLICADA-A-LA-INVESTIGACION-CIENTIFICA.png?fit=1000%2C1000&ssl=1",1000,1000,true],"2048x2048":["https:\/\/i0.wp.com\/see-ec.org\/wordpress\/wp-content\/uploads\/2024\/01\/BIOESTADISTICA-APLICADA-A-LA-INVESTIGACION-CIENTIFICA.png?fit=1000%2C1000&ssl=1",1000,1000,true],"post-thumbnail":["https:\/\/i0.wp.com\/see-ec.org\/wordpress\/wp-content\/uploads\/2024\/01\/BIOESTADISTICA-APLICADA-A-LA-INVESTIGACION-CIENTIFICA.png?resize=150%2C150&ssl=1",150,150,true],"gurukul-related":["https:\/\/i0.wp.com\/see-ec.org\/wordpress\/wp-content\/uploads\/2024\/01\/BIOESTADISTICA-APLICADA-A-LA-INVESTIGACION-CIENTIFICA.png?resize=200%2C125&ssl=1",200,125,true],"woocommerce_thumbnail":["https:\/\/see-ec.org\/wordpress\/wp-content\/uploads\/2024\/01\/BIOESTADISTICA-APLICADA-A-LA-INVESTIGACION-CIENTIFICA-300x300.png",300,300,true],"woocommerce_single":["https:\/\/see-ec.org\/wordpress\/wp-content\/uploads\/2024\/01\/BIOESTADISTICA-APLICADA-A-LA-INVESTIGACION-CIENTIFICA.png",600,600,false],"woocommerce_gallery_thumbnail":["https:\/\/see-ec.org\/wordpress\/wp-content\/uploads\/2024\/01\/BIOESTADISTICA-APLICADA-A-LA-INVESTIGACION-CIENTIFICA-100x100.png",100,100,true]},"uagb_author_info":{"display_name":"see.ecuador2","author_link":"https:\/\/see-ec.org\/wordpress\/author\/"},"uagb_comment_info":0,"uagb_excerpt":"Capacitadora Sueny Paloma Lima, PhD Estudiante del programa de Ph.D. en Ciencias Biom\u00e9dicas Traslacional en la Universidad de Ohio. Certificada en Epidemiolog\u00eda por la Universidad de Missouri. Certificada en Bioestad\u00edstica por el Instituto de Educaci\u00f3n Estad\u00edstica de los Estados Unidos. Adem\u00e1s, especialista en Investigaci\u00f3n Cl\u00ednica Global por la Universidad de Harvard. Investigadora y docente por&hellip;","jetpack_sharing_enabled":true,"_links":{"self":[{"href":"https:\/\/see-ec.org\/wordpress\/wp-json\/wp\/v2\/product\/2155","targetHints":{"allow":["GET"]}}],"collection":[{"href":"https:\/\/see-ec.org\/wordpress\/wp-json\/wp\/v2\/product"}],"about":[{"href":"https:\/\/see-ec.org\/wordpress\/wp-json\/wp\/v2\/types\/product"}],"wp:featuredmedia":[{"embeddable":true,"href":"https:\/\/see-ec.org\/wordpress\/wp-json\/wp\/v2\/media\/2158"}],"wp:attachment":[{"href":"https:\/\/see-ec.org\/wordpress\/wp-json\/wp\/v2\/media?parent=2155"}],"wp:term":[{"taxonomy":"product_brand","embeddable":true,"href":"https:\/\/see-ec.org\/wordpress\/wp-json\/wp\/v2\/product_brand?post=2155"},{"taxonomy":"product_cat","embeddable":true,"href":"https:\/\/see-ec.org\/wordpress\/wp-json\/wp\/v2\/product_cat?post=2155"},{"taxonomy":"product_tag","embeddable":true,"href":"https:\/\/see-ec.org\/wordpress\/wp-json\/wp\/v2\/product_tag?post=2155"}],"curies":[{"name":"wp","href":"https:\/\/api.w.org\/{rel}","templated":true}]}}