{"id":2152,"date":"2024-01-10T18:20:48","date_gmt":"2024-01-10T18:20:48","guid":{"rendered":"https:\/\/see-ec.org\/wordpress\/?post_type=product&#038;p=2152"},"modified":"2025-03-12T14:22:41","modified_gmt":"2025-03-12T19:22:41","slug":"programa-experto-en-aplicaciones-analiticas-con-python","status":"publish","type":"product","link":"https:\/\/see-ec.org\/wordpress\/producto\/programa-experto-en-aplicaciones-analiticas-con-python\/","title":{"rendered":"Programa Experto en Aplicaciones Anal\u00edticas con Python"},"content":{"rendered":"<p>La toma de decisiones basadas en datos es una tendencia mundial, al punto que en todo \u00e1mbito se resalta la importancia del Data Scientist, conocido como la persona con habilidades estad\u00edsticas, computacionales (puede programar) y de visualizaci\u00f3n de datos que lo llevan a encontrar los patrones que le servir\u00e1n a la empresa para &#8220;capitalizar&#8221; la informaci\u00f3n recogida.<\/p>\n<p>El programa va dirigido a Cient\u00edficos de Datos y developers que deseen adquirir los conocimientos y habilidades para desarrollar soluciones de machine learning en entornos productivos.<\/p>\n<h3>Contenido:<\/h3>\n<ol>\n<li>Programaci\u00f3n con Python<\/li>\n<li>Introducci\u00f3n y manejo de datos con Python<\/li>\n<li>Reporter\u00eda con Python: Interacci\u00f3n con Excel<\/li>\n<li>Desarrollo de gr\u00e1ficos est\u00e1ticos, din\u00e1micos y mapas con Python<\/li>\n<li>Bases de Linux y Git<\/li>\n<li>Ingenier\u00eda de Datos: SQL, NoSQL y Bases distribuidas<\/li>\n<li>Interacci\u00f3n entre Python con Bases Relacionales, grandes vol\u00famenes de datos y Big Data<\/li>\n<li>Aplicaciones y Dashboards usando Dash y Streamlit<\/li>\n<li>Entendiendo Machine Learning<\/li>\n<li>Model Deployment usando Python y Servicios en la nube<\/li>\n<\/ol>\n","protected":false},"excerpt":{"rendered":"<p>El objetivo del presente programa es formar especialistas en desarrollar soluciones anal\u00edticas en python con capacidad para poner modelos de machine learning en producci\u00f3n usando herramientas como Streamlit, Dash, MongoDB, Github, etc.<\/p>\n","protected":false},"featured_media":2154,"template":"","meta":{"nf_dc_page":"","content-type":"","om_disable_all_campaigns":false,"_uag_custom_page_level_css":"","_monsterinsights_skip_tracking":false,"_monsterinsights_sitenote_active":false,"_monsterinsights_sitenote_note":"","_monsterinsights_sitenote_category":0,"_uf_show_specific_survey":0,"_uf_disable_surveys":false},"product_brand":[],"product_cat":[41,35,38,44,45],"product_tag":[],"class_list":{"0":"post-2152","1":"product","2":"type-product","3":"status-publish","4":"has-post-thumbnail","6":"product_cat-big-data","7":"product_cat-data-science","8":"product_cat-programacion","9":"product_cat-python","10":"product_cat-sql","12":"first","13":"outofstock","14":"shipping-taxable","15":"product-type-simple"},"aioseo_notices":[],"uagb_featured_image_src":{"full":["https:\/\/i0.wp.com\/see-ec.org\/wordpress\/wp-content\/uploads\/2024\/01\/Programa-Experto-en-Aplicaciones-Analiticas-con-Python.png?fit=1200%2C1200&ssl=1",1200,1200,false],"thumbnail":["https:\/\/i0.wp.com\/see-ec.org\/wordpress\/wp-content\/uploads\/2024\/01\/Programa-Experto-en-Aplicaciones-Analiticas-con-Python.png?resize=150%2C150&ssl=1",150,150,true],"medium":["https:\/\/i0.wp.com\/see-ec.org\/wordpress\/wp-content\/uploads\/2024\/01\/Programa-Experto-en-Aplicaciones-Analiticas-con-Python.png?fit=300%2C300&ssl=1",300,300,true],"medium_large":["https:\/\/i0.wp.com\/see-ec.org\/wordpress\/wp-content\/uploads\/2024\/01\/Programa-Experto-en-Aplicaciones-Analiticas-con-Python.png?fit=678%2C678&ssl=1",678,678,true],"large":["https:\/\/i0.wp.com\/see-ec.org\/wordpress\/wp-content\/uploads\/2024\/01\/Programa-Experto-en-Aplicaciones-Analiticas-con-Python.png?fit=678%2C678&ssl=1",678,678,true],"1536x1536":["https:\/\/i0.wp.com\/see-ec.org\/wordpress\/wp-content\/uploads\/2024\/01\/Programa-Experto-en-Aplicaciones-Analiticas-con-Python.png?fit=1200%2C1200&ssl=1",1200,1200,true],"2048x2048":["https:\/\/i0.wp.com\/see-ec.org\/wordpress\/wp-content\/uploads\/2024\/01\/Programa-Experto-en-Aplicaciones-Analiticas-con-Python.png?fit=1200%2C1200&ssl=1",1200,1200,true],"post-thumbnail":["https:\/\/i0.wp.com\/see-ec.org\/wordpress\/wp-content\/uploads\/2024\/01\/Programa-Experto-en-Aplicaciones-Analiticas-con-Python.png?resize=150%2C150&ssl=1",150,150,true],"gurukul-related":["https:\/\/i0.wp.com\/see-ec.org\/wordpress\/wp-content\/uploads\/2024\/01\/Programa-Experto-en-Aplicaciones-Analiticas-con-Python.png?resize=200%2C125&ssl=1",200,125,true],"woocommerce_thumbnail":["https:\/\/see-ec.org\/wordpress\/wp-content\/uploads\/2024\/01\/Programa-Experto-en-Aplicaciones-Analiticas-con-Python-300x300.png",300,300,true],"woocommerce_single":["https:\/\/see-ec.org\/wordpress\/wp-content\/uploads\/2024\/01\/Programa-Experto-en-Aplicaciones-Analiticas-con-Python.png",600,600,false],"woocommerce_gallery_thumbnail":["https:\/\/see-ec.org\/wordpress\/wp-content\/uploads\/2024\/01\/Programa-Experto-en-Aplicaciones-Analiticas-con-Python-100x100.png",100,100,true]},"uagb_author_info":{"display_name":"see.ecuador2","author_link":"https:\/\/see-ec.org\/wordpress\/author\/"},"uagb_comment_info":0,"uagb_excerpt":"El objetivo del presente programa es formar especialistas en desarrollar soluciones anal\u00edticas en python con capacidad para poner modelos de machine learning en producci\u00f3n usando herramientas como Streamlit, Dash, MongoDB, Github, etc.","jetpack_sharing_enabled":true,"_links":{"self":[{"href":"https:\/\/see-ec.org\/wordpress\/wp-json\/wp\/v2\/product\/2152","targetHints":{"allow":["GET"]}}],"collection":[{"href":"https:\/\/see-ec.org\/wordpress\/wp-json\/wp\/v2\/product"}],"about":[{"href":"https:\/\/see-ec.org\/wordpress\/wp-json\/wp\/v2\/types\/product"}],"wp:featuredmedia":[{"embeddable":true,"href":"https:\/\/see-ec.org\/wordpress\/wp-json\/wp\/v2\/media\/2154"}],"wp:attachment":[{"href":"https:\/\/see-ec.org\/wordpress\/wp-json\/wp\/v2\/media?parent=2152"}],"wp:term":[{"taxonomy":"product_brand","embeddable":true,"href":"https:\/\/see-ec.org\/wordpress\/wp-json\/wp\/v2\/product_brand?post=2152"},{"taxonomy":"product_cat","embeddable":true,"href":"https:\/\/see-ec.org\/wordpress\/wp-json\/wp\/v2\/product_cat?post=2152"},{"taxonomy":"product_tag","embeddable":true,"href":"https:\/\/see-ec.org\/wordpress\/wp-json\/wp\/v2\/product_tag?post=2152"}],"curies":[{"name":"wp","href":"https:\/\/api.w.org\/{rel}","templated":true}]}}