{"id":2149,"date":"2024-01-04T08:47:38","date_gmt":"2024-01-04T08:47:38","guid":{"rendered":"https:\/\/see-ec.org\/wordpress\/?post_type=product&#038;p=2149"},"modified":"2025-03-12T14:22:49","modified_gmt":"2025-03-12T19:22:49","slug":"programa-ingeniero-de-datos","status":"publish","type":"product","link":"https:\/\/see-ec.org\/wordpress\/producto\/programa-ingeniero-de-datos\/","title":{"rendered":"Programa Ingeniero de Datos"},"content":{"rendered":"<p>Actualmente es com\u00fan que las instituciones, desde PyMEs hasta grandes multinacionales, acumulen grandes cantidades de datos correspondientes a las actividades que realizan; por ejemplo, podemos mencionar a registros de ventas, compras, costos, mediciones de sensores, monitoreo de redes sociales, entre otros. Todos estos datos son constantemente generados y almacenados en los sistemas transaccionales, data warehouse o data lakes siendo necesaria la aplicaci\u00f3n de t\u00e9cnicas inform\u00e1ticas y estad\u00edsticas para describir, relacionar y analizar dichos datos.<br \/>\nLa toma de decisiones basadas en datos es una tendencia mundial, al punto que en todo \u00e1mbito se resalta la importancia del Ingeniero de Datos, conocido como la persona con habilidades computacionales y de visualizaci\u00f3n de datos que lo llevan a encontrar patrones que servir\u00e1n a la empresa para \u201ccapitalizar\u201d los datos gestionados.<\/p>\n<p>El Programa Internacional de Ingenier\u00eda de Datos va dirigido a todas las personas con conocimientos inform\u00e1ticos o que se deseen especializarse en el \u00e1rea de la gesti\u00f3n de los datos a nivel transaccional (OLTP\/ OLAP) como masivo (Big Data).<\/p>\n<h3>Contenido:<\/h3>\n<ol>\n<li>Arquitectura de Datos<\/li>\n<li>Modelamiento &amp; Dise\u00f1o de Datos<\/li>\n<li>Procesamiento Anal\u00edtico<\/li>\n<li>Procesamiento masivo de datos mediante Apache Spark<\/li>\n<li>Calidad de los Datos<\/li>\n<li>Data Pipelines con Apache Airflow<\/li>\n<\/ol>\n","protected":false},"excerpt":{"rendered":"<p>El objetivo del presente programa es dotar de las capacidades t\u00e9cnicas necesarias para dise\u00f1ar sistemas y modelos de almacenamiento, con su respectiva gesti\u00f3n y procesamiento de datos a gran escala para todo tipo de organizaciones asegurando la escalabilidad, el rendimiento y la seguridad integral de los sistemas inform\u00e1ticos. Crear arquitecturas tecnol\u00f3gicas para captar grandes vol\u00famenes de datos con el objetivo de analizar y sean \u00fatiles para la toma de decisiones.<\/p>\n","protected":false},"featured_media":2151,"template":"","meta":{"nf_dc_page":"","content-type":"","om_disable_all_campaigns":false,"_uag_custom_page_level_css":"","_monsterinsights_skip_tracking":false,"_monsterinsights_sitenote_active":false,"_monsterinsights_sitenote_note":"","_monsterinsights_sitenote_category":0,"_uf_show_specific_survey":0,"_uf_disable_surveys":false},"product_brand":[],"product_cat":[41,35,45],"product_tag":[],"class_list":{"0":"post-2149","1":"product","2":"type-product","3":"status-publish","4":"has-post-thumbnail","6":"product_cat-big-data","7":"product_cat-data-science","8":"product_cat-sql","10":"first","11":"outofstock","12":"shipping-taxable","13":"product-type-simple"},"aioseo_notices":[],"uagb_featured_image_src":{"full":["https:\/\/i0.wp.com\/see-ec.org\/wordpress\/wp-content\/uploads\/2024\/01\/Programa-Ingeniero-de-Datos.png?fit=1200%2C1200&ssl=1",1200,1200,false],"thumbnail":["https:\/\/i0.wp.com\/see-ec.org\/wordpress\/wp-content\/uploads\/2024\/01\/Programa-Ingeniero-de-Datos.png?resize=150%2C150&ssl=1",150,150,true],"medium":["https:\/\/i0.wp.com\/see-ec.org\/wordpress\/wp-content\/uploads\/2024\/01\/Programa-Ingeniero-de-Datos.png?fit=300%2C300&ssl=1",300,300,true],"medium_large":["https:\/\/i0.wp.com\/see-ec.org\/wordpress\/wp-content\/uploads\/2024\/01\/Programa-Ingeniero-de-Datos.png?fit=678%2C678&ssl=1",678,678,true],"large":["https:\/\/i0.wp.com\/see-ec.org\/wordpress\/wp-content\/uploads\/2024\/01\/Programa-Ingeniero-de-Datos.png?fit=678%2C678&ssl=1",678,678,true],"1536x1536":["https:\/\/i0.wp.com\/see-ec.org\/wordpress\/wp-content\/uploads\/2024\/01\/Programa-Ingeniero-de-Datos.png?fit=1200%2C1200&ssl=1",1200,1200,true],"2048x2048":["https:\/\/i0.wp.com\/see-ec.org\/wordpress\/wp-content\/uploads\/2024\/01\/Programa-Ingeniero-de-Datos.png?fit=1200%2C1200&ssl=1",1200,1200,true],"post-thumbnail":["https:\/\/i0.wp.com\/see-ec.org\/wordpress\/wp-content\/uploads\/2024\/01\/Programa-Ingeniero-de-Datos.png?resize=150%2C150&ssl=1",150,150,true],"gurukul-related":["https:\/\/i0.wp.com\/see-ec.org\/wordpress\/wp-content\/uploads\/2024\/01\/Programa-Ingeniero-de-Datos.png?resize=200%2C125&ssl=1",200,125,true],"woocommerce_thumbnail":["https:\/\/see-ec.org\/wordpress\/wp-content\/uploads\/2024\/01\/Programa-Ingeniero-de-Datos-300x300.png",300,300,true],"woocommerce_single":["https:\/\/see-ec.org\/wordpress\/wp-content\/uploads\/2024\/01\/Programa-Ingeniero-de-Datos.png",600,600,false],"woocommerce_gallery_thumbnail":["https:\/\/see-ec.org\/wordpress\/wp-content\/uploads\/2024\/01\/Programa-Ingeniero-de-Datos-100x100.png",100,100,true]},"uagb_author_info":{"display_name":"see.ecuador2","author_link":"https:\/\/see-ec.org\/wordpress\/author\/"},"uagb_comment_info":0,"uagb_excerpt":"El objetivo del presente programa es dotar de las capacidades t\u00e9cnicas necesarias para dise\u00f1ar sistemas y modelos de almacenamiento, con su respectiva gesti\u00f3n y procesamiento de datos a gran escala para todo tipo de organizaciones asegurando la escalabilidad, el rendimiento y la seguridad integral de los sistemas inform\u00e1ticos. Crear arquitecturas tecnol\u00f3gicas para captar grandes vol\u00famenes&hellip;","jetpack_sharing_enabled":true,"_links":{"self":[{"href":"https:\/\/see-ec.org\/wordpress\/wp-json\/wp\/v2\/product\/2149","targetHints":{"allow":["GET"]}}],"collection":[{"href":"https:\/\/see-ec.org\/wordpress\/wp-json\/wp\/v2\/product"}],"about":[{"href":"https:\/\/see-ec.org\/wordpress\/wp-json\/wp\/v2\/types\/product"}],"wp:featuredmedia":[{"embeddable":true,"href":"https:\/\/see-ec.org\/wordpress\/wp-json\/wp\/v2\/media\/2151"}],"wp:attachment":[{"href":"https:\/\/see-ec.org\/wordpress\/wp-json\/wp\/v2\/media?parent=2149"}],"wp:term":[{"taxonomy":"product_brand","embeddable":true,"href":"https:\/\/see-ec.org\/wordpress\/wp-json\/wp\/v2\/product_brand?post=2149"},{"taxonomy":"product_cat","embeddable":true,"href":"https:\/\/see-ec.org\/wordpress\/wp-json\/wp\/v2\/product_cat?post=2149"},{"taxonomy":"product_tag","embeddable":true,"href":"https:\/\/see-ec.org\/wordpress\/wp-json\/wp\/v2\/product_tag?post=2149"}],"curies":[{"name":"wp","href":"https:\/\/api.w.org\/{rel}","templated":true}]}}