{"id":2097,"date":"2023-12-05T14:02:05","date_gmt":"2023-12-05T14:02:05","guid":{"rendered":"https:\/\/see-ec.org\/wordpress\/?post_type=product&#038;p=2097"},"modified":"2025-03-12T14:23:55","modified_gmt":"2025-03-12T19:23:55","slug":"bases-de-pandas-para-manipulacion-de-datasets","status":"publish","type":"product","link":"https:\/\/see-ec.org\/wordpress\/producto\/bases-de-pandas-para-manipulacion-de-datasets\/","title":{"rendered":"Bases de Pandas para manipulacion de Datasets"},"content":{"rendered":"<p><span style=\"font-weight: 400;\">Pandas es una de las librer\u00edas m\u00e1s importantes de Python, utilizada para casi todo, desde la manipulaci\u00f3n de datos hasta preparar los datos para hacer modelos de Machine Learning.<\/span><\/p>\n<p><span style=\"font-weight: 400;\">En este curso, aprenderemos a manipular DataFrames,\u00a0 a extraer datos, filtrarlos y transformarlos.\u00a0<\/span><\/p>\n<p><span style=\"font-weight: 400;\">Usando pandas explorar\u00e1n todos los conceptos b\u00e1sicos de la ciencia de datos<\/span><\/p>\n<ul>\n<li style=\"list-style-type: none;\">\n<ul>\n<li><span style=\"font-weight: 400;\">importar\u00a0 <\/span><\/li>\n<li><span style=\"font-weight: 400;\">limpiar <\/span><\/li>\n<li><span style=\"font-weight: 400;\">calcular estad\u00edsticas <\/span><\/li>\n<li><span style=\"font-weight: 400;\">crear visualizaciones.<\/span><\/li>\n<\/ul>\n<\/li>\n<\/ul>\n<h3>Contenido<\/h3>\n<ul>\n<li style=\"font-weight: 400;\" aria-level=\"1\"><span style=\"font-weight: 400;\">Introducci\u00f3n a Pandas<\/span><\/li>\n<li style=\"font-weight: 400;\" aria-level=\"1\"><span style=\"font-weight: 400;\">Instalaci\u00f3n<\/span><\/li>\n<li style=\"font-weight: 400;\" aria-level=\"1\"><span style=\"font-weight: 400;\">M\u00e9todos y Atributos<\/span><\/li>\n<li style=\"font-weight: 400;\" aria-level=\"1\"><span style=\"font-weight: 400;\">Series y Dataframes<\/span><\/li>\n<li style=\"font-weight: 400;\" aria-level=\"1\"><span style=\"font-weight: 400;\">Carga de datasets de diferentes fuentes<\/span><\/li>\n<li style=\"font-weight: 400;\" aria-level=\"1\"><span style=\"font-weight: 400;\">Selecci\u00f3n e Indexaci\u00f3n<\/span><\/li>\n<li style=\"font-weight: 400;\" aria-level=\"1\"><span style=\"font-weight: 400;\">Filtrado y B\u00fasquedas<\/span><\/li>\n<li style=\"font-weight: 400;\" aria-level=\"1\"><span style=\"font-weight: 400;\">Introducci\u00f3n a Visualizaciones<\/span><\/li>\n<li style=\"font-weight: 400;\" aria-level=\"1\"><span style=\"font-weight: 400;\">Exploratory Data Analysis (EDA)<\/span><\/li>\n<li style=\"font-weight: 400;\" aria-level=\"1\"><span style=\"font-weight: 400;\">Caso de estudio<\/span><\/li>\n<li style=\"font-weight: 400;\" aria-level=\"1\"><span style=\"font-weight: 400;\">Proyecto<\/span><\/li>\n<\/ul>\n","protected":false},"excerpt":{"rendered":"<h3>Capacitador<\/h3>\n<h4><b>Roberto Esteves, Ing.<\/b><\/h4>\n<p><span style=\"font-weight: 400;\">Ing. Sistemas por vocaci\u00f3n y marketero por decisi\u00f3n, tiene 18 a\u00f1os de experiencia en Marketing Digital en banca, junto a manejo de innovaci\u00f3n y tecnolog\u00eda en \u00e1reas como medios de comunicaci\u00f3n y empresas de telecomunicaciones<\/span><\/p>\n<p><span style=\"font-weight: 400;\">Subdirector del n\u00facleo Guayas de la Sociedad Ecuatoriana de Estad\u00edstica, cuenta con un Nanodegree de Udacity en Data Science, certificado por la SEE, IBM, Platzi en Ciencia de Datos.<\/span><\/p>\n<p><span style=\"font-weight: 400;\">Consultor de marketing y comunicaci\u00f3n, se ha dedicado al estudio del comportamiento de los usuarios en redes sociales para encontrar insights que permitan elaborar mejores campa\u00f1as<\/span><span style=\"font-weight: 400;\">. <\/span><\/p>\n","protected":false},"featured_media":2111,"template":"","meta":{"nf_dc_page":"","content-type":"","om_disable_all_campaigns":false,"_uag_custom_page_level_css":"","_monsterinsights_skip_tracking":false,"_monsterinsights_sitenote_active":false,"_monsterinsights_sitenote_note":"","_monsterinsights_sitenote_category":0,"_uf_show_specific_survey":0,"_uf_disable_surveys":false},"product_brand":[],"product_cat":[44],"product_tag":[],"class_list":{"0":"post-2097","1":"product","2":"type-product","3":"status-publish","4":"has-post-thumbnail","6":"product_cat-python","8":"first","9":"outofstock","10":"virtual","11":"product-type-simple"},"aioseo_notices":[],"uagb_featured_image_src":{"full":["https:\/\/i0.wp.com\/see-ec.org\/wordpress\/wp-content\/uploads\/2023\/12\/BASES-DE-PANDAS-PARA-MANIPULACION-DE-DATASETS-1.png?fit=1000%2C1000&ssl=1",1000,1000,false],"thumbnail":["https:\/\/i0.wp.com\/see-ec.org\/wordpress\/wp-content\/uploads\/2023\/12\/BASES-DE-PANDAS-PARA-MANIPULACION-DE-DATASETS-1.png?resize=150%2C150&ssl=1",150,150,true],"medium":["https:\/\/i0.wp.com\/see-ec.org\/wordpress\/wp-content\/uploads\/2023\/12\/BASES-DE-PANDAS-PARA-MANIPULACION-DE-DATASETS-1.png?fit=300%2C300&ssl=1",300,300,true],"medium_large":["https:\/\/i0.wp.com\/see-ec.org\/wordpress\/wp-content\/uploads\/2023\/12\/BASES-DE-PANDAS-PARA-MANIPULACION-DE-DATASETS-1.png?fit=678%2C678&ssl=1",678,678,true],"large":["https:\/\/i0.wp.com\/see-ec.org\/wordpress\/wp-content\/uploads\/2023\/12\/BASES-DE-PANDAS-PARA-MANIPULACION-DE-DATASETS-1.png?fit=678%2C678&ssl=1",678,678,true],"1536x1536":["https:\/\/i0.wp.com\/see-ec.org\/wordpress\/wp-content\/uploads\/2023\/12\/BASES-DE-PANDAS-PARA-MANIPULACION-DE-DATASETS-1.png?fit=1000%2C1000&ssl=1",1000,1000,true],"2048x2048":["https:\/\/i0.wp.com\/see-ec.org\/wordpress\/wp-content\/uploads\/2023\/12\/BASES-DE-PANDAS-PARA-MANIPULACION-DE-DATASETS-1.png?fit=1000%2C1000&ssl=1",1000,1000,true],"post-thumbnail":["https:\/\/i0.wp.com\/see-ec.org\/wordpress\/wp-content\/uploads\/2023\/12\/BASES-DE-PANDAS-PARA-MANIPULACION-DE-DATASETS-1.png?resize=150%2C150&ssl=1",150,150,true],"gurukul-related":["https:\/\/i0.wp.com\/see-ec.org\/wordpress\/wp-content\/uploads\/2023\/12\/BASES-DE-PANDAS-PARA-MANIPULACION-DE-DATASETS-1.png?resize=200%2C125&ssl=1",200,125,true],"woocommerce_thumbnail":["https:\/\/see-ec.org\/wordpress\/wp-content\/uploads\/2023\/12\/BASES-DE-PANDAS-PARA-MANIPULACION-DE-DATASETS-1-300x300.png",300,300,true],"woocommerce_single":["https:\/\/see-ec.org\/wordpress\/wp-content\/uploads\/2023\/12\/BASES-DE-PANDAS-PARA-MANIPULACION-DE-DATASETS-1.png",600,600,false],"woocommerce_gallery_thumbnail":["https:\/\/see-ec.org\/wordpress\/wp-content\/uploads\/2023\/12\/BASES-DE-PANDAS-PARA-MANIPULACION-DE-DATASETS-1-100x100.png",100,100,true]},"uagb_author_info":{"display_name":"see.ecuador2","author_link":"https:\/\/see-ec.org\/wordpress\/author\/"},"uagb_comment_info":0,"uagb_excerpt":"Capacitador Roberto Esteves, Ing. Ing. Sistemas por vocaci\u00f3n y marketero por decisi\u00f3n, tiene 18 a\u00f1os de experiencia en Marketing Digital en banca, junto a manejo de innovaci\u00f3n y tecnolog\u00eda en \u00e1reas como medios de comunicaci\u00f3n y empresas de telecomunicaciones Subdirector del n\u00facleo Guayas de la Sociedad Ecuatoriana de Estad\u00edstica, cuenta con un Nanodegree de Udacity&hellip;","jetpack_sharing_enabled":true,"_links":{"self":[{"href":"https:\/\/see-ec.org\/wordpress\/wp-json\/wp\/v2\/product\/2097","targetHints":{"allow":["GET"]}}],"collection":[{"href":"https:\/\/see-ec.org\/wordpress\/wp-json\/wp\/v2\/product"}],"about":[{"href":"https:\/\/see-ec.org\/wordpress\/wp-json\/wp\/v2\/types\/product"}],"wp:featuredmedia":[{"embeddable":true,"href":"https:\/\/see-ec.org\/wordpress\/wp-json\/wp\/v2\/media\/2111"}],"wp:attachment":[{"href":"https:\/\/see-ec.org\/wordpress\/wp-json\/wp\/v2\/media?parent=2097"}],"wp:term":[{"taxonomy":"product_brand","embeddable":true,"href":"https:\/\/see-ec.org\/wordpress\/wp-json\/wp\/v2\/product_brand?post=2097"},{"taxonomy":"product_cat","embeddable":true,"href":"https:\/\/see-ec.org\/wordpress\/wp-json\/wp\/v2\/product_cat?post=2097"},{"taxonomy":"product_tag","embeddable":true,"href":"https:\/\/see-ec.org\/wordpress\/wp-json\/wp\/v2\/product_tag?post=2097"}],"curies":[{"name":"wp","href":"https:\/\/api.w.org\/{rel}","templated":true}]}}