{"id":2094,"date":"2023-12-05T13:38:03","date_gmt":"2023-12-05T13:38:03","guid":{"rendered":"https:\/\/see-ec.org\/wordpress\/?post_type=product&#038;p=2094"},"modified":"2025-03-12T14:24:02","modified_gmt":"2025-03-12T19:24:02","slug":"arquitectura-de-datos-sql","status":"publish","type":"product","link":"https:\/\/see-ec.org\/wordpress\/producto\/arquitectura-de-datos-sql\/","title":{"rendered":"Arquitectura de datos SQL"},"content":{"rendered":"<p><span style=\"font-weight: 400;\">En todos los \u00e1mbitos de negocio siempre nos encontramos en la b\u00fasqueda de la mejora, innovaci\u00f3n y resoluci\u00f3n de problemas. Dentro de estas necesidades de negocio normalmente nos solicitan realizar an\u00e1lisis de informaci\u00f3n hist\u00f3rica, lo que nos lleva a realizar la pregunta \u00bfCuento con toda la informaci\u00f3n necesaria y soy capaz de manejarla? . En este curso aprender\u00e1s a gestionar las fuentes de datos, encontrar r\u00e1pidamente la informaci\u00f3n necesaria y poder agilizar la toma de decisiones sabiamente. \u00a1Convi\u00e9rtete en el h\u00e9roe de tu equipo aprendiendo a gestionar eficientemente todas las fuentes de informaci\u00f3n disponibles, t\u00e9cnicas de agregaci\u00f3n, filtros, reducci\u00f3n de resultados y procedimientos necesarios en la preparaci\u00f3n de los datos para la creaci\u00f3n de distintos an\u00e1lisis y modelos!<\/span><\/p>\n<h3>Contenido<\/h3>\n<h4>Contenido Te\u00f3rico<\/h4>\n<ul>\n<li style=\"font-weight: 400;\" aria-level=\"1\"><span style=\"font-weight: 400;\">Introducci\u00f3n al lenguaje de consultas de bases relacionales<\/span><\/li>\n<li style=\"font-weight: 400;\" aria-level=\"1\"><span style=\"font-weight: 400;\">Creaci\u00f3n, modificaci\u00f3n y actualizaci\u00f3n de tablas.<\/span><\/li>\n<li style=\"font-weight: 400;\" aria-level=\"1\"><span style=\"font-weight: 400;\">Filtros, condiciones, agregaci\u00f3n de datos y operaciones.<\/span><\/li>\n<li style=\"font-weight: 400;\" aria-level=\"1\"><span style=\"font-weight: 400;\">Funciones de texto, matem\u00e1ticas y fechas.<\/span><\/li>\n<li style=\"font-weight: 400;\" aria-level=\"1\"><span style=\"font-weight: 400;\">Tipos de joins, union y sub consultas de datos\u00a0<\/span><\/li>\n<li style=\"font-weight: 400;\" aria-level=\"1\"><span style=\"font-weight: 400;\">Modificar y analizar datos usando SQL.<\/span><\/li>\n<li style=\"font-weight: 400;\" aria-level=\"1\"><span style=\"font-weight: 400;\">Conexiones con R\/Python para consumo de datos.<\/span><\/li>\n<\/ul>\n<h4>Contenido en programaci\u00f3n<\/h4>\n<ul>\n<li style=\"font-weight: 400;\" aria-level=\"1\"><span style=\"font-weight: 400;\">Reglas de sintaxis y mejores pr\u00e1cticas\u00a0<\/span><\/li>\n<li style=\"font-weight: 400;\" aria-level=\"1\"><span style=\"font-weight: 400;\">Creaci\u00f3n de tablas temporales y f\u00edsicas<\/span><\/li>\n<li style=\"font-weight: 400;\" aria-level=\"1\"><span style=\"font-weight: 400;\">Uso de comandos para filtros, agregaciones y verificaciones<\/span><\/li>\n<li style=\"font-weight: 400;\" aria-level=\"1\"><span style=\"font-weight: 400;\">Manipulaci\u00f3n de los principales tipos de datos y c\u00f3mo usarlos en el d\u00eda a d\u00eda<\/span><\/li>\n<li style=\"font-weight: 400;\" aria-level=\"1\"><span style=\"font-weight: 400;\">Uso de joins, unions , alias y nombramiento de tablas<\/span><\/li>\n<li style=\"font-weight: 400;\" aria-level=\"1\"><span style=\"font-weight: 400;\">Uso de funciones condicionales y c\u00e1lculos b\u00e1sicos en SQL.<\/span><\/li>\n<li aria-level=\"1\"><span style=\"font-weight: 400;\">C\u00f3mo conectarse con R\/Python y utilizar los an\u00e1lisis construidos.<\/span><\/li>\n<\/ul>\n","protected":false},"excerpt":{"rendered":"<h3>Capacitador<\/h3>\n<h4><b>Pablo Guerrero E, MSc.<\/b><\/h4>\n<p><span style=\"font-weight: 400;\">Ingeniero Industrial de la Universidad San Francisco de Quito, m\u00e1ster en Business Intelligence e Innovaci\u00f3n Tecnol\u00f3gica de la Universidad Polit\u00e9cnica de Catalu\u00f1a y m\u00e1ster en Big Data &amp; Analytics de la Escuela de Administraci\u00f3n de Empresas Business School, en Barcelona Espa\u00f1a. Tiene m\u00e1s de 2 a\u00f1os de experiencia como ingeniero de datos y visualizaci\u00f3n y m\u00e1s de 3 a\u00f1os como consultor de calidad y mejora continua.<\/span><\/p>\n<p><span style=\"font-weight: 400;\">Actualmente se desempe\u00f1a como Ingeniero de Datos en Banco Pichincha y como consultor independiente.<\/span><\/p>\n","protected":false},"featured_media":2112,"template":"","meta":{"nf_dc_page":"","content-type":"","om_disable_all_campaigns":false,"_uag_custom_page_level_css":"","_monsterinsights_skip_tracking":false,"_monsterinsights_sitenote_active":false,"_monsterinsights_sitenote_note":"","_monsterinsights_sitenote_category":0,"_uf_show_specific_survey":0,"_uf_disable_surveys":false},"product_brand":[],"product_cat":[45],"product_tag":[],"class_list":{"0":"post-2094","1":"product","2":"type-product","3":"status-publish","4":"has-post-thumbnail","6":"product_cat-sql","8":"first","9":"outofstock","10":"virtual","11":"product-type-simple"},"aioseo_notices":[],"uagb_featured_image_src":{"full":["https:\/\/i0.wp.com\/see-ec.org\/wordpress\/wp-content\/uploads\/2023\/12\/ARQUITECTURA-DE-DATOS-SQL-1.png?fit=1000%2C1000&ssl=1",1000,1000,false],"thumbnail":["https:\/\/i0.wp.com\/see-ec.org\/wordpress\/wp-content\/uploads\/2023\/12\/ARQUITECTURA-DE-DATOS-SQL-1.png?resize=150%2C150&ssl=1",150,150,true],"medium":["https:\/\/i0.wp.com\/see-ec.org\/wordpress\/wp-content\/uploads\/2023\/12\/ARQUITECTURA-DE-DATOS-SQL-1.png?fit=300%2C300&ssl=1",300,300,true],"medium_large":["https:\/\/i0.wp.com\/see-ec.org\/wordpress\/wp-content\/uploads\/2023\/12\/ARQUITECTURA-DE-DATOS-SQL-1.png?fit=678%2C678&ssl=1",678,678,true],"large":["https:\/\/i0.wp.com\/see-ec.org\/wordpress\/wp-content\/uploads\/2023\/12\/ARQUITECTURA-DE-DATOS-SQL-1.png?fit=678%2C678&ssl=1",678,678,true],"1536x1536":["https:\/\/i0.wp.com\/see-ec.org\/wordpress\/wp-content\/uploads\/2023\/12\/ARQUITECTURA-DE-DATOS-SQL-1.png?fit=1000%2C1000&ssl=1",1000,1000,true],"2048x2048":["https:\/\/i0.wp.com\/see-ec.org\/wordpress\/wp-content\/uploads\/2023\/12\/ARQUITECTURA-DE-DATOS-SQL-1.png?fit=1000%2C1000&ssl=1",1000,1000,true],"post-thumbnail":["https:\/\/i0.wp.com\/see-ec.org\/wordpress\/wp-content\/uploads\/2023\/12\/ARQUITECTURA-DE-DATOS-SQL-1.png?resize=150%2C150&ssl=1",150,150,true],"gurukul-related":["https:\/\/i0.wp.com\/see-ec.org\/wordpress\/wp-content\/uploads\/2023\/12\/ARQUITECTURA-DE-DATOS-SQL-1.png?resize=200%2C125&ssl=1",200,125,true],"woocommerce_thumbnail":["https:\/\/see-ec.org\/wordpress\/wp-content\/uploads\/2023\/12\/ARQUITECTURA-DE-DATOS-SQL-1-300x300.png",300,300,true],"woocommerce_single":["https:\/\/see-ec.org\/wordpress\/wp-content\/uploads\/2023\/12\/ARQUITECTURA-DE-DATOS-SQL-1.png",600,600,false],"woocommerce_gallery_thumbnail":["https:\/\/see-ec.org\/wordpress\/wp-content\/uploads\/2023\/12\/ARQUITECTURA-DE-DATOS-SQL-1-100x100.png",100,100,true]},"uagb_author_info":{"display_name":"see.ecuador2","author_link":"https:\/\/see-ec.org\/wordpress\/author\/"},"uagb_comment_info":0,"uagb_excerpt":"Capacitador Pablo Guerrero E, MSc. Ingeniero Industrial de la Universidad San Francisco de Quito, m\u00e1ster en Business Intelligence e Innovaci\u00f3n Tecnol\u00f3gica de la Universidad Polit\u00e9cnica de Catalu\u00f1a y m\u00e1ster en Big Data &amp; Analytics de la Escuela de Administraci\u00f3n de Empresas Business School, en Barcelona Espa\u00f1a. Tiene m\u00e1s de 2 a\u00f1os de experiencia como ingeniero&hellip;","jetpack_sharing_enabled":true,"_links":{"self":[{"href":"https:\/\/see-ec.org\/wordpress\/wp-json\/wp\/v2\/product\/2094","targetHints":{"allow":["GET"]}}],"collection":[{"href":"https:\/\/see-ec.org\/wordpress\/wp-json\/wp\/v2\/product"}],"about":[{"href":"https:\/\/see-ec.org\/wordpress\/wp-json\/wp\/v2\/types\/product"}],"wp:featuredmedia":[{"embeddable":true,"href":"https:\/\/see-ec.org\/wordpress\/wp-json\/wp\/v2\/media\/2112"}],"wp:attachment":[{"href":"https:\/\/see-ec.org\/wordpress\/wp-json\/wp\/v2\/media?parent=2094"}],"wp:term":[{"taxonomy":"product_brand","embeddable":true,"href":"https:\/\/see-ec.org\/wordpress\/wp-json\/wp\/v2\/product_brand?post=2094"},{"taxonomy":"product_cat","embeddable":true,"href":"https:\/\/see-ec.org\/wordpress\/wp-json\/wp\/v2\/product_cat?post=2094"},{"taxonomy":"product_tag","embeddable":true,"href":"https:\/\/see-ec.org\/wordpress\/wp-json\/wp\/v2\/product_tag?post=2094"}],"curies":[{"name":"wp","href":"https:\/\/api.w.org\/{rel}","templated":true}]}}