{"id":2055,"date":"2023-11-27T17:18:01","date_gmt":"2023-11-27T17:18:01","guid":{"rendered":"https:\/\/see-ec.org\/wordpress\/?post_type=product&#038;p=2055"},"modified":"2025-03-12T14:24:59","modified_gmt":"2025-03-12T19:24:59","slug":"analisis-de-relacionas-causales-y-ecuaciones-estructurales","status":"publish","type":"product","link":"https:\/\/see-ec.org\/wordpress\/producto\/analisis-de-relacionas-causales-y-ecuaciones-estructurales\/","title":{"rendered":"An\u00e1lisis de relacionas causales y ecuaciones estructurales"},"content":{"rendered":"<p><span style=\"font-weight: 400;\">El modelo de ecuaciones estructurales (SEM) es una t\u00e9cnica de an\u00e1lisis multivariante, que permite medir la\u00a0 relaci\u00f3n causal y la din\u00e1mica compleja entre las variables de un sistema y contrastar modelos te\u00f3ricos y emp\u00edricos asociados a una realidad latente objetivo de medici\u00f3n.<\/span><\/p>\n<p><span style=\"font-weight: 400;\">El estudiante podr\u00e1 aprender a especificar, estimar, validar e interpretar un modelo de ecuaciones estructurales en un sistema de variables aleatorias cuya relaci\u00f3n es de tipo causal.<\/span><\/p>\n<h3>Contenido<\/h3>\n<ul>\n<li>An\u00e1lisis factorial confirmatorio\n<ul>\n<li><span style=\"font-weight: 400;\">Introducci\u00f3n<\/span><\/li>\n<li style=\"font-weight: 400;\" aria-level=\"1\"><span style=\"font-weight: 400;\">Validaci\u00f3n del instrumento<\/span><\/li>\n<li style=\"font-weight: 400;\" aria-level=\"1\"><span style=\"font-weight: 400;\">Especificaci\u00f3n del modelo CFA<\/span><\/li>\n<li style=\"font-weight: 400;\" aria-level=\"1\"><span style=\"font-weight: 400;\">Estimaci\u00f3n del modelo\u00a0 CFA<\/span><\/li>\n<li style=\"font-weight: 400;\" aria-level=\"1\"><span style=\"font-weight: 400;\">Validaci\u00f3n del modelo CFA<\/span><\/li>\n<li style=\"font-weight: 400;\" aria-level=\"1\"><span style=\"font-weight: 400;\">Interpretaci\u00f3n del modelo CFA<\/span><\/li>\n<\/ul>\n<\/li>\n<li><b>Modelos de estructuras de covarianza CB-SEM<\/b>\n<ul>\n<li style=\"font-weight: 400;\" aria-level=\"1\"><span style=\"font-weight: 400;\">Introducci\u00f3n<\/span><\/li>\n<li style=\"font-weight: 400;\" aria-level=\"1\"><span style=\"font-weight: 400;\">Especificaci\u00f3n del modelo CB-SEM<\/span><\/li>\n<li style=\"font-weight: 400;\" aria-level=\"1\"><span style=\"font-weight: 400;\">Estimaci\u00f3n del modelo CB-SEM<\/span><\/li>\n<li style=\"font-weight: 400;\" aria-level=\"1\"><span style=\"font-weight: 400;\">Validaci\u00f3n del modelo CB-SEM<\/span><\/li>\n<li style=\"font-weight: 400;\" aria-level=\"1\"><span style=\"font-weight: 400;\">Interpretaci\u00f3n del modelo CB-SEM<\/span><\/li>\n<\/ul>\n<\/li>\n<li><b>Modelos de estructuras de varianza PLS SEM<\/b>\n<ul>\n<li style=\"font-weight: 400;\" aria-level=\"1\"><span style=\"font-weight: 400;\">Introducci\u00f3n<\/span><\/li>\n<li style=\"font-weight: 400;\" aria-level=\"1\"><span style=\"font-weight: 400;\">Especificaci\u00f3n del modelo PLS SEM<\/span><\/li>\n<li style=\"font-weight: 400;\" aria-level=\"1\"><span style=\"font-weight: 400;\">Estimaci\u00f3n del modelo PLS SEM<\/span><\/li>\n<li style=\"font-weight: 400;\" aria-level=\"1\"><span style=\"font-weight: 400;\">Validaci\u00f3n del modelo PLS SEM<\/span><\/li>\n<li style=\"font-weight: 400;\" aria-level=\"1\"><span style=\"font-weight: 400;\">Interpretaci\u00f3n del modelo PLS SEM<\/span><\/li>\n<\/ul>\n<\/li>\n<li><b>Complementos de los modelos SEM<\/b>\n<ul>\n<li style=\"font-weight: 400;\" aria-level=\"1\"><span style=\"font-weight: 400;\">\u00bfPor qu\u00e9 utilizar los modelo SEM?<\/span><\/li>\n<li style=\"font-weight: 400;\" aria-level=\"1\"><span style=\"font-weight: 400;\">\u00bfDonde utilizar los modelos SEM?<\/span><\/li>\n<li style=\"font-weight: 400;\" aria-level=\"1\"><span style=\"font-weight: 400;\">\u00bfAbusos de los modelos SEM?<\/span><\/li>\n<li style=\"font-weight: 400;\" aria-level=\"1\"><span style=\"font-weight: 400;\">\u00bfQu\u00e9 software o lenguaje debo utilizar?<\/span><\/li>\n<\/ul>\n<\/li>\n<\/ul>\n","protected":false},"excerpt":{"rendered":"<h3>Capacitador<\/h3>\n<h4><b>Andr\u00e9s Alejandro Galvis Correa, MSc<\/b><\/h4>\n<p><span style=\"font-weight: 400;\">Ingeniero Financiero &#8211; Universidad de Medell\u00edn, M.Sc. Estad\u00edstica Aplicada &#8211; Escuela Polit\u00e9cnica Nacional (Cum Laude) y PhD(c) Modelaci\u00f3n Matem\u00e1tica y Computaci\u00f3n Cient\u00edfica \u2013 Universidad de Medell\u00edn. PhD(c) en Econom\u00eda del Desarrollo \u2013 Flacso. Es miembro del directorio y coordinador acad\u00e9mico de la Sociedad Ecuatoriana de Estad\u00edstica (SEE) desde al a\u00f1o 2013.<\/span><\/p>\n<p><span style=\"font-weight: 400;\">Cuenta con m\u00e1s de 15 a\u00f1os de experiencia en docencia universitaria en pregrado y posgrado, es docente e investigador a tiempo completo en la Universidad de las Fuerzas Armadas \u2013 ESPE y a medio tiempo en la Universidad de las Am\u00e9ricas \u2013 UDLA.<\/span><\/p>\n<p><span style=\"font-weight: 400;\">Tanto a nivel de pregrado y posgrado a dictado las siguientes materias: Teor\u00eda de la Probabilidad, Teor\u00eda de la Estimaci\u00f3n, Procesos Estoc\u00e1sticos, An\u00e1lisis y Dise\u00f1o de Experimentos, Econometr\u00eda Financiera, Finanzas Corporativas, Valoraci\u00f3n de Empresas, Mercado Burs\u00e1til, y Mercado de Futuros y Opciones.<\/span><\/p>\n<p><span style=\"font-weight: 400;\">Ha dirigido tesis de pregrado y posgrado tanto para universidades en Ecuador como en Colombia, lo cual le ha permitido realizar publicaciones indexadas a Scopus y Latindex en los campos de Medicina, Odontolog\u00eda, Econom\u00eda, Ingenier\u00eda y Finanzas.<\/span><\/p>\n<p><span style=\"font-weight: 400;\">En la parte privada, es consultor en el campo de investigaci\u00f3n por muestreo, dise\u00f1o y an\u00e1lisis de experimentos, medici\u00f3n del riesgo financiero, valoraci\u00f3n de empresas, y validaci\u00f3n de instrumentos de medici\u00f3n y metodolog\u00edas para el levantamiento de datos.<\/span><\/p>\n","protected":false},"featured_media":2116,"template":"","meta":{"nf_dc_page":"","content-type":"","om_disable_all_campaigns":false,"_uag_custom_page_level_css":"","_monsterinsights_skip_tracking":false,"_monsterinsights_sitenote_active":false,"_monsterinsights_sitenote_note":"","_monsterinsights_sitenote_category":0,"_uf_show_specific_survey":0,"_uf_disable_surveys":false},"product_brand":[],"product_cat":[28,36],"product_tag":[],"class_list":{"0":"post-2055","1":"product","2":"type-product","3":"status-publish","4":"has-post-thumbnail","6":"product_cat-estadistica-aplicada","7":"product_cat-investigacion","9":"first","10":"outofstock","11":"shipping-taxable","12":"product-type-simple"},"aioseo_notices":[],"uagb_featured_image_src":{"full":["https:\/\/i0.wp.com\/see-ec.org\/wordpress\/wp-content\/uploads\/2023\/11\/ANALISIS-DE-RELACIONAS-CAUSALES-Y-ECUACIONES-ESTRUCTURALES-1.png?fit=1000%2C1000&ssl=1",1000,1000,false],"thumbnail":["https:\/\/i0.wp.com\/see-ec.org\/wordpress\/wp-content\/uploads\/2023\/11\/ANALISIS-DE-RELACIONAS-CAUSALES-Y-ECUACIONES-ESTRUCTURALES-1.png?resize=150%2C150&ssl=1",150,150,true],"medium":["https:\/\/i0.wp.com\/see-ec.org\/wordpress\/wp-content\/uploads\/2023\/11\/ANALISIS-DE-RELACIONAS-CAUSALES-Y-ECUACIONES-ESTRUCTURALES-1.png?fit=300%2C300&ssl=1",300,300,true],"medium_large":["https:\/\/i0.wp.com\/see-ec.org\/wordpress\/wp-content\/uploads\/2023\/11\/ANALISIS-DE-RELACIONAS-CAUSALES-Y-ECUACIONES-ESTRUCTURALES-1.png?fit=678%2C678&ssl=1",678,678,true],"large":["https:\/\/i0.wp.com\/see-ec.org\/wordpress\/wp-content\/uploads\/2023\/11\/ANALISIS-DE-RELACIONAS-CAUSALES-Y-ECUACIONES-ESTRUCTURALES-1.png?fit=678%2C678&ssl=1",678,678,true],"1536x1536":["https:\/\/i0.wp.com\/see-ec.org\/wordpress\/wp-content\/uploads\/2023\/11\/ANALISIS-DE-RELACIONAS-CAUSALES-Y-ECUACIONES-ESTRUCTURALES-1.png?fit=1000%2C1000&ssl=1",1000,1000,true],"2048x2048":["https:\/\/i0.wp.com\/see-ec.org\/wordpress\/wp-content\/uploads\/2023\/11\/ANALISIS-DE-RELACIONAS-CAUSALES-Y-ECUACIONES-ESTRUCTURALES-1.png?fit=1000%2C1000&ssl=1",1000,1000,true],"post-thumbnail":["https:\/\/i0.wp.com\/see-ec.org\/wordpress\/wp-content\/uploads\/2023\/11\/ANALISIS-DE-RELACIONAS-CAUSALES-Y-ECUACIONES-ESTRUCTURALES-1.png?resize=150%2C150&ssl=1",150,150,true],"gurukul-related":["https:\/\/i0.wp.com\/see-ec.org\/wordpress\/wp-content\/uploads\/2023\/11\/ANALISIS-DE-RELACIONAS-CAUSALES-Y-ECUACIONES-ESTRUCTURALES-1.png?resize=200%2C125&ssl=1",200,125,true],"woocommerce_thumbnail":["https:\/\/see-ec.org\/wordpress\/wp-content\/uploads\/2023\/11\/ANALISIS-DE-RELACIONAS-CAUSALES-Y-ECUACIONES-ESTRUCTURALES-1-300x300.png",300,300,true],"woocommerce_single":["https:\/\/see-ec.org\/wordpress\/wp-content\/uploads\/2023\/11\/ANALISIS-DE-RELACIONAS-CAUSALES-Y-ECUACIONES-ESTRUCTURALES-1.png",600,600,false],"woocommerce_gallery_thumbnail":["https:\/\/see-ec.org\/wordpress\/wp-content\/uploads\/2023\/11\/ANALISIS-DE-RELACIONAS-CAUSALES-Y-ECUACIONES-ESTRUCTURALES-1-100x100.png",100,100,true]},"uagb_author_info":{"display_name":"see.ecuador2","author_link":"https:\/\/see-ec.org\/wordpress\/author\/"},"uagb_comment_info":0,"uagb_excerpt":"Capacitador Andr\u00e9s Alejandro Galvis Correa, MSc Ingeniero Financiero - Universidad de Medell\u00edn, M.Sc. Estad\u00edstica Aplicada - Escuela Polit\u00e9cnica Nacional (Cum Laude) y PhD(c) Modelaci\u00f3n Matem\u00e1tica y Computaci\u00f3n Cient\u00edfica \u2013 Universidad de Medell\u00edn. PhD(c) en Econom\u00eda del Desarrollo \u2013 Flacso. Es miembro del directorio y coordinador acad\u00e9mico de la Sociedad Ecuatoriana de Estad\u00edstica (SEE) desde al&hellip;","jetpack_sharing_enabled":true,"_links":{"self":[{"href":"https:\/\/see-ec.org\/wordpress\/wp-json\/wp\/v2\/product\/2055","targetHints":{"allow":["GET"]}}],"collection":[{"href":"https:\/\/see-ec.org\/wordpress\/wp-json\/wp\/v2\/product"}],"about":[{"href":"https:\/\/see-ec.org\/wordpress\/wp-json\/wp\/v2\/types\/product"}],"wp:featuredmedia":[{"embeddable":true,"href":"https:\/\/see-ec.org\/wordpress\/wp-json\/wp\/v2\/media\/2116"}],"wp:attachment":[{"href":"https:\/\/see-ec.org\/wordpress\/wp-json\/wp\/v2\/media?parent=2055"}],"wp:term":[{"taxonomy":"product_brand","embeddable":true,"href":"https:\/\/see-ec.org\/wordpress\/wp-json\/wp\/v2\/product_brand?post=2055"},{"taxonomy":"product_cat","embeddable":true,"href":"https:\/\/see-ec.org\/wordpress\/wp-json\/wp\/v2\/product_cat?post=2055"},{"taxonomy":"product_tag","embeddable":true,"href":"https:\/\/see-ec.org\/wordpress\/wp-json\/wp\/v2\/product_tag?post=2055"}],"curies":[{"name":"wp","href":"https:\/\/api.w.org\/{rel}","templated":true}]}}