{"id":2049,"date":"2023-11-27T16:09:09","date_gmt":"2023-11-27T16:09:09","guid":{"rendered":"https:\/\/see-ec.org\/wordpress\/?post_type=product&#038;p=2049"},"modified":"2025-03-12T14:20:23","modified_gmt":"2025-03-12T19:20:23","slug":"analisis-de-redes-sociales-usando-pln-machine-learnig-bases-de-datos","status":"publish","type":"product","link":"https:\/\/see-ec.org\/wordpress\/producto\/analisis-de-redes-sociales-usando-pln-machine-learnig-bases-de-datos\/","title":{"rendered":"An\u00e1lisis de redes sociales usando PLN, Machine Learning, Bases de datos"},"content":{"rendered":"<p><span style=\"font-weight: 400;\">El procesamiento natural del lenguaje (NLP) es un campo de la inteligencia artificial enfocado en hacer que las m\u00e1quinas entiendan, interpreten y manipulen el lenguaje humano. Sus aplicaciones son varias y van desde el mineo de texto, el an\u00e1lisis de sentimientos hasta la creaci\u00f3n de chatbots. En este curso aprender\u00e1s m\u00e1s sobre este maravilloso mundo al aplicar t\u00e9cnicas de procesamiento de texto para preparar los datos a fin de modelarlos con distintas t\u00e9cnicas de machine learning y deep learning. Se analizar\u00e1n conversaciones en twitter y aprenderemos a almacenar la informaci\u00f3n en Bases de Datos para su consumo. <\/span><\/p>\n<h3>Contenido<\/h3>\n<ul>\n<li><span style=\"font-weight: 400;\">Introducci\u00f3n al aprendizaje autom\u00e1tico<\/span><\/li>\n<li><span style=\"font-weight: 400;\">Revisi\u00f3n de definiciones y conceptos necesarios en aprendizaje supervisado y no supervisado<\/span><\/li>\n<li><span style=\"font-weight: 400;\">T\u00e9cnicas de aprendizaje no supervisado para datos de texto (programaci\u00f3n en R, ejercicios pr\u00e1cticos)<\/span><\/li>\n<li><span style=\"font-weight: 400;\">T\u00e9cnicas de aprendizaje supervisado para datos de texto (programaci\u00f3n en R, ejercicios pr\u00e1cticos)<\/span><\/li>\n<li><span style=\"font-weight: 400;\">Introducci\u00f3n al aprendizaje profundo centrado en los modelos de lenguaje con redes neuronales recurrentes<\/span><\/li>\n<li><span style=\"font-weight: 400;\">Introducci\u00f3n a los modelos secuencia a secuencia (programaci\u00f3n en R con Keras y Tensorflow, ejercicios pr\u00e1cticos)<\/span><\/li>\n<li><span style=\"font-weight: 400;\">C\u00f3mo obtener una cuenta de developer de Twitter<\/span><\/li>\n<li><span style=\"font-weight: 400;\">Extracci\u00f3n de informaci\u00f3n usando la librer\u00eda rtweet<\/span><\/li>\n<li><span style=\"font-weight: 400;\">Generaci\u00f3n de gr\u00e1ficas a partir de la informaci\u00f3n de tweets<\/span><\/li>\n<li><span style=\"font-weight: 400;\">Almacenamiento de datos en una base MySQL ( Introducci\u00f3n a lenguaje SQL )<\/span><\/li>\n<li><span style=\"font-weight: 400;\">Elaboraci\u00f3n de un dashboard en shinny con gr\u00e1ficas para an\u00e1lisis, usando MySQL como fuente de datos<\/span><\/li>\n<li><span style=\"font-weight: 400;\">Introducci\u00f3n a Amazon LightSail y Base de Datos en la nube<\/span><\/li>\n<\/ul>\n","protected":false},"excerpt":{"rendered":"<h3>Capacitadores<\/h3>\n<h3><b>Roberto Esteves, Ing.<\/b><\/h3>\n<p><span style=\"font-weight: 400;\">Ing. Sistemas por vocaci\u00f3n y marketero por decisi\u00f3n, tiene 20 a\u00f1os de experiencia en Marketing Digital en banca, junto a manejo de innovaci\u00f3n y tecnolog\u00eda en \u00e1reas como medios de comunicaci\u00f3n y empresas de telecomunicaciones<\/span><\/p>\n<p><span style=\"font-weight: 400;\">Subdirector del n\u00facleo Guayas de la Sociedad Ecuatoriana de Estad\u00edstica, cuenta con un Nanodegree de Udacity en Data Science, certificado por la SEE, IBM, Platzi en Ciencia de Datos.<\/span><\/p>\n<p><span style=\"font-weight: 400;\">Consultor de marketing y comunicaci\u00f3n, se ha dedicado al estudio del comportamiento de los usuarios en redes sociales para encontrar insights que permitan elaborar mejores campa\u00f1as<\/span><span style=\"font-weight: 400;\">.\u00a0<\/span><\/p>\n<h3><b>Hugo Porras, Ing.<\/b><\/h3>\n<p><span style=\"font-weight: 400;\">Es Ingeniero en Ciencias Econ\u00f3micas y Financieras de la Escuela Polit\u00e9cnica Nacional, actualmente trabaja como especialista en anal\u00edtica avanzada en Banco del Pac\u00edfico.<\/span><\/p>\n<p><span style=\"font-weight: 400;\">Trabaja como consultor independiente en temas relacionados al Real state finance, cuenta con 3 publicaciones en revistas indexadas, ha dictado cursos junto con el club de econometr\u00eda y de la asociaci\u00f3n de estudiantes de Ciencias Econ\u00f3micas Financieras de la EPN. Sus principales campos de inter\u00e9s son la ciencia de datos, econom\u00eda, la econom\u00eda geogr\u00e1fica, organizaci\u00f3n industrial y finanzas<\/span><\/p>\n","protected":false},"featured_media":2118,"template":"","meta":{"nf_dc_page":"","content-type":"","om_disable_all_campaigns":false,"_uag_custom_page_level_css":"","_monsterinsights_skip_tracking":false,"_monsterinsights_sitenote_active":false,"_monsterinsights_sitenote_note":"","_monsterinsights_sitenote_category":0,"_uf_show_specific_survey":0,"_uf_disable_surveys":false},"product_brand":[],"product_cat":[35,45],"product_tag":[],"class_list":{"0":"post-2049","1":"product","2":"type-product","3":"status-publish","4":"has-post-thumbnail","6":"product_cat-data-science","7":"product_cat-sql","9":"first","10":"outofstock","11":"shipping-taxable","12":"product-type-simple"},"aioseo_notices":[],"uagb_featured_image_src":{"full":["https:\/\/i0.wp.com\/see-ec.org\/wordpress\/wp-content\/uploads\/2023\/11\/ANALISIS-DE-REDES-SOCIALES-USANDO-PLN-MACHINE-LEARNIG-BASES-DE-DATOS-1.png?fit=1000%2C1000&ssl=1",1000,1000,false],"thumbnail":["https:\/\/i0.wp.com\/see-ec.org\/wordpress\/wp-content\/uploads\/2023\/11\/ANALISIS-DE-REDES-SOCIALES-USANDO-PLN-MACHINE-LEARNIG-BASES-DE-DATOS-1.png?resize=150%2C150&ssl=1",150,150,true],"medium":["https:\/\/i0.wp.com\/see-ec.org\/wordpress\/wp-content\/uploads\/2023\/11\/ANALISIS-DE-REDES-SOCIALES-USANDO-PLN-MACHINE-LEARNIG-BASES-DE-DATOS-1.png?fit=300%2C300&ssl=1",300,300,true],"medium_large":["https:\/\/i0.wp.com\/see-ec.org\/wordpress\/wp-content\/uploads\/2023\/11\/ANALISIS-DE-REDES-SOCIALES-USANDO-PLN-MACHINE-LEARNIG-BASES-DE-DATOS-1.png?fit=678%2C678&ssl=1",678,678,true],"large":["https:\/\/i0.wp.com\/see-ec.org\/wordpress\/wp-content\/uploads\/2023\/11\/ANALISIS-DE-REDES-SOCIALES-USANDO-PLN-MACHINE-LEARNIG-BASES-DE-DATOS-1.png?fit=678%2C678&ssl=1",678,678,true],"1536x1536":["https:\/\/i0.wp.com\/see-ec.org\/wordpress\/wp-content\/uploads\/2023\/11\/ANALISIS-DE-REDES-SOCIALES-USANDO-PLN-MACHINE-LEARNIG-BASES-DE-DATOS-1.png?fit=1000%2C1000&ssl=1",1000,1000,true],"2048x2048":["https:\/\/i0.wp.com\/see-ec.org\/wordpress\/wp-content\/uploads\/2023\/11\/ANALISIS-DE-REDES-SOCIALES-USANDO-PLN-MACHINE-LEARNIG-BASES-DE-DATOS-1.png?fit=1000%2C1000&ssl=1",1000,1000,true],"post-thumbnail":["https:\/\/i0.wp.com\/see-ec.org\/wordpress\/wp-content\/uploads\/2023\/11\/ANALISIS-DE-REDES-SOCIALES-USANDO-PLN-MACHINE-LEARNIG-BASES-DE-DATOS-1.png?resize=150%2C150&ssl=1",150,150,true],"gurukul-related":["https:\/\/i0.wp.com\/see-ec.org\/wordpress\/wp-content\/uploads\/2023\/11\/ANALISIS-DE-REDES-SOCIALES-USANDO-PLN-MACHINE-LEARNIG-BASES-DE-DATOS-1.png?resize=200%2C125&ssl=1",200,125,true],"woocommerce_thumbnail":["https:\/\/see-ec.org\/wordpress\/wp-content\/uploads\/2023\/11\/ANALISIS-DE-REDES-SOCIALES-USANDO-PLN-MACHINE-LEARNIG-BASES-DE-DATOS-1-300x300.png",300,300,true],"woocommerce_single":["https:\/\/see-ec.org\/wordpress\/wp-content\/uploads\/2023\/11\/ANALISIS-DE-REDES-SOCIALES-USANDO-PLN-MACHINE-LEARNIG-BASES-DE-DATOS-1.png",600,600,false],"woocommerce_gallery_thumbnail":["https:\/\/see-ec.org\/wordpress\/wp-content\/uploads\/2023\/11\/ANALISIS-DE-REDES-SOCIALES-USANDO-PLN-MACHINE-LEARNIG-BASES-DE-DATOS-1-100x100.png",100,100,true]},"uagb_author_info":{"display_name":"see.ecuador2","author_link":"https:\/\/see-ec.org\/wordpress\/author\/"},"uagb_comment_info":0,"uagb_excerpt":"Capacitadores Roberto Esteves, Ing. Ing. Sistemas por vocaci\u00f3n y marketero por decisi\u00f3n, tiene 20 a\u00f1os de experiencia en Marketing Digital en banca, junto a manejo de innovaci\u00f3n y tecnolog\u00eda en \u00e1reas como medios de comunicaci\u00f3n y empresas de telecomunicaciones Subdirector del n\u00facleo Guayas de la Sociedad Ecuatoriana de Estad\u00edstica, cuenta con un Nanodegree de Udacity&hellip;","jetpack_sharing_enabled":true,"_links":{"self":[{"href":"https:\/\/see-ec.org\/wordpress\/wp-json\/wp\/v2\/product\/2049","targetHints":{"allow":["GET"]}}],"collection":[{"href":"https:\/\/see-ec.org\/wordpress\/wp-json\/wp\/v2\/product"}],"about":[{"href":"https:\/\/see-ec.org\/wordpress\/wp-json\/wp\/v2\/types\/product"}],"wp:featuredmedia":[{"embeddable":true,"href":"https:\/\/see-ec.org\/wordpress\/wp-json\/wp\/v2\/media\/2118"}],"wp:attachment":[{"href":"https:\/\/see-ec.org\/wordpress\/wp-json\/wp\/v2\/media?parent=2049"}],"wp:term":[{"taxonomy":"product_brand","embeddable":true,"href":"https:\/\/see-ec.org\/wordpress\/wp-json\/wp\/v2\/product_brand?post=2049"},{"taxonomy":"product_cat","embeddable":true,"href":"https:\/\/see-ec.org\/wordpress\/wp-json\/wp\/v2\/product_cat?post=2049"},{"taxonomy":"product_tag","embeddable":true,"href":"https:\/\/see-ec.org\/wordpress\/wp-json\/wp\/v2\/product_tag?post=2049"}],"curies":[{"name":"wp","href":"https:\/\/api.w.org\/{rel}","templated":true}]}}