{"id":2015,"date":"2023-11-23T20:25:23","date_gmt":"2023-11-23T20:25:23","guid":{"rendered":"https:\/\/see-ec.org\/wordpress\/?post_type=product&#038;p=2015"},"modified":"2025-03-12T14:19:35","modified_gmt":"2025-03-12T19:19:35","slug":"aplicando-data-science-en-marketing-de-la-teoria-a-la-practica","status":"publish","type":"product","link":"https:\/\/see-ec.org\/wordpress\/producto\/aplicando-data-science-en-marketing-de-la-teoria-a-la-practica\/","title":{"rendered":"Aplicando Data Science en marketing, de la teor\u00eda a la pr\u00e1ctica"},"content":{"rendered":"<p>La Ciencia de Datos tiene el potencial de revolucionar el marketing, tanto como lo hicieron los dispositivos m\u00f3viles, Internet y la televisi\u00f3n. Hoy por hoy, las empresas con visi\u00f3n de futuro est\u00e1n utilizando sus herramientas para sacarle el m\u00e1ximo partido a sus estrategias. As\u00ed, se vuelven pioneras en aprovechar la capacidad de esta tecnolog\u00eda para simplificar los datos, obtener informaci\u00f3n valiosa sobre los usuarios y captar su atenci\u00f3n de formas muy relevantes<\/p>\n<h4>Contenido:<\/h4>\n<ul>\n<li>Ventajas de la ciencia de datos en el marketing<\/li>\n<li>Ejemplos y aplicaciones<\/li>\n<li>Ciclo de vida de un proyecto de Ciencia de Datos<\/li>\n<li>Introducci\u00f3n a Python<\/li>\n<li>Carga de datos diferentes Fuentes<\/li>\n<li>Limpieza de datos<\/li>\n<li>EDA ( Exploratory Data Analisis )<\/li>\n<li>Talleres:\n<ul>\n<li>\u00c1rboles de decisi\u00f3n para entender comportamientos de los clientes<\/li>\n<li>NPL para Redes Sociales<\/li>\n<li>Marketing Mix, modelos de regresi\u00f3n para obtener una proyecci\u00f3n de ventas<\/li>\n<li>Creaci\u00f3n de una campa\u00f1a publicitaria<\/li>\n<\/ul>\n<\/li>\n<\/ul>\n","protected":false},"excerpt":{"rendered":"<h3>Capacitador<\/h3>\n<h4>Roberto Esteves, Ing.<\/h4>\n<p>Ing. Sistemas por vocaci\u00f3n y marketero por decisi\u00f3n, tiene +20 a\u00f1os de experiencia en Marketing Digital en banca, junto a manejo de innovaci\u00f3n y tecnolog\u00eda en \u00e1reas como medios de comunicaci\u00f3n y empresas de telecomunicaciones. Subdirector del n\u00facleo Guayas de la Sociedad Ecuatoriana de Estad\u00edstica, cuenta con un Nanodegree de Udacity en Data Science, certificado por la SEE, IBM, Platzi en Ciencia de Datos.<br \/>\nConsultor de marketing y comunicaci\u00f3n, se ha dedicado al estudio del comportamiento de los usuarios en redes sociales para encontrar insights que permitan elaborar mejores campa\u00f1as.<\/p>\n","protected":false},"featured_media":2119,"template":"","meta":{"nf_dc_page":"","content-type":"","om_disable_all_campaigns":false,"_uag_custom_page_level_css":"","_monsterinsights_skip_tracking":false,"_monsterinsights_sitenote_active":false,"_monsterinsights_sitenote_note":"","_monsterinsights_sitenote_category":0,"_uf_show_specific_survey":0,"_uf_disable_surveys":false},"product_brand":[],"product_cat":[35,28],"product_tag":[53,54],"class_list":{"0":"post-2015","1":"product","2":"type-product","3":"status-publish","4":"has-post-thumbnail","6":"product_cat-data-science","7":"product_cat-estadistica-aplicada","8":"product_tag-data-science","9":"product_tag-estadistica-aplicada","11":"first","12":"outofstock","13":"virtual","14":"product-type-simple"},"aioseo_notices":[],"uagb_featured_image_src":{"full":["https:\/\/i0.wp.com\/see-ec.org\/wordpress\/wp-content\/uploads\/2023\/11\/APLICANDO-DATA-SCIENCE-EN-MARKETING-DE-LA-TEORIA-A-LA-PRACTICA.png?fit=1000%2C1000&ssl=1",1000,1000,false],"thumbnail":["https:\/\/i0.wp.com\/see-ec.org\/wordpress\/wp-content\/uploads\/2023\/11\/APLICANDO-DATA-SCIENCE-EN-MARKETING-DE-LA-TEORIA-A-LA-PRACTICA.png?resize=150%2C150&ssl=1",150,150,true],"medium":["https:\/\/i0.wp.com\/see-ec.org\/wordpress\/wp-content\/uploads\/2023\/11\/APLICANDO-DATA-SCIENCE-EN-MARKETING-DE-LA-TEORIA-A-LA-PRACTICA.png?fit=300%2C300&ssl=1",300,300,true],"medium_large":["https:\/\/i0.wp.com\/see-ec.org\/wordpress\/wp-content\/uploads\/2023\/11\/APLICANDO-DATA-SCIENCE-EN-MARKETING-DE-LA-TEORIA-A-LA-PRACTICA.png?fit=678%2C678&ssl=1",678,678,true],"large":["https:\/\/i0.wp.com\/see-ec.org\/wordpress\/wp-content\/uploads\/2023\/11\/APLICANDO-DATA-SCIENCE-EN-MARKETING-DE-LA-TEORIA-A-LA-PRACTICA.png?fit=678%2C678&ssl=1",678,678,true],"1536x1536":["https:\/\/i0.wp.com\/see-ec.org\/wordpress\/wp-content\/uploads\/2023\/11\/APLICANDO-DATA-SCIENCE-EN-MARKETING-DE-LA-TEORIA-A-LA-PRACTICA.png?fit=1000%2C1000&ssl=1",1000,1000,true],"2048x2048":["https:\/\/i0.wp.com\/see-ec.org\/wordpress\/wp-content\/uploads\/2023\/11\/APLICANDO-DATA-SCIENCE-EN-MARKETING-DE-LA-TEORIA-A-LA-PRACTICA.png?fit=1000%2C1000&ssl=1",1000,1000,true],"post-thumbnail":["https:\/\/i0.wp.com\/see-ec.org\/wordpress\/wp-content\/uploads\/2023\/11\/APLICANDO-DATA-SCIENCE-EN-MARKETING-DE-LA-TEORIA-A-LA-PRACTICA.png?resize=150%2C150&ssl=1",150,150,true],"gurukul-related":["https:\/\/i0.wp.com\/see-ec.org\/wordpress\/wp-content\/uploads\/2023\/11\/APLICANDO-DATA-SCIENCE-EN-MARKETING-DE-LA-TEORIA-A-LA-PRACTICA.png?resize=200%2C125&ssl=1",200,125,true],"woocommerce_thumbnail":["https:\/\/see-ec.org\/wordpress\/wp-content\/uploads\/2023\/11\/APLICANDO-DATA-SCIENCE-EN-MARKETING-DE-LA-TEORIA-A-LA-PRACTICA-300x300.png",300,300,true],"woocommerce_single":["https:\/\/see-ec.org\/wordpress\/wp-content\/uploads\/2023\/11\/APLICANDO-DATA-SCIENCE-EN-MARKETING-DE-LA-TEORIA-A-LA-PRACTICA.png",600,600,false],"woocommerce_gallery_thumbnail":["https:\/\/see-ec.org\/wordpress\/wp-content\/uploads\/2023\/11\/APLICANDO-DATA-SCIENCE-EN-MARKETING-DE-LA-TEORIA-A-LA-PRACTICA-100x100.png",100,100,true]},"uagb_author_info":{"display_name":"see.ecuador2","author_link":"https:\/\/see-ec.org\/wordpress\/author\/"},"uagb_comment_info":0,"uagb_excerpt":"Capacitador Roberto Esteves, Ing. Ing. Sistemas por vocaci\u00f3n y marketero por decisi\u00f3n, tiene +20 a\u00f1os de experiencia en Marketing Digital en banca, junto a manejo de innovaci\u00f3n y tecnolog\u00eda en \u00e1reas como medios de comunicaci\u00f3n y empresas de telecomunicaciones. Subdirector del n\u00facleo Guayas de la Sociedad Ecuatoriana de Estad\u00edstica, cuenta con un Nanodegree de Udacity&hellip;","jetpack_sharing_enabled":true,"_links":{"self":[{"href":"https:\/\/see-ec.org\/wordpress\/wp-json\/wp\/v2\/product\/2015","targetHints":{"allow":["GET"]}}],"collection":[{"href":"https:\/\/see-ec.org\/wordpress\/wp-json\/wp\/v2\/product"}],"about":[{"href":"https:\/\/see-ec.org\/wordpress\/wp-json\/wp\/v2\/types\/product"}],"wp:featuredmedia":[{"embeddable":true,"href":"https:\/\/see-ec.org\/wordpress\/wp-json\/wp\/v2\/media\/2119"}],"wp:attachment":[{"href":"https:\/\/see-ec.org\/wordpress\/wp-json\/wp\/v2\/media?parent=2015"}],"wp:term":[{"taxonomy":"product_brand","embeddable":true,"href":"https:\/\/see-ec.org\/wordpress\/wp-json\/wp\/v2\/product_brand?post=2015"},{"taxonomy":"product_cat","embeddable":true,"href":"https:\/\/see-ec.org\/wordpress\/wp-json\/wp\/v2\/product_cat?post=2015"},{"taxonomy":"product_tag","embeddable":true,"href":"https:\/\/see-ec.org\/wordpress\/wp-json\/wp\/v2\/product_tag?post=2015"}],"curies":[{"name":"wp","href":"https:\/\/api.w.org\/{rel}","templated":true}]}}